{"id":102358,"date":"2019-06-19T16:05:55","date_gmt":"2019-06-19T14:05:55","guid":{"rendered":"https:\/\/lesaintlaurentvape.com\/produit\/vaptio-cosmo-kit\/"},"modified":"2020-10-31T21:02:16","modified_gmt":"2020-10-31T20:02:16","slug":"vaptio-cosmo-kit","status":"publish","type":"product","link":"https:\/\/lesaintlaurentvape.com\/en\/produit\/vaptio-cosmo-kit\/","title":{"rendered":"Vaptio &#8211; Cosmo Kit"},"content":{"rendered":"<p><span style=\"color: #ffffff;\">Vaptio &#8211; Cosmo Kit<\/span><\/p>\n<p>Le Kit de Cosmo de Vaptio, une e cigarette simple d&#8217;acc\u00e8s pour les n\u00e9ophytes de la vape !<\/p>\n<p>Avec un design \u00e9l\u00e9gant et des dimensions mini, la Cosmo tient aussi bien dans le creux de la main que dans une poche de Jeans.<\/p>\n<p>Le clearomiseur 2ml de la Cosmo n&#8217;en reste pas moins polyvalent. Aussi capable de produire une grosse vapeur en inhalation directe ou une vape plut\u00f4t orient\u00e9 saveur en inhalation indirecte gr\u00e2ce \u00e0 un grand choix de r\u00e9sistances compatibles.<\/p>\n<p>En effet, vous aurez le choix entre les r\u00e9sistances Cosmo Coil DL (0.7 Ohm) pour le l&#8217;inhalation directe et les r\u00e9sistances MTL (inhalation indirecte) en 1.60 ohm. Petit plus: le clearomiseur cosmo est \u00e9galement compatible avec les r\u00e9sistances BVC de Nautilus, reconnues pour leur long\u00e9vit\u00e9 et leur bonne dur\u00e9e de vie.<\/p>\n<p>C\u00f4t\u00e9 box \u00e9lectronique, la cosmo offre un mod\u00e8le endurant (1500mAh) et simple d&#8217;acc\u00e8s. La Cosmo propose 3 options de puissance: petite (L), moyenne (M) et grosse vapeur (H) pouvant pousser jusqu&#8217;\u00e0 30W de puissance. La Cosmo est rechargeable rapidement via le c\u00e2ble micro usb fourni dans le kit.<\/p>\n<p>Des dimensions avantageuses, une simplicit\u00e9 enfantine, le kit Cosmo de Vaptio propose une vape sans complexe et sans complication. Un rapport qualit\u00e9\/prix excellent pour une ecigarette tout-en-un tous publics, id\u00e9al pour d\u00e9buter la vape.<\/p>\n<p>Produit original Vaptio.<\/p>\n<p><a href=\"https:\/\/www.vaptio.com\/\">Site du fournisseur.<\/a><\/p>\n<p><a href=\"https:\/\/dscvape.fr\/vaptio-2\/\">Les autres produits Vaptio sur notre site.<\/a><\/p>\n<p><span style=\"color: #ffffff;\">Cependant, alors, aussi, cependant, alors.<\/span><\/p>\n","protected":false},"excerpt":{"rendered":"<p>Le Kit de Cosmo de Vaptio, une e cigarette simple d&#8217;acc\u00e8s pour les n\u00e9ophytes de la vape !<\/p>\n<p>PVC TTC : 44.90\u20ac<\/p>\n<p><a href=\"https:\/\/dscvape.fr\/wp-content\/uploads\/2019\/06\/Aide-\u00e0-la-vente-Vaptio-Cosmo-Kit.pdf\">Aide \u00e0 la vente Vaptio Cosmo Kit<\/a><\/p>\n","protected":false},"featured_media":76577,"comment_status":"closed","ping_status":"closed","template":"","meta":[],"marques":[7866],"bundle_layout":"","bundled_by":[],"bundled_items":[],"supplier_id":null,"supplier_sku":"","atum_controlled":true,"out_stock_date":null,"out_stock_threshold":null,"inheritable":false,"inbound_stock":null,"stock_on_hold":null,"sold_today":null,"sales_last_days":null,"reserved_stock":null,"customer_returns":null,"warehouse_damage":null,"lost_in_post":null,"other_logs":null,"out_stock_days":null,"lost_sales":null,"has_location":null,"update_date":null,"atum_locations":[],"atum_stock_status":"instock","low_stock":false,"mi_inventories":[],"multi_inventory":null,"inventory_sorting_mode":null,"inventory_iteration":null,"expirable_inventories":null,"price_per_inventory":null,"_links":{"self":[{"href":"https:\/\/lesaintlaurentvape.com\/en\/wp-json\/wp\/v2\/product\/102358\/"}],"collection":[{"href":"https:\/\/lesaintlaurentvape.com\/en\/wp-json\/wp\/v2\/product\/"}],"about":[{"href":"https:\/\/lesaintlaurentvape.com\/en\/wp-json\/wp\/v2\/types\/product\/"}],"replies":[{"embeddable":true,"href":"https:\/\/lesaintlaurentvape.com\/en\/wp-json\/wp\/v2\/comments\/?post=102358"}],"wp:featuredmedia":[{"embeddable":true,"href":"https:\/\/lesaintlaurentvape.com\/en\/wp-json\/wp\/v2\/media\/76577\/"}],"wp:attachment":[{"href":"https:\/\/lesaintlaurentvape.com\/en\/wp-json\/wp\/v2\/media\/?parent=102358"}],"wp:term":[{"taxonomy":"marques","embeddable":true,"href":"https:\/\/lesaintlaurentvape.com\/en\/wp-json\/wp\/v2\/marques\/?post=102358"}],"curies":[{"name":"wp","href":"https:\/\/api.w.org\/{rel}","templated":true}]}}