{"id":102355,"date":"2019-06-19T14:02:53","date_gmt":"2019-06-19T12:02:53","guid":{"rendered":"https:\/\/lesaintlaurentvape.com\/produit\/vaporesso-nrg-se-tank-35ml\/"},"modified":"2020-10-31T21:09:13","modified_gmt":"2020-10-31T20:09:13","slug":"vaporesso-nrg-se-tank-35ml","status":"publish","type":"product","link":"https:\/\/lesaintlaurentvape.com\/en\/produit\/vaporesso-nrg-se-tank-35ml\/","title":{"rendered":"Vaporesso NRG SE Tank (3,5ml)"},"content":{"rendered":"<p><span style=\"color: #ffffff;\">Vaporesso NRG Tank<\/span><\/p>\n<h2 style=\"text-align: center;\">DESCRIPTION D\u00c9TAILL\u00c9E:<\/h2>\n<p><img loading=\"lazy\" class=\"aligncenter size-full wp-image-4235\" src=\"https:\/\/dscvape.fr\/wp-content\/uploads\/2018\/11\/NRG-Tank-d\u00e9tail-vapo.png\" alt=\"\" width=\"1246\" height=\"636\" \/><\/p>\n<p>&nbsp;<\/p>\n<p style=\"text-align: center;\"><strong><u>Remplissage simple<\/u><\/strong><\/p>\n<p style=\"text-align: center;\">Vaporesso propose avec son clearomiseur DL une mani\u00e8re de remplir toujours plus simple pour am\u00e9liorer votre exp\u00e9rience de vape au quotidien. En effet, le remplissage du NRG SE Tank se fait en faisant coulisser le top cap, celui-ci laisse appareil un orifice d\u00e9di\u00e9 au remplissage. Vous allez pouvoir remplir votre r\u00e9servoir sans vous en mettre plein les mains ou craindre des fuites.<\/p>\n<p><img loading=\"lazy\" class=\"aligncenter size-full wp-image-3878\" src=\"https:\/\/dscvape.fr\/wp-content\/uploads\/2018\/11\/Remplissage-5.png\" alt=\"\" width=\"432\" height=\"459\" \/><\/p>\n<p style=\"text-align: center;\"><strong><u>Un airflow \u00e0 deux ouvertures<\/u><\/strong><\/p>\n<p style=\"text-align: center;\">Ce clearomiseur permet \u00e9galement de r\u00e9gler la quantit\u00e9 d&#8217;air avec un bague situ\u00e9 sur le bottom cap. C&#8217;est un airflow \u00e0 deux ouvertures pour une vape toujours plus intense et des nuages de fum\u00e9e encore plus denses.<\/p>\n<p><img loading=\"lazy\" class=\"aligncenter wp-image-4014 size-full\" src=\"https:\/\/dscvape.fr\/wp-content\/uploads\/2018\/11\/Airflow-nrg.png\" alt=\"Vaporesso NRG\" width=\"724\" height=\"362\" \/><\/p>\n<p style=\"text-align: center;\"><strong><u>R\u00e9sistance GT Meshed coil<\/u><\/strong><\/p>\n<p><img loading=\"lazy\" class=\"aligncenter wp-image-3733 size-full\" src=\"https:\/\/dscvape.fr\/wp-content\/uploads\/2018\/11\/GT-CoreCOIL.png\" alt=\"Vaporesso NRG\" width=\"1602\" height=\"501\" \/><\/p>\n<p>&nbsp;<\/p>\n<p class=\"p1\"><span class=\"s1\"><a href=\"https:\/\/dscvape.fr\/product-brands\/vaporesso\/\">Voir tous les produits Vaporesso sur le site<\/a><\/span><\/p>\n<p class=\"p1\"><span class=\"s1\"><a href=\"https:\/\/www.vaporesso.com\/\">Voir le site du fournisseur<\/a><\/span><\/p>\n<h3><span style=\"color: #ffffff;\">Vaporesso NRG<\/span><\/h3>\n","protected":false},"excerpt":{"rendered":"<p>Le NRG SE 3.5ml Tank de la marque Vaporesso, livr\u00e9 avec les r\u00e9sistances GT core en 0,15 ohm vous permettra de vivre une vape riche en saveurs le tout accompagn\u00e9 d\u2019une fum\u00e9e dense pour le plaisir des amateurs de cloud-chasing. Vous allez pouvoir allier puissance et simplicit\u00e9 avec ce clearomiseur dont le remplissage se fait de mani\u00e8re tr\u00e8s simple. En effet, il vous suffira de pousser le top cap au niveau de la petite fl\u00e8che pour pouvoir d\u00e9couvrir l\u2019orifice d\u00e9di\u00e9 au remplissage. Une fois rempli, poussez le top cap \u00e0 nouveau pour refermer le r\u00e9servoir.<\/p>\n","protected":false},"featured_media":76573,"comment_status":"closed","ping_status":"closed","template":"","meta":[],"marques":[],"bundle_layout":"","bundled_by":[],"bundled_items":[],"supplier_id":null,"supplier_sku":"","atum_controlled":true,"out_stock_date":null,"out_stock_threshold":null,"inheritable":false,"inbound_stock":null,"stock_on_hold":null,"sold_today":null,"sales_last_days":null,"reserved_stock":null,"customer_returns":null,"warehouse_damage":null,"lost_in_post":null,"other_logs":null,"out_stock_days":null,"lost_sales":null,"has_location":null,"update_date":null,"atum_locations":[],"atum_stock_status":"instock","low_stock":false,"mi_inventories":[1292],"multi_inventory":null,"inventory_sorting_mode":null,"inventory_iteration":null,"expirable_inventories":null,"price_per_inventory":null,"_links":{"self":[{"href":"https:\/\/lesaintlaurentvape.com\/en\/wp-json\/wp\/v2\/product\/102355\/"}],"collection":[{"href":"https:\/\/lesaintlaurentvape.com\/en\/wp-json\/wp\/v2\/product\/"}],"about":[{"href":"https:\/\/lesaintlaurentvape.com\/en\/wp-json\/wp\/v2\/types\/product\/"}],"replies":[{"embeddable":true,"href":"https:\/\/lesaintlaurentvape.com\/en\/wp-json\/wp\/v2\/comments\/?post=102355"}],"wp:featuredmedia":[{"embeddable":true,"href":"https:\/\/lesaintlaurentvape.com\/en\/wp-json\/wp\/v2\/media\/76573\/"}],"wp:attachment":[{"href":"https:\/\/lesaintlaurentvape.com\/en\/wp-json\/wp\/v2\/media\/?parent=102355"}],"wp:term":[{"taxonomy":"marques","embeddable":true,"href":"https:\/\/lesaintlaurentvape.com\/en\/wp-json\/wp\/v2\/marques\/?post=102355"}],"curies":[{"name":"wp","href":"https:\/\/api.w.org\/{rel}","templated":true}]}}