{"id":102300,"date":"2019-06-13T14:32:45","date_gmt":"2019-06-13T12:32:45","guid":{"rendered":"https:\/\/lesaintlaurentvape.com\/produit\/justfog-q16-pro\/"},"modified":"2020-10-31T20:58:09","modified_gmt":"2020-10-31T19:58:09","slug":"justfog-q16-pro","status":"publish","type":"product","link":"https:\/\/lesaintlaurentvape.com\/en\/produit\/justfog-q16-pro\/","title":{"rendered":"Justfog Q16 pro"},"content":{"rendered":"<p><span style=\"color: #ffffff;\">Justfog Q16 pro<\/span><\/p>\n<h2 style=\"text-align: center;\"><b>DESCRIPTION D\u00c9TAILL\u00c9E:<\/b><\/h2>\n<p><a href=\"https:\/\/dscvape.fr\/wp-content\/uploads\/2019\/06\/Q16-pro-site-bleu-v1.jpg\"><img loading=\"lazy\" class=\"aligncenter size-full wp-image-11323\" src=\"https:\/\/dscvape.fr\/wp-content\/uploads\/2019\/06\/Q16-pro-site-bleu-v1.jpg\" alt=\"\" width=\"800\" height=\"772\" \/><\/a><\/p>\n<p style=\"text-align: center;\"><strong><u>Une batterie id\u00e9ale<\/u><\/strong><\/p>\n<p style=\"text-align: center;\">Malgr\u00e9 une petite taille, cette batterie a beaucoup \u00e0 offrir. En effet, nous avons l\u00e0 4 niveaux de volts au choix afin de d\u00e9terminer celui avec lequel vous \u00eates le plus \u00e0 l\u2019aise. Elle poss\u00e8de une capacit\u00e9 de 900 mAh.<\/p>\n<p style=\"text-align: center;\"><span style=\"text-decoration: underline;\"><strong>Remplissage<\/strong><\/span><\/p>\n<p><strong><span style=\"text-decoration: underline;\">Attention<\/span><\/strong> la r\u00e9sistance n&#8217;est pas pr\u00e9-install\u00e9e. Elle est \u00e0 installer avant le premier remplissage.<\/p>\n<p>Afin d&#8217;\u00e9viter les fuites via l&#8217;airflow, proc\u00e9der de la sorte pour remplir un clearomiseur:<\/p>\n<p>1\/fermer l&#8217;airflow<\/p>\n<p>2\/d\u00e9visser le top cap, remplir avec du e-liquide de votre choix, refermer le clearomiseur par le haut<\/p>\n<p><a href=\"https:\/\/dscvape.fr\/wp-content\/uploads\/2019\/06\/Remplir-liquide.jpg\"><img loading=\"lazy\" class=\"aligncenter wp-image-11324 size-full\" src=\"https:\/\/dscvape.fr\/wp-content\/uploads\/2019\/06\/Remplir-liquide.jpg\" alt=\"Justfog Q16 pro\" width=\"1500\" height=\"400\" \/><\/a><\/p>\n<p>3\/ retourner le clearomiseur dans le sens du bas<\/p>\n<p>4\/Ouvrir l&#8217;airflow<\/p>\n<p>5\/ le clearomiseur est pr\u00eat \u00e0 utiliser<\/p>\n<p style=\"text-align: center;\"><strong><u>Diff\u00e9rentes protections<\/u><\/strong><\/p>\n<p style=\"text-align: center; padding-left: 40px;\">Cette batterie est con\u00e7ue pour vous prot\u00e9ger de diff\u00e9rents \u00e9l\u00e9ments tels que\u00a0:<\/p>\n<p style=\"text-align: center; padding-left: 40px;\">&#8211;<span style=\"text-decoration: underline;\">Protection contre les courts-circuits<\/span> : Si la batterie d\u00e9tecte un court-circuit, tous les affichages lumineux clignoteront ensemble 4x. Puis la protection s\u2019active et \u00e9teint automatiquement l\u2019appareil pour \u00e9viter d\u2019endommager la batterie.<\/p>\n<p style=\"text-align: center; padding-left: 40px;\">&#8211;<span style=\"text-decoration: underline;\">Protection contre la surchauffe<\/span> : Si le bouton de la batterie reste continuellement enfonc\u00e9 pour plus de 10 secondes, tous les affichages lumineux clignoteront ensemble 10x puis l\u2019appareil s\u2019\u00e9teint afin d\u2019\u00e9viter toutes surchauffes et d&#8217;ab\u00eemer la batterie et le clearomiseur.<\/p>\n<h4><span style=\"color: #ffffff;\">Titre<\/span><\/h4>\n<p style=\"text-align: center; padding-left: 40px;\">&#8211;<span style=\"text-decoration: underline;\">Protection face \u00e0 la surcharge<\/span>\u00a0: Lorsque la batterie est pleinement charg\u00e9e, le circuit va stopper le chargement pour \u00e9viter d\u2019ab\u00eemer l\u2019autonomie.<\/p>\n<p style=\"text-align: center; padding-left: 40px;\">&#8211;<span style=\"text-decoration: underline;\">Aussi face au d\u00e9chargement excessif<\/span> : Si la batterie \u00e9teint un certain seuil minimum, tous les affichages lumineux clignoteront ensemble 4x puis l\u2019indicateur lumineux va indiquer le manque de batterie et va \u00e9teindre l\u2019appareil afin d\u2019\u00e9viter la d\u00e9gradation de l\u2019autonomie de la batterie.<\/p>\n<p style=\"text-align: center; padding-left: 40px;\">&#8211;<span style=\"text-decoration: underline;\">Protection surtension<\/span>\u00a0: Si la charge de l\u2019appareil est faite sur un voltage sup\u00e9rieur \u00e0 ce qui est pr\u00e9-requis, l\u2019appareil va bloquer le courant de la charge.<\/p>\n<p style=\"text-align: center;\">&#8211;<span style=\"text-decoration: underline;\">Protection contre les hautes temp\u00e9ratures<\/span> : lorsque la temp\u00e9rature du circuit passe le seuil de 75\u00b0C, l&#8217;alimentation est automatiquement coup\u00e9e et le voyant LED clignote 4 fois en s\u00e9quence blanc-rouge<\/p>\n<p><a href=\"https:\/\/dscvape.fr\/wp-content\/uploads\/2019\/06\/Box-bleu-v3.jpg\"><img loading=\"lazy\" class=\"aligncenter wp-image-11328 size-full\" src=\"https:\/\/dscvape.fr\/wp-content\/uploads\/2019\/06\/Box-bleu-v3.jpg\" alt=\"Justfog Q16 pro\" width=\"200\" height=\"500\" \/><\/a><\/p>\n<p>&nbsp;<\/p>\n<p style=\"text-align: center;\"><strong>Niveau de batterie<\/strong><\/p>\n<p><span style=\"color: #000000;\">Blanc : 100 \u00e0 65 %<\/span><\/p>\n<p><span style=\"color: #3366ff;\">Bleu : <\/span><span style=\"color: #3366ff;\">65 \u00e0 30 %<\/span><\/p>\n<p><span style=\"color: #ff0000;\">Rouge : <\/span><span style=\"color: #ff0000;\">Moins de 30 %<\/span><\/p>\n<p>&nbsp;<\/p>\n<p style=\"text-align: center;\"><strong style=\"text-align: center;\"><u>Un clearomiseur MTL<\/u><\/strong><\/p>\n<p><a href=\"https:\/\/dscvape.fr\/wp-content\/uploads\/2019\/06\/Clearomiseur-q16-pro.jpg\"><img loading=\"lazy\" class=\"aligncenter wp-image-11326 size-full\" src=\"https:\/\/dscvape.fr\/wp-content\/uploads\/2019\/06\/Clearomiseur-q16-pro.jpg\" alt=\"Justfog Q16 pro\" width=\"550\" height=\"642\" \/><\/a><\/p>\n<p>Nous avons l\u00e0 un clearomiseur simple mais qui joue bien son r\u00f4le. En effet, le tirage serr\u00e9 est pr\u00e9sent, le hit est pr\u00e9sent et petit bonus, l\u2019airflow est modifiable. Avec des r\u00e9sistances en 1,6 ohm fourni avec le kit, vous allez pouvoir utiliser des e-liquides fortement concentr\u00e9es en nicotine. Id\u00e9ale pour ceux qui recherchent \u00e0 se sevrer. \u00c0 tester aussi les sels de nicotine avec cet appareil pour un hit plus doux alli\u00e9 \u00e0 une arriv\u00e9e de la nicotine au cerveau plus rapidement.<\/p>\n<p>&nbsp;<\/p>\n<h3><span style=\"color: #ffffff;\">Justfog Q16 pro<\/span><\/h3>\n<p class=\"p1\"><span class=\"s1\"><a href=\"https:\/\/dscvape.fr\/product-brands\/justfog\/\">Tous les produits justfog sur le site<\/a><\/span><\/p>\n<p class=\"p1\"><span class=\"s1\"><a href=\"http:\/\/www.justfog.com\/\">Site fournisseur<\/a><\/span><\/p>\n","protected":false},"excerpt":{"rendered":"<p>Red\u00e9couvrez la Q16 sous son nouveau design, la Q16 pro. Toujours d\u00e9di\u00e9e aux primo-vapoteurs, JUSTFOG propose un appareil am\u00e9lior\u00e9. Comme son pr\u00e9d\u00e9cesseur, vous pouvez ajuster la puissance de l&#8217;appareil (ici en volt) et l&#8217;air-flow pour d\u00e9terminer le type de vape qui vous correspond. Bien-sur quelques nouveaut\u00e9s se rajoutent sur cet appareil, un syst\u00e8me de remplissage par le haut du clearomiseur \u00e0 travers deux orifices. Cela permet\u00a0 d&#8217;\u00e9viter les spit-back (ou remont\u00e9es de liquide en bouche). Ce syst\u00e8me ing\u00e9nieux l&#8217;expose moins aux fuites du clearomiseur. En effet, vous pouvez retourner le clearomiseur (m\u00eame ouvert) vers le bas, aucune goutte d&#8217;e-liquide ne vous tombera dans les mains! Le niveau de batterie est indiqu\u00e9 par un affichage LED et un nouveau syst\u00e8me de r\u00e9glage d&#8217;air flow vient compl\u00e9ter ce mod\u00e8le. L\u00e9g\u00e8rement plus courte que la Q16, elle est tout aussi puissante (900mAh) et avec autant de contenance (1.9 mL). Quant aux r\u00e9sistances, elles restent inchang\u00e9es, on reste sur les m\u00eame r\u00e9sistances \u00e0 1.6 et 1.2 ohm que celles d\u00e9di\u00e9es \u00e0 la Q16 mais avec un nouvel packaging.<\/p>\n<p>\u00c0 utiliser avec des liquides avec un taux de nicotine \u00e9lev\u00e9 si le but est de se sevrer. N\u2019h\u00e9sitez pas \u00e0 tester les liquides en sel de nicotine si le vapoteur ne peut pas supporter le hit des liquides classiques.<\/p>\n<p>&nbsp;<\/p>\n<p><a href=\"https:\/\/dscvape.fr\/wp-content\/uploads\/2019\/06\/Aide-\u00e0-la-vente-Justfog-Q16-Pro.pdf\">Aide \u00e0 la vente Justfog Q16 Pro<\/a><\/p>\n","protected":false},"featured_media":76545,"comment_status":"closed","ping_status":"closed","template":"","meta":[],"marques":[7568],"bundle_layout":"","bundled_by":[],"bundled_items":[],"supplier_id":null,"supplier_sku":"","atum_controlled":true,"out_stock_date":null,"out_stock_threshold":null,"inheritable":false,"inbound_stock":null,"stock_on_hold":null,"sold_today":null,"sales_last_days":null,"reserved_stock":null,"customer_returns":null,"warehouse_damage":null,"lost_in_post":null,"other_logs":null,"out_stock_days":null,"lost_sales":null,"has_location":null,"update_date":null,"atum_locations":[],"atum_stock_status":"instock","low_stock":false,"mi_inventories":[],"multi_inventory":null,"inventory_sorting_mode":null,"inventory_iteration":null,"expirable_inventories":null,"price_per_inventory":null,"_links":{"self":[{"href":"https:\/\/lesaintlaurentvape.com\/en\/wp-json\/wp\/v2\/product\/102300\/"}],"collection":[{"href":"https:\/\/lesaintlaurentvape.com\/en\/wp-json\/wp\/v2\/product\/"}],"about":[{"href":"https:\/\/lesaintlaurentvape.com\/en\/wp-json\/wp\/v2\/types\/product\/"}],"replies":[{"embeddable":true,"href":"https:\/\/lesaintlaurentvape.com\/en\/wp-json\/wp\/v2\/comments\/?post=102300"}],"wp:featuredmedia":[{"embeddable":true,"href":"https:\/\/lesaintlaurentvape.com\/en\/wp-json\/wp\/v2\/media\/76545\/"}],"wp:attachment":[{"href":"https:\/\/lesaintlaurentvape.com\/en\/wp-json\/wp\/v2\/media\/?parent=102300"}],"wp:term":[{"taxonomy":"marques","embeddable":true,"href":"https:\/\/lesaintlaurentvape.com\/en\/wp-json\/wp\/v2\/marques\/?post=102300"}],"curies":[{"name":"wp","href":"https:\/\/api.w.org\/{rel}","templated":true}]}}