{"id":102232,"date":"2019-06-11T13:19:26","date_gmt":"2019-06-11T11:19:26","guid":{"rendered":"https:\/\/lesaintlaurentvape.com\/produit\/aspire-pyrex-pour-pockex\/"},"modified":"2020-10-31T21:07:16","modified_gmt":"2020-10-31T20:07:16","slug":"aspire-pyrex-pour-pockex","status":"publish","type":"product","link":"https:\/\/lesaintlaurentvape.com\/en\/produit\/aspire-pyrex-pour-pockex\/","title":{"rendered":"Aspire Pyrex pour Pockex"},"content":{"rendered":"<p>Pyrex pour Pockex de la marque Aspire. Accessoire id\u00e9al en cas de casse de votre cigarette \u00e9lectronique PockeX de la marque Aspire. Ce tube vous permet de remplacer facilement votre tube en pyrex pour continuer \u00e0 utiliser votre cigarette \u00e9lectronique. Con\u00e7u en pyrex et prot\u00e9g\u00e9 par de l&#8217;acier, ce mod\u00e8le est identique au r\u00e9servoir d&#8217;origine du kit\u00a0PockeX.<\/p>\n<p>&nbsp;<\/p>\n<p><span style=\"color: #ffffff;\"><a style=\"color: #ffffff;\" href=\"https:\/\/dscvape.fr\/pyrex\/\">Tous nos pyrex sur le site<\/a>.<\/span><\/p>\n<p><span style=\"color: #ffffff;\"><a style=\"color: #ffffff;\" href=\"https:\/\/www.vapoclope.fr\/tubes-de-remplacements\/5530-tube-de-remplacement-pyrex-pour-pockex-aspire.html\">Lien externe<\/a><\/span><\/p>\n","protected":false},"excerpt":{"rendered":"<p>Pyrex pour Pockex de la marque Aspire.<\/p>\n","protected":false},"featured_media":76509,"comment_status":"closed","ping_status":"closed","template":"","meta":[],"marques":[],"bundle_layout":"","bundled_by":[],"bundled_items":[],"supplier_id":null,"supplier_sku":"","atum_controlled":true,"out_stock_date":null,"out_stock_threshold":null,"inheritable":false,"inbound_stock":null,"stock_on_hold":null,"sold_today":null,"sales_last_days":null,"reserved_stock":null,"customer_returns":null,"warehouse_damage":null,"lost_in_post":null,"other_logs":null,"out_stock_days":null,"lost_sales":null,"has_location":null,"update_date":null,"atum_locations":[],"atum_stock_status":"instock","low_stock":false,"mi_inventories":[],"multi_inventory":null,"inventory_sorting_mode":null,"inventory_iteration":null,"expirable_inventories":null,"price_per_inventory":null,"_links":{"self":[{"href":"https:\/\/lesaintlaurentvape.com\/en\/wp-json\/wp\/v2\/product\/102232\/"}],"collection":[{"href":"https:\/\/lesaintlaurentvape.com\/en\/wp-json\/wp\/v2\/product\/"}],"about":[{"href":"https:\/\/lesaintlaurentvape.com\/en\/wp-json\/wp\/v2\/types\/product\/"}],"replies":[{"embeddable":true,"href":"https:\/\/lesaintlaurentvape.com\/en\/wp-json\/wp\/v2\/comments\/?post=102232"}],"wp:featuredmedia":[{"embeddable":true,"href":"https:\/\/lesaintlaurentvape.com\/en\/wp-json\/wp\/v2\/media\/76509\/"}],"wp:attachment":[{"href":"https:\/\/lesaintlaurentvape.com\/en\/wp-json\/wp\/v2\/media\/?parent=102232"}],"wp:term":[{"taxonomy":"marques","embeddable":true,"href":"https:\/\/lesaintlaurentvape.com\/en\/wp-json\/wp\/v2\/marques\/?post=102232"}],"curies":[{"name":"wp","href":"https:\/\/api.w.org\/{rel}","templated":true}]}}