{"id":102228,"date":"2019-06-04T15:19:38","date_gmt":"2019-06-04T13:19:38","guid":{"rendered":"https:\/\/lesaintlaurentvape.com\/produit\/ayi-tt8\/"},"modified":"2020-10-31T20:56:15","modified_gmt":"2020-10-31T19:56:15","slug":"ayi-tt8","status":"publish","type":"product","link":"https:\/\/lesaintlaurentvape.com\/en\/produit\/ayi-tt8\/","title":{"rendered":"AYI &#8211; TT8"},"content":{"rendered":"<p><span style=\"color: #ffffff;\">AYI &#8211; TT8<\/span><\/p>\n<h2 style=\"text-align: center;\"><b>DESCRIPTION D\u00c9TAILL\u00c9E\u00a0:<\/b><\/h2>\n<p>&nbsp;<\/p>\n<p style=\"text-align: center;\"><strong><u>Une batterie puissante<\/u><\/strong><\/p>\n<p>De taille assez compact, la TT8 offre une\u00a0 capacit\u00e9 doubl\u00e9e par rapport \u00e0 la TT7, puisque sa capacit\u00e9 est de 1900 mAh. Cela lui permet en un seul rechargement de la batterie d&#8217;utiliser environ 23 sticks \u00e0 chauffer\u00a0 en un seul rechargement de l&#8217;appareil. Le TT8 permet \u00e0 l&#8217;utilisateur de choisir entre trois modes de temp\u00e9rature (haute, moyenne, basse). Le niveau de batterie de l&#8217;appareil est consultable en appuyant une fois sur le bouton principal. Le TT8 se charge via une prise USB.<\/p>\n<p style=\"text-align: center;\"><span style=\"text-decoration: underline;\"><strong>Affichage du niveau de batterie<\/strong><\/span><\/p>\n<p>&nbsp;<\/p>\n<p><span style=\"font-family: georgia, palatino, serif;\"><span style=\"font-size: 12pt;\">\u2265 75% de batterie : 4 voyants lumineux allum\u00e9s<\/span><\/span><\/p>\n<p><span style=\"font-family: georgia, palatino, serif;\"><span style=\"font-size: 12pt;\">\u2265 50% de batterie : 3 voyants lumineux allum\u00e9s<\/span><\/span><\/p>\n<p><span style=\"font-family: georgia, palatino, serif;\"><span style=\"font-size: 12pt;\">\u2265 25 % de batterie : 2 voyants lumineux allum\u00e9s<\/span><\/span><\/p>\n<p>&lt; 25 % de batterie : 1 voyant lumineux allum\u00e9<\/p>\n<p>&nbsp;<\/p>\n<p>&nbsp;<\/p>\n<p style=\"text-align: center;\"><strong><u>Une utilisation simple<\/u><\/strong><\/p>\n<p>1\/Ins\u00e9rer le stick dans l&#8217;\u00e9tuve chauffante.<\/p>\n<p>2\/Appuyer pendant quelques secondes sur le bouton d&#8217;allumage de l&#8217;appareil (ou bouton principal) pour pr\u00e9chauffer le stick.<\/p>\n<p>3\/L&#8217;appareil se mettra \u00e0 vibrer l\u00e9g\u00e8rement. Le voyant lumineux se met \u00e0 clignote en vert pour ensuite devenir un voyant lumineux fixe et de couleur verte. L&#8217;appareil est alors pr\u00eat \u00e0 \u00eatre utilis\u00e9.<\/p>\n<p>4\/ L&#8217;utilisateur peut commencer \u00e0 tirer des lattes. Le TT8 s&#8217;arr\u00eate et se met en veille automatiquement soit au bout de 14 \u00e0 16 tirages, soit au bout de 5\/6 minutes de chauffe.<\/p>\n<p>Lorsque l&#8217;appareil se met \u00e0 vibrer tr\u00e8s l\u00e9g\u00e8rement, le voyant lumineux se met \u00e0 clignoter pour indiquer qu&#8217;il reste une minute ou l&#8217;\u00e9quivalent de 1 \u00e0 2 lattes avant la mise en veille de l&#8217;appareil.<\/p>\n<h4><span style=\"color: #ffffff;\">Titre<\/span><\/h4>\n<p>Il vous est possible d&#8217;interrompre l&#8217;utilisation du stick en cours de route. Pour cela, il suffit d&#8217;appuyer pendant quelques secondes sur le bouton principal pour arr\u00eater la chauffe du stick.<br \/>\nPour continuer \u00e0 utiliser le restant du stick, il suffit d&#8217;appuyer sur le bouton principal pendant quelques secondes pour rallumer l&#8217;appareil et suivre les instructions d&#8217;utilisation depuis le d\u00e9but.<\/p>\n<p>NB: Bien \u00e9videmment, cela ne permettra pas de rallonger la dur\u00e9e d&#8217;utilisation du stick mais d&#8217;\u00e9viter de jeter un stick d\u00e9j\u00e0 entam\u00e9. Il s&#8217;agit l\u00e0 d&#8217;une possibilit\u00e9 rendu possible par l&#8217;appareil ici pr\u00e9sent\u00e9 mais en aucun cas d&#8217;une utilisation optimale que nous recommandons. En effet, utiliser un stick d\u00e9j\u00e0 entam\u00e9 ne permet pas d&#8217;obtenir un retour d&#8217;exp\u00e9rience optimale du produit compte tenu de la double chauffe du m\u00eame stick.<\/p>\n<p>5\/Pour \u00f4ter le stick usag\u00e9 ou d\u00e9j\u00e0 entam\u00e9, glisser la molette vers le haut pour enlever le stick.\u00a0 Si des r\u00e9sidus restent \u00e0 l&#8217;int\u00e9rieur de l&#8217;\u00e9tuve chauffante, veuillez retourner l&#8217;appareil et tapoter l\u00e9g\u00e8rement pour faire sortir les r\u00e9sidus restants.<\/p>\n<p>L&#8217;appareil est pr\u00eat \u00e0 emploi pour une autre exp\u00e9rience de chauffe et ceci jusqu&#8217;\u00e0 23 sticks par recharge de l&#8217;appareil.<\/p>\n<p>Une fois utilis\u00e9, l&#8217;appareil peut \u00eatre chaud au toucher. Il est conseill\u00e9 de poser l&#8217;appareil dans un endroit frais et sec et \u00e0 l&#8217;\u00e9cart des enfants pour que la chaleur se dissipe.<\/p>\n<p>&nbsp;<\/p>\n<p style=\"text-align: center;\"><strong><u>Changer la temp\u00e9rature de chauffe de l&#8217;appareil:<\/u><\/strong><\/p>\n<p style=\"text-align: center;\">Lorsque l&#8217;appareil est en veille, appuyer 3 fois rapidement sur le bouton principal pour changer de temp\u00e9rature. (Cela n&#8217;est possible que lorsque l&#8217;appareil est en veille).<\/p>\n<p>&nbsp;<\/p>\n<p>Voyant rouge : Temp\u00e9rature haute 330\u00b0C<\/p>\n<p>Voyant bleu : Temp\u00e9rature moyenne 310\u00b0C<\/p>\n<p>Voyant vert : Temp\u00e9rature basse 290\u00b0C<\/p>\n<p style=\"text-align: center;\"><strong><u>Mode Nettoyant\/ Pyrolyse<\/u><\/strong><\/p>\n<p>En mode veille, quand l\u2019appareil est bien froid, appuyer 8 fois rapidement le bouton principal pour enclencher le mode nettoyant. Le voyant lumineux clignote bleu pendant 20 secondes. En mode Pyrolyse: la temp\u00e9rature de l\u2019aiguille va monter \u00e0 son maximum afin que les restes de r\u00e9sidus coll\u00e9s autour de celle-ci se d\u00e9tachent plus facile de celle-ci. Attendre au moins une 1 minute apr\u00e8s la fin de la pyrolyse pour utiliser la brosse nettoyante de mani\u00e8re d\u00e9licate dans l\u2019\u00e9tuve chauffante. Pour cela, passer la brosse pr\u00e9vue \u00e0 cet effet dans l\u2019\u00e9tuve chauffante et faire des mouvements circulaires tout autour de l\u2019aiguille pour nettoyer l\u2019appareil. Incliner l\u2019appareil vers le bas puis tapoter l\u00e9g\u00e8rement pour enlever les r\u00e9sidus. Votre appareil est pr\u00eat \u00e0 l\u2019usage \u00e0 nouveau. La pyrolyse est recommand\u00e9e toutes les 20 utilisations de sticks \u00e0 chauffer.<\/p>\n","protected":false},"excerpt":{"rendered":"<p>Nous vous pr\u00e9sentons le kit TT8, une autre alternative \u00e0 la cigarette classique. Un kit simple d&#8217;utilisation, il saura ravir ceux qui souhaitent obtenir un hit plus prononc\u00e9 que dans la vape tout en \u00e9vitant la combustion et la production de monoxyde de carbone.\u00a0 Gr\u00e2ce \u00e0 sa batterie de 1900 mAh, Le TT8 tiendra parfaitement une journ\u00e9e compl\u00e8te. Cet appareil est l\u00e9ger, discret et petit en main, id\u00e9al \u00e0 transporter partout o\u00f9 vous irez.<\/p>\n<p>Le TT8 est est un dispositif \u00e9lectronique qui s\u2019utilise exclusivement avec des sticks \u00e0 chauffer compatibles.<\/p>\n<p>&nbsp;<\/p>\n<p>PVC TTC : 55.90\u20ac<\/p>\n<p><a href=\"https:\/\/dscvape.fr\/wp-content\/uploads\/2019\/06\/Aide-\u00e0-la-vente-tt8.pdf\">Document \u00e0 t\u00e9l\u00e9charger d&#8217;Aide \u00e0 la vente pour la TT8<\/a><\/p>\n","protected":false},"featured_media":76501,"comment_status":"closed","ping_status":"closed","template":"","meta":[],"marques":[7847],"bundle_layout":"","bundled_by":[],"bundled_items":[],"supplier_id":null,"supplier_sku":"","atum_controlled":true,"out_stock_date":null,"out_stock_threshold":null,"inheritable":false,"inbound_stock":null,"stock_on_hold":null,"sold_today":null,"sales_last_days":null,"reserved_stock":null,"customer_returns":null,"warehouse_damage":null,"lost_in_post":null,"other_logs":null,"out_stock_days":null,"lost_sales":null,"has_location":null,"update_date":null,"atum_locations":[],"atum_stock_status":"instock","low_stock":false,"mi_inventories":[],"multi_inventory":null,"inventory_sorting_mode":null,"inventory_iteration":null,"expirable_inventories":null,"price_per_inventory":null,"_links":{"self":[{"href":"https:\/\/lesaintlaurentvape.com\/en\/wp-json\/wp\/v2\/product\/102228\/"}],"collection":[{"href":"https:\/\/lesaintlaurentvape.com\/en\/wp-json\/wp\/v2\/product\/"}],"about":[{"href":"https:\/\/lesaintlaurentvape.com\/en\/wp-json\/wp\/v2\/types\/product\/"}],"replies":[{"embeddable":true,"href":"https:\/\/lesaintlaurentvape.com\/en\/wp-json\/wp\/v2\/comments\/?post=102228"}],"wp:featuredmedia":[{"embeddable":true,"href":"https:\/\/lesaintlaurentvape.com\/en\/wp-json\/wp\/v2\/media\/76501\/"}],"wp:attachment":[{"href":"https:\/\/lesaintlaurentvape.com\/en\/wp-json\/wp\/v2\/media\/?parent=102228"}],"wp:term":[{"taxonomy":"marques","embeddable":true,"href":"https:\/\/lesaintlaurentvape.com\/en\/wp-json\/wp\/v2\/marques\/?post=102228"}],"curies":[{"name":"wp","href":"https:\/\/api.w.org\/{rel}","templated":true}]}}