{"id":102227,"date":"2019-06-04T15:11:57","date_gmt":"2019-06-04T13:11:57","guid":{"rendered":"https:\/\/lesaintlaurentvape.com\/produit\/ayi-tt7\/"},"modified":"2020-11-03T12:13:51","modified_gmt":"2020-11-03T11:13:51","slug":"ayi-tt7","status":"publish","type":"product","link":"https:\/\/lesaintlaurentvape.com\/en\/produit\/ayi-tt7\/","title":{"rendered":"AYI &#8211; TT7 (avec lame \u00e9paisse en c\u00e9ramique)"},"content":{"rendered":"<p style=\"text-align: center;\"><span style=\"color: #ffffff;\">AYI &#8211; TT7<\/span><\/p>\n<h2 style=\"text-align: center;\"><b>DESCRIPTION D\u00c9TAILL\u00c9E\u00a0:<\/b><\/h2>\n<p><img loading=\"lazy\" class=\"wp-image-35890 aligncenter\" src=\"https:\/\/dscvape.com\/wp-content\/uploads\/2019\/06\/TT7_1-lame.png\" alt=\"\" width=\"663\" height=\"663\" \/><\/p>\n<h3 style=\"text-align: center;\"><strong><u>Une batterie id\u00e9ale<\/u><\/strong><\/h3>\n<p style=\"text-align: center;\">Bien que la TT7 soit petite, la capacit\u00e9 de sa batterie est de 900 mAh, ce qui lui permet de chauffer au moins 12 sticks \u00e0 chauffer en un seul rechargement de l&#8217;appareil. Elle permet \u00e0 l&#8217;utilisateur de choisir entre trois modes de temp\u00e9rature (haute, moyenne, basse). Le niveau de batterie de l&#8217;appareil est consultable en appuyant une fois sur le bouton principal. Le TT7 se charge via une prise USB.<\/p>\n<h3 style=\"text-align: center;\"><span style=\"text-decoration: underline;\"><strong>Niveau de batterie<\/strong><\/span><\/h3>\n<p><span style=\"font-family: georgia, palatino, serif;\"><span style=\"font-size: 12pt;\">\u2265 40% de batterie : le voyant lumineux est vert<\/span><\/span><\/p>\n<p><span style=\"font-family: georgia, palatino, serif;\"><span style=\"font-size: 12pt;\">\u2265 10% de batterie : le voyant lumineux est bleu<\/span><\/span><\/p>\n<p>&lt; 10% de batterie : le voyant lumineux est rouge<\/p>\n<p>&nbsp;<\/p>\n<p>&nbsp;<\/p>\n<h4 style=\"text-align: center;\"><strong><u>Une utilisation simple<\/u><\/strong><\/h4>\n<p style=\"text-align: center;\">1\/Ins\u00e9rer le stick dans l&#8217;\u00e9tuve chauffante.<\/p>\n<p style=\"text-align: center;\">2\/Appuyer pendant quelques secondes sur le bouton d&#8217;allumage de l&#8217;appareil (ou bouton principal) pour pr\u00e9chauffer le stick.<\/p>\n<p style=\"text-align: center;\">3\/L&#8217;appareil se mettra \u00e0 vibrer l\u00e9g\u00e8rement. Le voyant lumineux se met \u00e0 clignote en vert pour ensuite devenir un voyant lumineux fixe de la m\u00eame couleur. L&#8217;appareil est alors pr\u00eat \u00e0 \u00eatre utilis\u00e9.<\/p>\n<p style=\"text-align: center;\">4\/ L&#8217;utilisateur peut commencer \u00e0 tirer des lattes. Le TT7 s&#8217;arr\u00eate et se met en veille automatiquement soit au bout de 14 \u00e0 16 tirages, soit au bout de 5\/6 minutes de chauffe.<\/p>\n<p style=\"text-align: center;\">Lorsque l&#8217;appareil se met \u00e0 vibrer tr\u00e8s l\u00e9g\u00e8rement, le voyant lumineux se met \u00e0 clignoter pour indiquer qu&#8217;il reste une minute ou l&#8217;\u00e9quivalent de 1 \u00e0 2 lattes avant la mise en veille de l&#8217;appareil.<\/p>\n<p><span style=\"color: #ffffff;\">Titre<\/span><\/p>\n<p style=\"text-align: center;\">Il vous est possible d&#8217;interrompre l&#8217;utilisation du stick en cours de route. Pour cela, il suffit d&#8217;appuyer pendant quelques secondes sur le bouton principal pour arr\u00eater la chauffe du stick.<br \/>\nPour continuer \u00e0 utiliser le restant du stick, il suffit d&#8217;appuyer sur le bouton principal pendant quelques secondes pour rallumer l&#8217;appareil et suivre les instructions d&#8217;utilisation depuis le d\u00e9but.<\/p>\n<p style=\"text-align: center;\">NB: Bien \u00e9videmment, cela ne permettra pas de rallonger la dur\u00e9e d&#8217;utilisation du stick mais d&#8217;\u00e9viter de jeter un stick d\u00e9j\u00e0 entam\u00e9. Il s&#8217;agit l\u00e0 d&#8217;une possibilit\u00e9 rendu possible par l&#8217;appareil ici pr\u00e9sent\u00e9 mais en aucun cas d&#8217;une utilisation optimale que nous recommandons. En effet, utiliser un stick d\u00e9j\u00e0 entam\u00e9 ne permet pas d&#8217;obtenir un retour d&#8217;exp\u00e9rience optimale du produit compte tenu de la double chauffe du m\u00eame stick.<\/p>\n<p>&nbsp;<\/p>\n<h4 style=\"text-align: center;\"><strong><u>Une lame chauffante en c\u00e9ramique pour une saveur harmonieuse<\/u><\/strong><\/h4>\n<p style=\"text-align: center;\">La TT7 est dot\u00e9e d&#8217;une lame \u00e9paisse en c\u00e9ramique qui permet de chauffer le stick en donnant une saveur plus douce et harmonieuse en bouche.<\/p>\n<p style=\"text-align: center;\">Compar\u00e9 \u00e0 la TT7 avec une aiguille chauffante, la TT7 avec lame chauffe plus rapidement tout en gardant la m\u00eame dur\u00e9e d&#8217;utilisation.<\/p>\n<p>&nbsp;<\/p>\n<p style=\"text-align: center;\"><span style=\"text-decoration: underline;\"><strong>Fin d&#8217;utilisation<\/strong><\/span><\/p>\n<p>Pour \u00f4ter le stick usag\u00e9 ou d\u00e9j\u00e0 entam\u00e9, soulever le capuchon sup\u00e9rieur pour enlever le stick.\u00a0 Si des r\u00e9sidus restent \u00e0 l&#8217;int\u00e9rieur de l&#8217;\u00e9tuve chauffante, veuillez retourner l&#8217;appareil et tapoter l\u00e9g\u00e8rement pour faire sortir les r\u00e9sidus restants.<\/p>\n<p><span style=\"color: #ffffff;\">Titre<\/span><\/p>\n<p><img loading=\"lazy\" class=\"aligncenter wp-image-22832\" src=\"https:\/\/dscvape.fr\/wp-content\/uploads\/2019\/06\/TT7_6.png\" alt=\"\" width=\"389\" height=\"389\" \/><\/p>\n<p style=\"text-align: center;\">L&#8217;appareil est pr\u00eat \u00e0 emploi pour une autre exp\u00e9rience de chauffe et ceci jusqu&#8217;\u00e0 12 sticks par recharge compl\u00e8te de l&#8217;appareil.<\/p>\n<p style=\"text-align: center;\">Il se peut que le nombre d&#8217;utilisation de l&#8217;appareil par recharge compl\u00e8te diminue au cours du temps en raison de la durabilit\u00e9 de la batterie.<\/p>\n<p style=\"text-align: center;\">Une fois utilis\u00e9, l&#8217;appareil peut \u00eatre chaud au toucher. Afin de ne pas se br\u00fbler, il est conseill\u00e9 de poser l&#8217;appareil dans un endroit frais et sec et \u00e0 l&#8217;\u00e9cart des enfants afin que la chaleur se dissipe.<\/p>\n<h3 style=\"text-align: center;\"><strong><u>Changer de temp\u00e9rature<\/u><\/strong><\/h3>\n<p style=\"text-align: center;\">Lorsque l&#8217;appareil est en veille, appuyer 3 fois rapidement sur le bouton principal pour changer de temp\u00e9rature.<\/p>\n<p>&nbsp;<\/p>\n<p>Voyant rouge : Temp\u00e9rature haute 330\u00b0C<\/p>\n<p>Voyant bleu : Temp\u00e9rature moyenne 310\u00b0C<\/p>\n<p>Voyant vert : Temp\u00e9rature basse 290\u00b0C<\/p>\n<p style=\"text-align: center;\"><strong><u>Mode nettoyant: Pyrolyse<\/u><\/strong><\/p>\n<p style=\"text-align: center;\">En mode veille, quand l&#8217;appareil est bien froid, appuyer 8 fois rapidement le bouton principal pour enclencher le mode nettoyant. Le voyant lumineux clignote bleu pendant 20 secondes. En mode Pyrolyse: la temp\u00e9rature de l&#8217;aiguille va monter \u00e0 son maximum afin que les restes de r\u00e9sidus coll\u00e9s autour de celle-ci se d\u00e9tachent plus facile de celle-ci. Attendre au moins une 1 minute apr\u00e8s la fin de la pyrolyse pour utiliser la brosse nettoyante de mani\u00e8re d\u00e9licate dans l&#8217;\u00e9tuve chauffante. Pour cela, passer la brosse pr\u00e9vue \u00e0 cet effet dans l&#8217;\u00e9tuve chauffante et faire des mouvements circulaires tout autour de l&#8217;aiguille pour nettoyer l&#8217;appareil. Incliner l&#8217;appareil vers le bas puis tapoter l\u00e9g\u00e8rement pour enlever les r\u00e9sidus. Votre appareil est pr\u00eat \u00e0 l&#8217;usage \u00e0 nouveau. La pyrolyse est recommand\u00e9e toutes les 20 utilisations de sticks \u00e0 chauffer.<\/p>\n","protected":false},"excerpt":{"rendered":"<p>Nous vous pr\u00e9sentons le kit TT7 avec lame, une autre alternative \u00e0 la cigarette classique. Il s&#8217;agit d&#8217;un kit simple d&#8217;utilisation, l\u00e9ger, discret et petit en main, id\u00e9al \u00e0 transporter partout o\u00f9 vous irez. Il saura ravir ceux qui souhaitent obtenir des belles saveurs harmonieuses en bouche en \u00e9vitant la combustion et la production de monoxyde de carbone.<\/p>\n<p>Le TT7\u00a0 est un appareil \u00e9lectronique qui s\u2019utilise exclusivement avec des sticks \u00e0 chauffer compatibles.<\/p>\n<p>&nbsp;<\/p>\n<p>PVC TTC : 39.90\u20ac<\/p>\n<p>&nbsp;<\/p>\n<p style=\"text-align: left;\"><span style=\"font-size: 12pt;\"><a href=\"https:\/\/dscvape.com\/wp-content\/uploads\/2019\/06\/Aide-\u00e0-la-vente-tt7-lame.pdf\">Aide \u00e0 la vente tt7 lame<\/a><\/span><\/p>\n","protected":false},"featured_media":76493,"comment_status":"closed","ping_status":"closed","template":"","meta":[],"marques":[7847],"bundle_layout":"","bundled_by":[],"bundled_items":[],"supplier_id":null,"supplier_sku":"","atum_controlled":true,"out_stock_date":null,"out_stock_threshold":null,"inheritable":true,"inbound_stock":null,"stock_on_hold":0,"sold_today":0,"sales_last_days":0,"reserved_stock":null,"customer_returns":null,"warehouse_damage":null,"lost_in_post":null,"other_logs":null,"out_stock_days":0,"lost_sales":0,"has_location":false,"update_date":"2020-11-05T23:27:29","atum_locations":[],"atum_stock_status":"instock","low_stock":false,"mi_inventories":[],"multi_inventory":"no","inventory_sorting_mode":null,"inventory_iteration":null,"expirable_inventories":null,"price_per_inventory":null,"_links":{"self":[{"href":"https:\/\/lesaintlaurentvape.com\/en\/wp-json\/wp\/v2\/product\/102227\/"}],"collection":[{"href":"https:\/\/lesaintlaurentvape.com\/en\/wp-json\/wp\/v2\/product\/"}],"about":[{"href":"https:\/\/lesaintlaurentvape.com\/en\/wp-json\/wp\/v2\/types\/product\/"}],"replies":[{"embeddable":true,"href":"https:\/\/lesaintlaurentvape.com\/en\/wp-json\/wp\/v2\/comments\/?post=102227"}],"wp:featuredmedia":[{"embeddable":true,"href":"https:\/\/lesaintlaurentvape.com\/en\/wp-json\/wp\/v2\/media\/76493\/"}],"wp:attachment":[{"href":"https:\/\/lesaintlaurentvape.com\/en\/wp-json\/wp\/v2\/media\/?parent=102227"}],"wp:term":[{"taxonomy":"marques","embeddable":true,"href":"https:\/\/lesaintlaurentvape.com\/en\/wp-json\/wp\/v2\/marques\/?post=102227"}],"curies":[{"name":"wp","href":"https:\/\/api.w.org\/{rel}","templated":true}]}}