{"id":102210,"date":"2019-06-03T23:12:11","date_gmt":"2019-06-03T21:12:11","guid":{"rendered":"https:\/\/lesaintlaurentvape.com\/produit\/equid-intense-coffee\/"},"modified":"2020-10-31T20:55:52","modified_gmt":"2020-10-31T19:55:52","slug":"equid-intense-coffee","status":"publish","type":"product","link":"https:\/\/lesaintlaurentvape.com\/en\/produit\/equid-intense-coffee\/","title":{"rendered":"EQUID &#8211; INTENSE COFFEE"},"content":{"rendered":"<p><span style=\"color: #ffffff;\">EQUID &#8211; INTENSE COFFEE<\/span><\/p>\n<p class=\"p1\">E-Quid est une marque de e-liquide Fran\u00e7aise de qualit\u00e9 certifi\u00e9e ok-biobased. La marque propose \u00e0 ses clients des produits de qualit\u00e9, aussi bien pour les consommateurs mais aussi pour la plan\u00e8te.<\/p>\n<p class=\"p1\">Saveur : Gourmand<br \/>\nPG\/VG : 50\/50<br \/>\nTaux de nicotine : 6 mg\/ml, 12 mg\/ml, 16 mg\/ml<br \/>\nConditionnement : Unit\u00e9<br \/>\nContenance : 10 ml<\/p>\n<p class=\"p2\"><span class=\"s1\" style=\"color: #ffffff;\"><a style=\"color: #ffffff;\" href=\"https:\/\/dscvape.fr\/equid\/\">Voir tous les produits de la marque e-quid sur notre site.<\/a><\/span><\/p>\n<p class=\"p2\"><span class=\"s1\" style=\"color: #ffffff;\"><a style=\"color: #ffffff;\" href=\"http:\/\/e-quid.fr\/\">Site du fournisseur<\/a><\/span><\/p>\n","protected":false},"excerpt":{"rendered":"<p class=\"p1\">Tous nos liquides sont \u00e9labor\u00e9s et fabriqu\u00e9s en France avec de la glyc\u00e9rine v\u00e9g\u00e9tale, du mono propyl\u00e8ne v\u00e9g\u00e9tal, de la nicotine v\u00e9g\u00e9tale et des ar\u00f4mes extraient de plantes et stabilis\u00e9s dans du mono propyl\u00e8ne v\u00e9g\u00e9tal. Ce qui en font des liquides issuent de v\u00e9g\u00e9tal et non petrochimique&#8230; c est pour cela qu\u2019ils sont libelis\u00e9s ok-biobased.<\/p>\n<p class=\"p1\">Ces produits contiennent de la nicotine. La nicotine contenue dans ces produits cr\u00e9e une forte d\u00e9pendance. Son utilisation par les non-fumeurs et les femmes enceintes n&#8217;est pas recommand\u00e9e.<\/p>\n","protected":false},"featured_media":76483,"comment_status":"closed","ping_status":"closed","template":"","meta":[],"marques":[7845],"bundle_layout":"","bundled_by":[],"bundled_items":[],"supplier_id":null,"supplier_sku":"","atum_controlled":true,"out_stock_date":null,"out_stock_threshold":null,"inheritable":false,"inbound_stock":null,"stock_on_hold":null,"sold_today":null,"sales_last_days":null,"reserved_stock":null,"customer_returns":null,"warehouse_damage":null,"lost_in_post":null,"other_logs":null,"out_stock_days":null,"lost_sales":null,"has_location":null,"update_date":null,"atum_locations":[],"atum_stock_status":"instock","low_stock":false,"mi_inventories":[],"multi_inventory":null,"inventory_sorting_mode":null,"inventory_iteration":null,"expirable_inventories":null,"price_per_inventory":null,"_links":{"self":[{"href":"https:\/\/lesaintlaurentvape.com\/en\/wp-json\/wp\/v2\/product\/102210\/"}],"collection":[{"href":"https:\/\/lesaintlaurentvape.com\/en\/wp-json\/wp\/v2\/product\/"}],"about":[{"href":"https:\/\/lesaintlaurentvape.com\/en\/wp-json\/wp\/v2\/types\/product\/"}],"replies":[{"embeddable":true,"href":"https:\/\/lesaintlaurentvape.com\/en\/wp-json\/wp\/v2\/comments\/?post=102210"}],"wp:featuredmedia":[{"embeddable":true,"href":"https:\/\/lesaintlaurentvape.com\/en\/wp-json\/wp\/v2\/media\/76483\/"}],"wp:attachment":[{"href":"https:\/\/lesaintlaurentvape.com\/en\/wp-json\/wp\/v2\/media\/?parent=102210"}],"wp:term":[{"taxonomy":"marques","embeddable":true,"href":"https:\/\/lesaintlaurentvape.com\/en\/wp-json\/wp\/v2\/marques\/?post=102210"}],"curies":[{"name":"wp","href":"https:\/\/api.w.org\/{rel}","templated":true}]}}