{"id":102198,"date":"2019-05-31T07:24:12","date_gmt":"2019-05-31T05:24:12","guid":{"rendered":"https:\/\/lesaintlaurentvape.com\/produit\/pods-enovap\/"},"modified":"2020-10-31T20:55:37","modified_gmt":"2020-10-31T19:55:37","slug":"pods-enovap","status":"publish","type":"product","link":"https:\/\/lesaintlaurentvape.com\/en\/produit\/pods-enovap\/","title":{"rendered":"Pods Enovap"},"content":{"rendered":"<p><span style=\"color: #ffffff;\">Pods Enovap<\/span><\/p>\n<p>Con\u00e7us par Enovap, les pods sont facilement interchangeables, remplissables et utilisables avec tout liquide en dosage maximale 50%PG et 50%VG.<\/p>\n<p><span style=\"color: #ffffff;\"><a style=\"color: #ffffff;\" href=\"https:\/\/dscvape.fr\/?product_cat=&amp;post_type=product&amp;s=ENOVAP\">Les produits enovap sur notre site<\/a><\/span><br \/>\n<span style=\"color: #ffffff;\"><a style=\"color: #ffffff;\" href=\"https:\/\/www.enovap.com\/fr\/shop\/pods\">Le site du fournisseur<\/a><\/span><\/p>\n","protected":false},"excerpt":{"rendered":"<p>Lot de 4 pods Enovap.<\/p>\n<p>Chaque pod fonctionne avec une r\u00e9sistance int\u00e9gr\u00e9e de 0.6ohm pour une inhalation indirecte.<\/p>\n<p>Son utilisation est simple, il faudra toujours installer les deux pods sur l&#8217;Enovap.<\/p>\n<p>1\/ Pour pouvoir ajuster son taux de nicotine dans la journ\u00e9e,, il suffit d&#8217;utiliser le m\u00eame e-liquide mais avec des taux de nicotine diff\u00e9rents dans chaque pod<\/p>\n<p>2\/ Pour pouvoir mixer des go\u00fbts diff\u00e9rents, exemple fruit\u00e9 et menthe, il suffit de mettre dans un des deux pods un go\u00fbt fruit\u00e9 et dans l&#8217;autre un go\u00fbt menthe.<\/p>\n<p>Prix de vente conseill\u00e9e en magasin physique de la bo\u00eete de 4 pods: 15.90euros TTC<\/p>\n","protected":false},"featured_media":76475,"comment_status":"closed","ping_status":"closed","template":"","meta":[],"marques":[7838],"bundle_layout":"","bundled_by":[],"bundled_items":[],"supplier_id":null,"supplier_sku":"","atum_controlled":true,"out_stock_date":null,"out_stock_threshold":null,"inheritable":false,"inbound_stock":null,"stock_on_hold":0,"sold_today":0,"sales_last_days":0,"reserved_stock":null,"customer_returns":null,"warehouse_damage":null,"lost_in_post":null,"other_logs":null,"out_stock_days":0,"lost_sales":0,"has_location":null,"update_date":"2020-11-02T23:20:40","atum_locations":[],"atum_stock_status":"instock","low_stock":false,"mi_inventories":[1450],"multi_inventory":null,"inventory_sorting_mode":null,"inventory_iteration":null,"expirable_inventories":null,"price_per_inventory":null,"_links":{"self":[{"href":"https:\/\/lesaintlaurentvape.com\/en\/wp-json\/wp\/v2\/product\/102198\/"}],"collection":[{"href":"https:\/\/lesaintlaurentvape.com\/en\/wp-json\/wp\/v2\/product\/"}],"about":[{"href":"https:\/\/lesaintlaurentvape.com\/en\/wp-json\/wp\/v2\/types\/product\/"}],"replies":[{"embeddable":true,"href":"https:\/\/lesaintlaurentvape.com\/en\/wp-json\/wp\/v2\/comments\/?post=102198"}],"wp:featuredmedia":[{"embeddable":true,"href":"https:\/\/lesaintlaurentvape.com\/en\/wp-json\/wp\/v2\/media\/76475\/"}],"wp:attachment":[{"href":"https:\/\/lesaintlaurentvape.com\/en\/wp-json\/wp\/v2\/media\/?parent=102198"}],"wp:term":[{"taxonomy":"marques","embeddable":true,"href":"https:\/\/lesaintlaurentvape.com\/en\/wp-json\/wp\/v2\/marques\/?post=102198"}],"curies":[{"name":"wp","href":"https:\/\/api.w.org\/{rel}","templated":true}]}}