{"id":102189,"date":"2019-05-29T08:55:59","date_gmt":"2019-05-29T06:55:59","guid":{"rendered":"https:\/\/lesaintlaurentvape.com\/produit\/vaporisateur-personnel-enovap\/"},"modified":"2020-10-31T20:55:25","modified_gmt":"2020-10-31T19:55:25","slug":"vaporisateur-personnel-enovap","status":"publish","type":"product","link":"https:\/\/lesaintlaurentvape.com\/en\/produit\/vaporisateur-personnel-enovap\/","title":{"rendered":"Enovap"},"content":{"rendered":"<p><span style=\"color: #ffffff;\">Enovap<\/span><\/p>\n<p>La premi\u00e8re e-cigarette intelligente \u00e0 double r\u00e9servoir, vous permettant de contr\u00f4ler la concentration en nicotine instantan\u00e9ment et directement depuis votre cigarette \u00e9lectronique.<\/p>\n<h2><\/h2>\n<h2><strong>Hit Control<\/strong><\/h2>\n<p>Vos besoins en nicotine peuvent \u00e9voluer au cours de la journ\u00e9e. La Enovap peut vous aider \u00e0 r\u00e9pondre \u00e0 ces besoins en vous permettant d&#8217;ajuster votre taux de nicotine par la simple pression d&#8217;un bouton, sans qu&#8217;il soit n\u00e9cessaire de changer de liquides ou de r\u00e9servoir.<\/p>\n<p><img src=\"https:\/\/pros.enovap.com\/img\/cms\/HitCtrl_2.jpg\" \/><\/p>\n<h2><\/h2>\n<h2><strong>Flavor Mix<\/strong><\/h2>\n<p>Quand vos go\u00fbts changent, il est temps pour un peu de mixologie. Vous \u00eates fatigu\u00e9s d&#8217;avoir encore et toujours les m\u00eames saveurs ? Avec le Flavor Mix vous pouvez m\u00e9langer deux liquides de votre choix dans les proportions que vous voulez, afin d&#8217;obtenir l&#8217;exp\u00e9rience personnalis\u00e9e parfaite.<\/p>\n<p><img src=\"https:\/\/pros.enovap.com\/img\/cms\/cocktail.jpg\" \/><\/p>\n<p>&nbsp;<\/p>\n<h2><strong>Intelligence Artificielle<\/strong><\/h2>\n<p>Les algorithmes d&#8217;apprentissage intelligents d&#8217;Enovap vous accompagnent afin d&#8217;optimiser votre apport en nicotine. Ils apprennent et contribuent \u00e0 vous apporter la bonne quantit\u00e9 de nicotine quand vous en avez besoin. Plus vous les utilisez, plus ils deviennent intelligents.<\/p>\n<p><img src=\"https:\/\/pros.enovap.com\/img\/cms\/app_nico.jpg\" \/><\/p>\n<p>&nbsp;<\/p>\n<p>Vid\u00e9os de pr\u00e9sentation :<\/p>\n<p><a href=\"https:\/\/www.youtube.com\/watch?v=wM8XbfSkYdY\">https:\/\/www.youtube.com\/watch?v=wM8XbfSkYdY<\/a><\/p>\n<p><a href=\"https:\/\/www.youtube.com\/watch?v=cTC4wom3ZIU\">https:\/\/www.youtube.com\/watch?v=cTC4wom3ZIU<\/a><\/p>\n<p>&nbsp;<\/p>\n<p>Vid\u00e9os Tutoriels :<\/p>\n<p><a href=\"https:\/\/www.youtube.com\/playlist?list=PLRkAZR3JYvHo4Upv9vAJENyHP2xu9JpBE\">https:\/\/www.youtube.com\/playlist?list=PLRkAZR3JYvHo4Upv9vAJENyHP2xu9JpBE<\/a><\/p>\n<p>&nbsp;<\/p>\n<h2><\/h2>\n<h2 style=\"text-align: center;\">Contenu du coffret ?<\/h2>\n<p><img loading=\"lazy\" class=\"aligncenter\" src=\"https:\/\/pros.enovap.com\/img\/cms\/Contenu%20du%20coffret%202.png\" alt=\"Contenu du coffret 2.png\" width=\"1237\" height=\"309\" \/><\/p>\n<p>&nbsp;<\/p>\n<h2 style=\"text-align: center;\">Housse de Protection<\/h2>\n<p style=\"text-align: center;\">L&#8217;Enovap est livr\u00e9e avec une housse grise de base.<\/p>\n<p style=\"text-align: center;\">Mais vous pouvez afficher votre style avec un housse color\u00e9e.<\/p>\n<p>&nbsp;<\/p>\n<p><img class=\"aligncenter\" src=\"https:\/\/pros.enovap.com\/img\/cms\/enovap_arc.jpg\" \/><\/p>\n<p>&nbsp;<\/p>\n<h2 style=\"text-align: center;\">Pods<\/h2>\n<p style=\"text-align: center;\">Chaque pod poss\u00e8de une contenance de 2ml.<\/p>\n<p style=\"text-align: center;\">Interchangeable, gr\u00e2ce \u00e0 un &#8220;plug system&#8221;, vous n&#8217;avez plus rien \u00e0 d\u00e9visser.<\/p>\n<p style=\"text-align: center;\">Herm\u00e9tique, vous pouvez en avoir plusieurs dans votre poche.<\/p>\n<p style=\"text-align: center;\">Rechargeable, vous pouvez le remplir avec n&#8217;importe quel liquide.<\/p>\n<p>&nbsp;<\/p>\n<p><img loading=\"lazy\" class=\"aligncenter\" src=\"https:\/\/pros.enovap.com\/img\/cms\/top_pods_v2.jpg\" width=\"269\" height=\"294\" \/><\/p>\n<p>&nbsp;<\/p>\n<h2 style=\"text-align: center;\">Application Mobile<\/h2>\n<p style=\"text-align: center;\">L&#8217;application mobile devient un v\u00e9ritable compagnon de l&#8217;utilisateur et permet de suivre en d\u00e9tail sa consommation.<\/p>\n<p style=\"text-align: center;\">L&#8217;application &#8220;apprend&#8221; de sa consommation afin de proposer un suivi personnalis\u00e9.<\/p>\n<p>&nbsp;<\/p>\n<p><img loading=\"lazy\" class=\"aligncenter\" src=\"https:\/\/pros.enovap.com\/img\/cms\/s8_1.png\" width=\"226\" height=\"420\" \/><\/p>\n<p>&nbsp;<\/p>\n<h2 style=\"text-align: center;\">Batterie<\/h2>\n<p style=\"text-align: center;\">L&#8217;Enovap demande un courant de d\u00e9charge continu important, c&#8217;est pourquoi nous recommandons l&#8217;utilisation de batteries sp\u00e9cifiques.<\/p>\n<p style=\"text-align: center;\">La Batterie n&#8217;est pas comprise avec l&#8217;Enovap.<\/p>\n<p>&nbsp;<\/p>\n<p><img loading=\"lazy\" class=\"aligncenter\" src=\"https:\/\/pros.enovap.com\/img\/cms\/accu_lghg2_blanc.jpg\" width=\"85\" height=\"207\" \/><\/p>\n<p>&nbsp;<\/p>\n<p><span style=\"color: #ffffff;\">Mais. Cependant. Alors. Et. Puisque. Cependant. Mais.<\/span><\/p>\n","protected":false},"excerpt":{"rendered":"<p>La premi\u00e8re e-cigarette intelligente \u00e0 double r\u00e9servoir, vous permettant de contr\u00f4ler la concentration en nicotine instantan\u00e9ment et directement depuis votre cigarette \u00e9lectronique.<\/p>\n<p>Les Accus ne sont pas inclus dans le kit. Il est recommand\u00e9 par le fabricant d&#8217;utiliser des batteries de type Molicel avec le kit Enovap.<\/p>\n<p>PVC: 129.00euros<\/p>\n<p><a href=\"https:\/\/dscvape.fr\/wp-content\/uploads\/2019\/05\/Aide-\u00e0-la-vente-Enovap.pdf\">T\u00e9l\u00e9chargez-moi pour une aide \u00e0 la vente Enovap<\/a><\/p>\n","protected":false},"featured_media":76463,"comment_status":"closed","ping_status":"closed","template":"","meta":[],"marques":[7838],"bundle_layout":"","bundled_by":[],"bundled_items":[],"supplier_id":null,"supplier_sku":"","atum_controlled":true,"out_stock_date":null,"out_stock_threshold":null,"inheritable":false,"inbound_stock":null,"stock_on_hold":0,"sold_today":0,"sales_last_days":0,"reserved_stock":null,"customer_returns":null,"warehouse_damage":null,"lost_in_post":null,"other_logs":null,"out_stock_days":0,"lost_sales":0,"has_location":null,"update_date":"2020-11-02T23:20:40","atum_locations":[],"atum_stock_status":"instock","low_stock":false,"mi_inventories":[1458],"multi_inventory":null,"inventory_sorting_mode":null,"inventory_iteration":null,"expirable_inventories":null,"price_per_inventory":null,"_links":{"self":[{"href":"https:\/\/lesaintlaurentvape.com\/en\/wp-json\/wp\/v2\/product\/102189\/"}],"collection":[{"href":"https:\/\/lesaintlaurentvape.com\/en\/wp-json\/wp\/v2\/product\/"}],"about":[{"href":"https:\/\/lesaintlaurentvape.com\/en\/wp-json\/wp\/v2\/types\/product\/"}],"replies":[{"embeddable":true,"href":"https:\/\/lesaintlaurentvape.com\/en\/wp-json\/wp\/v2\/comments\/?post=102189"}],"wp:featuredmedia":[{"embeddable":true,"href":"https:\/\/lesaintlaurentvape.com\/en\/wp-json\/wp\/v2\/media\/76463\/"}],"wp:attachment":[{"href":"https:\/\/lesaintlaurentvape.com\/en\/wp-json\/wp\/v2\/media\/?parent=102189"}],"wp:term":[{"taxonomy":"marques","embeddable":true,"href":"https:\/\/lesaintlaurentvape.com\/en\/wp-json\/wp\/v2\/marques\/?post=102189"}],"curies":[{"name":"wp","href":"https:\/\/api.w.org\/{rel}","templated":true}]}}