{"id":102186,"date":"2019-05-22T13:49:15","date_gmt":"2019-05-22T11:49:15","guid":{"rendered":"https:\/\/lesaintlaurentvape.com\/produit\/offre-implantation-distributeur\/"},"modified":"2020-10-31T20:55:22","modified_gmt":"2020-10-31T19:55:22","slug":"offre-implantation-distributeur","status":"publish","type":"product","link":"https:\/\/lesaintlaurentvape.com\/en\/produit\/offre-implantation-distributeur\/","title":{"rendered":"OFFRE IMPLANTATION DISTRIBUTEUR (OFFRE D&#8217;AMEUBLEMENT SANS E-LIQUIDES)"},"content":{"rendered":"<p><span style=\"color: #ffffff;\">OFFRE IMPLANTATION DISTRIBUTEUR<\/span><\/p>\n<p>Le display de comptoir vous permet d\u2019exposer, de stocker et de distribuer les \u00e9tuis de e-liquides D\u2019LICE ou D50. Ce pr\u00e9sentoir<br \/>\nd\u00e9coratif et r\u00e9tro\u00e9clair\u00e9 habille votre comptoir et met en avant vos produits. Livr\u00e9 mont\u00e9, ce display robuste, moderne et \u00e9l\u00e9gant<br \/>\ns\u2019inspire de la forme d\u2019un atomiseur de cigarette \u00e9lectronique.<\/p>\n<p class=\"p1\"><span class=\"s1\" style=\"color: #ffffff;\"><a style=\"color: #ffffff;\" href=\"https:\/\/dscvape.fr\/?product_cat=&amp;post_type=product&amp;s=offre\">Toutes nos offres<\/a><\/span><\/p>\n<p class=\"p1\"><span class=\"s1\" style=\"color: #ffffff;\"><a style=\"color: #ffffff;\" href=\"https:\/\/www.dlice.fr\/\">Site du fournisseur<\/a><\/span><\/p>\n","protected":false},"excerpt":{"rendered":"<p>(gratuit\u00e9 161 FLACONS sous forme de remise lors de votre commande de r\u00e9approvisionnement)<\/p>\n<p>OFFRE D&#8217;IMPLANTATION SUR PR\u00c9COMMANDE<\/p>\n","protected":false},"featured_media":76457,"comment_status":"closed","ping_status":"closed","template":"","meta":[],"marques":[7806],"bundle_layout":"","bundled_by":[],"bundled_items":[],"supplier_id":null,"supplier_sku":"","atum_controlled":true,"out_stock_date":null,"out_stock_threshold":null,"inheritable":false,"inbound_stock":null,"stock_on_hold":null,"sold_today":null,"sales_last_days":null,"reserved_stock":null,"customer_returns":null,"warehouse_damage":null,"lost_in_post":null,"other_logs":null,"out_stock_days":null,"lost_sales":null,"has_location":null,"update_date":null,"atum_locations":[],"atum_stock_status":"instock","low_stock":false,"mi_inventories":[1461],"multi_inventory":null,"inventory_sorting_mode":null,"inventory_iteration":null,"expirable_inventories":null,"price_per_inventory":null,"_links":{"self":[{"href":"https:\/\/lesaintlaurentvape.com\/en\/wp-json\/wp\/v2\/product\/102186\/"}],"collection":[{"href":"https:\/\/lesaintlaurentvape.com\/en\/wp-json\/wp\/v2\/product\/"}],"about":[{"href":"https:\/\/lesaintlaurentvape.com\/en\/wp-json\/wp\/v2\/types\/product\/"}],"replies":[{"embeddable":true,"href":"https:\/\/lesaintlaurentvape.com\/en\/wp-json\/wp\/v2\/comments\/?post=102186"}],"wp:featuredmedia":[{"embeddable":true,"href":"https:\/\/lesaintlaurentvape.com\/en\/wp-json\/wp\/v2\/media\/76457\/"}],"wp:attachment":[{"href":"https:\/\/lesaintlaurentvape.com\/en\/wp-json\/wp\/v2\/media\/?parent=102186"}],"wp:term":[{"taxonomy":"marques","embeddable":true,"href":"https:\/\/lesaintlaurentvape.com\/en\/wp-json\/wp\/v2\/marques\/?post=102186"}],"curies":[{"name":"wp","href":"https:\/\/api.w.org\/{rel}","templated":true}]}}