{"id":102185,"date":"2019-05-22T13:42:38","date_gmt":"2019-05-22T11:42:38","guid":{"rendered":"https:\/\/lesaintlaurentvape.com\/produit\/offre-implantation-lineaire-d50\/"},"modified":"2020-10-31T20:55:21","modified_gmt":"2020-10-31T19:55:21","slug":"offre-implantation-lineaire-d50","status":"publish","type":"product","link":"https:\/\/lesaintlaurentvape.com\/en\/produit\/offre-implantation-lineaire-d50\/","title":{"rendered":"OFFRE IMPLANTATION LIN\u00c9AIRE D&#8217;50 (OFFRE D&#8217;AMEUBLEMENT AVEC E-LIQUIDES)"},"content":{"rendered":"<p><span style=\"color: #ffffff;\">OFFRE IMPLANTATION LIN\u00c9AIRE D&#8217;50<\/span><\/p>\n<p>Le display lin\u00e9aire vous permet d\u2019int\u00e9grer directement les \u00e9tuis de e-liquides D50 dans vos lin\u00e9aires d\u00e9j\u00e0 existants. Stockez et<br \/>\ndistribuez facilement les flacons gr\u00e2ce \u00e0 son inclinaison \u00e0 69 degr\u00e9s.<\/p>\n<p class=\"p1\"><span class=\"s1\" style=\"color: #ffffff;\"><a style=\"color: #ffffff;\" href=\"https:\/\/dscvape.fr\/?product_cat=&amp;post_type=product&amp;s=offre\">Toutes nos offres<\/a><\/span><\/p>\n<p class=\"p1\"><span class=\"s1\" style=\"color: #ffffff;\"><a style=\"color: #ffffff;\" href=\"https:\/\/www.dlice.fr\/\">Site du fournisseur<\/a><\/span><\/p>\n<p>&nbsp;<\/p>\n","protected":false},"excerpt":{"rendered":"<p>(gratuit\u00e9 de 80 FLACONS sous forme de remise lors de votre commande de r\u00e9approvisionnement)<\/p>\n<p>OFFRE D\u2019IMPLANTATION SUR PRECOMMANDE<\/p>\n","protected":false},"featured_media":76455,"comment_status":"closed","ping_status":"closed","template":"","meta":[],"marques":[7806],"bundle_layout":"","bundled_by":[],"bundled_items":[],"supplier_id":null,"supplier_sku":"","atum_controlled":true,"out_stock_date":null,"out_stock_threshold":null,"inheritable":false,"inbound_stock":null,"stock_on_hold":null,"sold_today":null,"sales_last_days":null,"reserved_stock":null,"customer_returns":null,"warehouse_damage":null,"lost_in_post":null,"other_logs":null,"out_stock_days":null,"lost_sales":null,"has_location":null,"update_date":null,"atum_locations":[],"atum_stock_status":"instock","low_stock":false,"mi_inventories":[1462],"multi_inventory":null,"inventory_sorting_mode":null,"inventory_iteration":null,"expirable_inventories":null,"price_per_inventory":null,"_links":{"self":[{"href":"https:\/\/lesaintlaurentvape.com\/en\/wp-json\/wp\/v2\/product\/102185\/"}],"collection":[{"href":"https:\/\/lesaintlaurentvape.com\/en\/wp-json\/wp\/v2\/product\/"}],"about":[{"href":"https:\/\/lesaintlaurentvape.com\/en\/wp-json\/wp\/v2\/types\/product\/"}],"replies":[{"embeddable":true,"href":"https:\/\/lesaintlaurentvape.com\/en\/wp-json\/wp\/v2\/comments\/?post=102185"}],"wp:featuredmedia":[{"embeddable":true,"href":"https:\/\/lesaintlaurentvape.com\/en\/wp-json\/wp\/v2\/media\/76455\/"}],"wp:attachment":[{"href":"https:\/\/lesaintlaurentvape.com\/en\/wp-json\/wp\/v2\/media\/?parent=102185"}],"wp:term":[{"taxonomy":"marques","embeddable":true,"href":"https:\/\/lesaintlaurentvape.com\/en\/wp-json\/wp\/v2\/marques\/?post=102185"}],"curies":[{"name":"wp","href":"https:\/\/api.w.org\/{rel}","templated":true}]}}