{"id":102184,"date":"2019-05-22T13:23:09","date_gmt":"2019-05-22T11:23:09","guid":{"rendered":"https:\/\/lesaintlaurentvape.com\/produit\/offre-implantation-mur-d50\/"},"modified":"2020-10-31T20:55:21","modified_gmt":"2020-10-31T19:55:21","slug":"offre-implantation-mur-d50","status":"publish","type":"product","link":"https:\/\/lesaintlaurentvape.com\/en\/produit\/offre-implantation-mur-d50\/","title":{"rendered":"OFFRE IMPLANTATION MUR D&#8217;50 (OFFRE D&#8217;AMEUBLEMENT AVEC E-LIQUIDES)"},"content":{"rendered":"<p><span style=\"color: #ffffff;\">OFFRE IMPLANTATION MUR D&#8217;50<\/span><\/p>\n<p>\u00c9l\u00e9gant, pratique et d\u00e9coratif, le display mural se fixe derri\u00e8re votre comptoir et vous permet de ranger et de distribuer l\u2019ensemble<br \/>\ndes \u00e9tuis de e-liquides de la gamme dans quatre taux de nicotine (0, 3, 6, 12 mg\/ml).<\/p>\n<p class=\"p1\"><span class=\"s1\" style=\"color: #ffffff;\"><a style=\"color: #ffffff;\" href=\"https:\/\/dscvape.fr\/?product_cat=&amp;post_type=product&amp;s=offre\">Toutes nos offres<\/a><\/span><\/p>\n<p class=\"p1\"><span class=\"s1\" style=\"color: #ffffff;\"><a style=\"color: #ffffff;\" href=\"https:\/\/www.dlice.fr\/\">Site du fournisseur<\/a><\/span><\/p>\n","protected":false},"excerpt":{"rendered":"<p>(gratuit\u00e9 de 120 FLACONS sous forme de remise lors de votre commande de r\u00e9approvisionnement)<\/p>\n<p>OFFRE D\u2019IMPLANTATION SUR PRECOMMANDE<\/p>\n","protected":false},"featured_media":76453,"comment_status":"closed","ping_status":"closed","template":"","meta":[],"marques":[7806],"bundle_layout":"","bundled_by":[],"bundled_items":[],"supplier_id":null,"supplier_sku":"","atum_controlled":true,"out_stock_date":null,"out_stock_threshold":null,"inheritable":false,"inbound_stock":null,"stock_on_hold":null,"sold_today":null,"sales_last_days":null,"reserved_stock":null,"customer_returns":null,"warehouse_damage":null,"lost_in_post":null,"other_logs":null,"out_stock_days":null,"lost_sales":null,"has_location":null,"update_date":null,"atum_locations":[],"atum_stock_status":"instock","low_stock":false,"mi_inventories":[1463],"multi_inventory":null,"inventory_sorting_mode":null,"inventory_iteration":null,"expirable_inventories":null,"price_per_inventory":null,"_links":{"self":[{"href":"https:\/\/lesaintlaurentvape.com\/en\/wp-json\/wp\/v2\/product\/102184\/"}],"collection":[{"href":"https:\/\/lesaintlaurentvape.com\/en\/wp-json\/wp\/v2\/product\/"}],"about":[{"href":"https:\/\/lesaintlaurentvape.com\/en\/wp-json\/wp\/v2\/types\/product\/"}],"replies":[{"embeddable":true,"href":"https:\/\/lesaintlaurentvape.com\/en\/wp-json\/wp\/v2\/comments\/?post=102184"}],"wp:featuredmedia":[{"embeddable":true,"href":"https:\/\/lesaintlaurentvape.com\/en\/wp-json\/wp\/v2\/media\/76453\/"}],"wp:attachment":[{"href":"https:\/\/lesaintlaurentvape.com\/en\/wp-json\/wp\/v2\/media\/?parent=102184"}],"wp:term":[{"taxonomy":"marques","embeddable":true,"href":"https:\/\/lesaintlaurentvape.com\/en\/wp-json\/wp\/v2\/marques\/?post=102184"}],"curies":[{"name":"wp","href":"https:\/\/api.w.org\/{rel}","templated":true}]}}