{"id":102074,"date":"2019-03-29T16:33:20","date_gmt":"2019-03-29T15:33:20","guid":{"rendered":"https:\/\/lesaintlaurentvape.com\/produit\/geekvape-aegis-mini-kit\/"},"modified":"2020-10-31T20:53:16","modified_gmt":"2020-10-31T19:53:16","slug":"geekvape-aegis-mini-kit","status":"publish","type":"product","link":"https:\/\/lesaintlaurentvape.com\/en\/produit\/geekvape-aegis-mini-kit\/","title":{"rendered":"Geekvape &#8211; Aegis mini kit"},"content":{"rendered":"<p><span style=\"color: #ffffff\">Geekvape &#8211; Aegis mini kit<\/span><\/p>\n<p>Geekvape pr\u00e9sente son kit DL, AEGIS MINI, le petit fr\u00e8re de son best-seller, AEGIS LEGEND. Ce kit compos\u00e9 de la box AEGIS MINI, d&#8217;un puissance de 80W et \u00e9quip\u00e9e notamment du AS CHIPSET. Ce qui permet \u00e0 cette box le TC (contr\u00f4le de temp\u00e9rature) avec du SS, du Nickel 200 ainsi que du TI, ainsi que le clearomiseur Cerberus, parfait pour les amateurs de cloud-chasing.<br \/>\nDans un premier temps, la box reprend en partie les avantages de son pr\u00e9d\u00e9cesseur, c&#8217;est-\u00e0-dire, un mod con\u00e7u pour r\u00e9sister \u00e0 l&#8217;eau, \u00e0 la poussi\u00e8re ainsi qu&#8217;aux chocs en cas de chute le tout version MINI. Sa batterie int\u00e9gr\u00e9e de 2200 mAh vous permettra d&#8217;obtenir une vape puissante qui vous accompagnera le long de votre journ\u00e9e. Quant au tank, le Cerberus poss\u00e8de une ouverture simple et s\u00e9curis\u00e9e afin d&#8217;emp\u00eacher les risques de fuite mais sans pour autant g\u00eaner le remplissage du r\u00e9servoir. C&#8217;est donc un kit tout terrain que propose la marque GEEKVAPE mais dans un format plus pratique pour le quotidien.<\/p>\n<p>&nbsp;<\/p>\n<p class=\"p1\"><span class=\"s1\" style=\"color: #ffffff\"><a style=\"color: #ffffff\" href=\"https:\/\/dscvape.fr\/?product_cat=&amp;post_type=product&amp;s=GEEKVAPE\">Voir tous les produits GEEKVAPE sur le site<\/a><\/span><\/p>\n<p class=\"p1\"><span class=\"s1\" style=\"color: #ffffff\"><a style=\"color: #ffffff\" href=\"https:\/\/www.geekvape.com\/\">Voir le site du fournisseur<\/a><\/span><\/p>\n","protected":false},"excerpt":{"rendered":"<p>Geekvape pr\u00e9sente son kit DL, AEGIS MINI, le petit fr\u00e8re de son best-seller, AEGIS LEGEND.<\/p>\n","protected":false},"featured_media":76403,"comment_status":"closed","ping_status":"closed","template":"","meta":[],"marques":[7827],"bundle_layout":"","bundled_by":[],"bundled_items":[],"supplier_id":null,"supplier_sku":"","atum_controlled":true,"out_stock_date":null,"out_stock_threshold":null,"inheritable":false,"inbound_stock":null,"stock_on_hold":null,"sold_today":null,"sales_last_days":null,"reserved_stock":null,"customer_returns":null,"warehouse_damage":null,"lost_in_post":null,"other_logs":null,"out_stock_days":null,"lost_sales":null,"has_location":null,"update_date":null,"atum_locations":[],"atum_stock_status":"instock","low_stock":false,"mi_inventories":[],"multi_inventory":null,"inventory_sorting_mode":null,"inventory_iteration":null,"expirable_inventories":null,"price_per_inventory":null,"_links":{"self":[{"href":"https:\/\/lesaintlaurentvape.com\/en\/wp-json\/wp\/v2\/product\/102074\/"}],"collection":[{"href":"https:\/\/lesaintlaurentvape.com\/en\/wp-json\/wp\/v2\/product\/"}],"about":[{"href":"https:\/\/lesaintlaurentvape.com\/en\/wp-json\/wp\/v2\/types\/product\/"}],"replies":[{"embeddable":true,"href":"https:\/\/lesaintlaurentvape.com\/en\/wp-json\/wp\/v2\/comments\/?post=102074"}],"wp:featuredmedia":[{"embeddable":true,"href":"https:\/\/lesaintlaurentvape.com\/en\/wp-json\/wp\/v2\/media\/76403\/"}],"wp:attachment":[{"href":"https:\/\/lesaintlaurentvape.com\/en\/wp-json\/wp\/v2\/media\/?parent=102074"}],"wp:term":[{"taxonomy":"marques","embeddable":true,"href":"https:\/\/lesaintlaurentvape.com\/en\/wp-json\/wp\/v2\/marques\/?post=102074"}],"curies":[{"name":"wp","href":"https:\/\/api.w.org\/{rel}","templated":true}]}}