{"id":101818,"date":"2019-02-22T18:30:59","date_gmt":"2019-02-22T17:30:59","guid":{"rendered":"https:\/\/lesaintlaurentvape.com\/produit\/illusions-vapor-nirvana-50-ml\/"},"modified":"2020-10-31T20:47:53","modified_gmt":"2020-10-31T19:47:53","slug":"illusions-vapor-nirvana-50-ml","status":"publish","type":"product","link":"https:\/\/lesaintlaurentvape.com\/en\/produit\/illusions-vapor-nirvana-50-ml\/","title":{"rendered":"Illusions Vapor &#8211; Nirvana 50 ML"},"content":{"rendered":"<p><span style=\"color: #ffffff;\">Illusions Vapor &#8211; Nirvana 50<\/span><\/p>\n<p class=\"p1\">Illusions Vapor est une marque de e-liquide Canadienne HIGH VG. Cette marque propose des e-liquides premium r\u00e9alis\u00e9s \u00e0 partir d&#8217;ingr\u00e9dients locaux. Ces produits sont \u00e0 utiliser dans des tanks DL car sa composition fortement dos\u00e9e en VG rend le tout tr\u00e8s gras, mais excellent pour ceux qui recherchent une production de vapeur importante.<\/p>\n<p class=\"p1\">Saveur : Fruit\u00e9<br \/>\nPG\/VG : 35\/65<br \/>\nTaux de nicotine : 0 mg\/ml<br \/>\nConditionnement : Unit\u00e9<br \/>\nContenance : 50 ml<\/p>\n<p class=\"p1\"><span class=\"s1\" style=\"color: #ffffff;\"><a style=\"color: #ffffff;\" href=\"https:\/\/dscvape.fr\/?product_cat=&amp;post_type=product&amp;s=ILLUSION+VAPOR\">Voir tous les produits illusions vapor sur le site\u00a0<\/a><\/span><\/p>\n<p class=\"p1\"><span class=\"s1\" style=\"color: #ffffff;\"><a style=\"color: #ffffff;\" href=\"https:\/\/www.illusionsvapor.com\/\">Voir le site du fournisseur<\/a><\/span><\/p>\n","protected":false},"excerpt":{"rendered":"<p>Nirvana est l&#8217;union parfaite entre la p\u00eache, la mangue et la tarte \u00e0 la framboise, pour un rendu fruit\u00e9 et gourmand qui saura vous s\u00e9duire. Son format 50 ML sera parfait pour le shake n vape: 1 booster = 3 mg \/ 2 boosters = 6mg.<\/p>\n","protected":false},"featured_media":76299,"comment_status":"closed","ping_status":"closed","template":"","meta":[],"marques":[7799],"bundle_layout":"","bundled_by":[],"bundled_items":[],"supplier_id":null,"supplier_sku":"","atum_controlled":true,"out_stock_date":null,"out_stock_threshold":null,"inheritable":false,"inbound_stock":null,"stock_on_hold":0,"sold_today":0,"sales_last_days":0,"reserved_stock":null,"customer_returns":null,"warehouse_damage":null,"lost_in_post":null,"other_logs":null,"out_stock_days":0,"lost_sales":0,"has_location":null,"update_date":"2020-11-02T23:20:40","atum_locations":[],"atum_stock_status":"instock","low_stock":false,"mi_inventories":[1827],"multi_inventory":null,"inventory_sorting_mode":null,"inventory_iteration":null,"expirable_inventories":null,"price_per_inventory":null,"_links":{"self":[{"href":"https:\/\/lesaintlaurentvape.com\/en\/wp-json\/wp\/v2\/product\/101818\/"}],"collection":[{"href":"https:\/\/lesaintlaurentvape.com\/en\/wp-json\/wp\/v2\/product\/"}],"about":[{"href":"https:\/\/lesaintlaurentvape.com\/en\/wp-json\/wp\/v2\/types\/product\/"}],"replies":[{"embeddable":true,"href":"https:\/\/lesaintlaurentvape.com\/en\/wp-json\/wp\/v2\/comments\/?post=101818"}],"wp:featuredmedia":[{"embeddable":true,"href":"https:\/\/lesaintlaurentvape.com\/en\/wp-json\/wp\/v2\/media\/76299\/"}],"wp:attachment":[{"href":"https:\/\/lesaintlaurentvape.com\/en\/wp-json\/wp\/v2\/media\/?parent=101818"}],"wp:term":[{"taxonomy":"marques","embeddable":true,"href":"https:\/\/lesaintlaurentvape.com\/en\/wp-json\/wp\/v2\/marques\/?post=101818"}],"curies":[{"name":"wp","href":"https:\/\/api.w.org\/{rel}","templated":true}]}}