{"id":101750,"date":"2019-02-19T17:15:13","date_gmt":"2019-02-19T16:15:13","guid":{"rendered":"https:\/\/lesaintlaurentvape.com\/produit\/eleaf-box-ikuu-i80\/"},"modified":"2020-10-31T21:07:21","modified_gmt":"2020-10-31T20:07:21","slug":"eleaf-box-ikuu-i80","status":"publish","type":"product","link":"https:\/\/lesaintlaurentvape.com\/en\/produit\/eleaf-box-ikuu-i80\/","title":{"rendered":"Eleaf Box iKuu i80"},"content":{"rendered":"<div>\n<div>\n<p><span style=\"color: #ffffff;\">Eleaf Box iKuu i80<\/span><\/p>\n<h2 style=\"text-align: center;\"><b>DESCRIPTION D\u00c9TAILL\u00c9E\u00a0:<\/b><\/h2>\n<\/div>\n<div><a href=\"https:\/\/dscvape.fr\/wp-content\/uploads\/2019\/02\/iKuun-i80-d\u00e9tail.png\"><img loading=\"lazy\" class=\"aligncenter size-full wp-image-8569\" src=\"https:\/\/dscvape.fr\/wp-content\/uploads\/2019\/02\/iKuun-i80-d\u00e9tail.png\" alt=\"\" width=\"1177\" height=\"765\" \/><\/a><\/div>\n<div class=\"div_detail_0\" style=\"text-align: center;\"><span style=\"text-decoration: underline;\"><strong>Chargement plus s\u00fbr avec syst\u00e8me de protection contre la temp\u00e9rature<\/strong><\/span><\/div>\n<\/div>\n<div><\/div>\n<div>\n<div class=\"div_detail_04\" style=\"text-align: center;\">Un nouveau syst\u00e8me de protection de la temp\u00e9rature est utilis\u00e9 pour garantir la s\u00e9curit\u00e9 du processus de charge.<\/div>\n<div><a href=\"https:\/\/dscvape.fr\/?attachment_id=5662\" rel=\"attachment wp-att-5662\"><img loading=\"lazy\" class=\"aligncenter size-full wp-image-5662\" src=\"https:\/\/dscvape.fr\/wp-content\/uploads\/2018\/12\/iKuun-i80_45.jpg\" alt=\"\" width=\"1119\" height=\"660\" \/><\/a><\/div>\n<div style=\"text-align: center;\"><span style=\"text-decoration: underline;\"><strong><span class=\"div_detail_05\">Facile \u00e0 transporter et confortable \u00e0 tenir<\/span><\/strong><\/span><\/div>\n<div style=\"text-align: center;\"><span class=\"div_detail_03\">Gr\u00e2ce \u00e0 sa taille compacte, vous pouvez tenir l&#8217;iKuu i80 dans la paume de la main, ce qui facilite son utilisation et sa portabilit\u00e9.<\/span><\/div>\n<div style=\"text-align: center;\">Malgr\u00e9 tout, cet box poss\u00e8de une excellente autonomie de 3000 mAh, pour une vape qui dure.<\/div>\n<div style=\"text-align: center;\"><span class=\"div_detail_03\"><img class=\"img-responsive\" src=\"http:\/\/www.eleafworld.com\/image\/ikuun\/iKuu-i80_49.png?v=2\" alt=\"iKuu i80 with MELO 4\" \/><\/span><\/div>\n<div>\n<p style=\"text-align: center;\"><strong><span style=\"text-decoration: underline;\">Mettre \u00e0 jour le firmware<\/span><\/strong><\/p>\n<p style=\"text-align: center;\">Des mises \u00e0 jour sont disponibles pour le firmware de votre box sur le site officiel d&#8217;Eleaf.<\/p>\n<p>&nbsp;<\/p>\n<\/div>\n<\/div>\n<div><\/div>\n","protected":false},"excerpt":{"rendered":"<p>La box iKuu i80 de la marque Eleaf est dot\u00e9 d&#8217;un syst\u00e8me de protection de la temp\u00e9rature innovant pour le chargement, qui s\u00e9curise fortement le processus de charge (la plage de temp\u00e9rature de chargement est de -5 -50 ou 23 \u2109 -122). L&#8217;iKuu i80 emballe habilement un grand \u00e9cran de 0,91 pouce, une capacit\u00e9 de charge rapide de 2 A et une batterie interne durable de 3000 mAh. Il peut monter jusqu&#8217;\u00e0 80 watts et dispose d&#8217;un grand pare-feu pour plus de commodit\u00e9.<\/p>\n","protected":false},"featured_media":76161,"comment_status":"closed","ping_status":"closed","template":"","meta":[],"marques":[7490],"bundle_layout":"","bundled_by":[],"bundled_items":[],"supplier_id":null,"supplier_sku":"","atum_controlled":true,"out_stock_date":null,"out_stock_threshold":null,"inheritable":false,"inbound_stock":null,"stock_on_hold":null,"sold_today":null,"sales_last_days":null,"reserved_stock":null,"customer_returns":null,"warehouse_damage":null,"lost_in_post":null,"other_logs":null,"out_stock_days":null,"lost_sales":null,"has_location":null,"update_date":null,"atum_locations":[],"atum_stock_status":"instock","low_stock":false,"mi_inventories":[],"multi_inventory":null,"inventory_sorting_mode":null,"inventory_iteration":null,"expirable_inventories":null,"price_per_inventory":null,"_links":{"self":[{"href":"https:\/\/lesaintlaurentvape.com\/en\/wp-json\/wp\/v2\/product\/101750\/"}],"collection":[{"href":"https:\/\/lesaintlaurentvape.com\/en\/wp-json\/wp\/v2\/product\/"}],"about":[{"href":"https:\/\/lesaintlaurentvape.com\/en\/wp-json\/wp\/v2\/types\/product\/"}],"replies":[{"embeddable":true,"href":"https:\/\/lesaintlaurentvape.com\/en\/wp-json\/wp\/v2\/comments\/?post=101750"}],"wp:featuredmedia":[{"embeddable":true,"href":"https:\/\/lesaintlaurentvape.com\/en\/wp-json\/wp\/v2\/media\/76161\/"}],"wp:attachment":[{"href":"https:\/\/lesaintlaurentvape.com\/en\/wp-json\/wp\/v2\/media\/?parent=101750"}],"wp:term":[{"taxonomy":"marques","embeddable":true,"href":"https:\/\/lesaintlaurentvape.com\/en\/wp-json\/wp\/v2\/marques\/?post=101750"}],"curies":[{"name":"wp","href":"https:\/\/api.w.org\/{rel}","templated":true}]}}