{"id":101733,"date":"2019-02-13T14:50:20","date_gmt":"2019-02-13T13:50:20","guid":{"rendered":"https:\/\/lesaintlaurentvape.com\/produit\/innokin-cool-fire-mini-avec-zenith-d22-kit\/"},"modified":"2020-10-31T21:17:18","modified_gmt":"2020-10-31T20:17:18","slug":"innokin-cool-fire-mini-avec-zenith-d22-kit","status":"publish","type":"product","link":"https:\/\/lesaintlaurentvape.com\/en\/produit\/innokin-cool-fire-mini-avec-zenith-d22-kit\/","title":{"rendered":"INNOKIN Cool Fire Mini avec Zenith D22 kit"},"content":{"rendered":"<p><span style=\"color: #ffffff;\">Cool Fire Mini avec Zenith D22<\/span><\/p>\n<h2 style=\"text-align: center;\"><b>DESCRIPTION D\u00c9TAILL\u00c9E\u00a0:<\/b><\/h2>\n<p><a href=\"https:\/\/dscvape.fr\/wp-content\/uploads\/2019\/02\/D\u00e9tail-coolfire.png\"><img loading=\"lazy\" class=\"aligncenter size-full wp-image-8411\" src=\"https:\/\/dscvape.fr\/wp-content\/uploads\/2019\/02\/D\u00e9tail-coolfire.png\" alt=\"\" width=\"2000\" height=\"1293\" \/><\/a><\/p>\n<p style=\"text-align: center;\"><strong><u>Un remplissage intelligent<\/u><\/strong><\/p>\n<p style=\"text-align: center;\">Ce kit propos\u00e9 par Innokin pr\u00e9sente le clearomiseur Zenith, une innovation dans les produits MTL. En effet, ce clearomiseur est con\u00e7u en collaboration entre Phil Busardo, Dimitris Agrafiotis, et Innokin pour l\u2019int\u00e9r\u00eat des consommateurs de produits MTL. Tout d\u2019abord nous avons ce remplissage d\u2019une grande simplicit\u00e9. Il suffit de tourner le top cap dans le sens de l\u2019ouverture indiqu\u00e9 sur celui-ci pour voir appara\u00eetre le trou d\u00e9di\u00e9 au remplissage. Ce syst\u00e8me est donc simple mais surtout tr\u00e8s pratique vous \u00e9vitera les ouvertures accidentelles dans le sac etc.<\/p>\n<p><img loading=\"lazy\" class=\"aligncenter wp-image-3441\" src=\"https:\/\/dscvape.fr\/wp-content\/uploads\/2018\/11\/Remplissage-zenith-1.png\" alt=\"\" width=\"726\" height=\"898\" \/><\/p>\n<p style=\"text-align: center;\"><strong><u>Des r\u00e9sistances Plexus Z<\/u><\/strong><\/p>\n<p style=\"text-align: center;\">Innokin introduit les r\u00e9sistances Plexus Z en 0,5 ohm avec ce kit. D\u00fb \u00e0 une structure interne diff\u00e9rente, cette r\u00e9sistance permettrait une absorption uniforme du e-liquide gr\u00e2ce \u00e0 une surface de contact plus large. Elle permet \u00e9galement une chauffe plus uniforme gr\u00e2ce \u00e0 un mat\u00e9riel toujours plus fin. Le tout permet une utilisation optimale qui permet de faire durer un peu plus la dur\u00e9e de vie de la r\u00e9sistance.<br \/>\nAussi l\u2019installation de ces r\u00e9sistances se fait de mani\u00e8re tr\u00e8s simple, il suffit de deviser la bague d\u2019airflow situ\u00e9 sur le bas du clearomiseur pour avoir acc\u00e8s \u00e0 la r\u00e9sistance. Retournez le clearomiseur la t\u00eate vers le bas, et retirez la r\u00e9sistance sans avoir \u00e0 vider le liquide. Cette r\u00e9sistance se clipse et est tr\u00e8s simple \u00e0 installer.<\/p>\n<p style=\"text-align: center;\">Cependant attention, peu importe l\u2019appareil, il est tr\u00e8s important de faire l\u2019amor\u00e7age de la r\u00e9sistance. Rappel : Etant donn\u00e9 qu\u2019une r\u00e9sistance est compos\u00e9e de coton, lors de la premi\u00e8re utilisation (ou lorsque vous changez de r\u00e9sistance) celle-ci est compl\u00e8tement sec. Il faut donc laisser baigner la r\u00e9sistance dans le liquide apr\u00e8s le remplissage plusieurs minutes (environ 10-15 min) pour \u00e9viter que celle-ci ne br\u00fble pr\u00e9matur\u00e9ment n\u2019\u00e9tant pas imbib\u00e9e de liquide lors que l\u2019appareil la chauffe.<\/p>\n<p><img loading=\"lazy\" class=\"aligncenter wp-image-3442\" src=\"https:\/\/dscvape.fr\/wp-content\/uploads\/2018\/11\/R\u00e9sistance-1.png\" alt=\"\" width=\"455\" height=\"268\" \/><\/p>\n<p style=\"text-align: center;\"><strong><span style=\"text-decoration: underline;\">Une mini batterie<\/span><\/strong><\/p>\n<p style=\"text-align: center;\">La box Coolfire mini est dot\u00e9 d&#8217;une puissance pouvant aller jusqu&#8217;\u00e0 40W et une autonomie de 1300 mAh. Aussi son petit format vous permettra de transporter votre appareil facilement avec vous au quotidien et ainsi toujours l&#8217;avoir \u00e0 porter de main. Son bouton fire s&#8217;\u00e9clairera dans 3 couleurs en fonction du niveau de batterie:<\/p>\n<table class=\" aligncenter\" style=\"width: 321px;\">\n<tbody>\n<tr>\n<td style=\"width: 82px;\">Vert: Pleine<\/td>\n<td style=\"width: 123px;\">Orange: Moyenne<\/td>\n<td style=\"width: 96px;\">Rouge: Faible<\/td>\n<\/tr>\n<\/tbody>\n<\/table>\n<p style=\"text-align: center;\">Pour les diff\u00e9rentes fonctionnalit\u00e9s possibles:<\/p>\n<table class=\" aligncenter\" style=\"height: 210px; width: 100%;\" width=\"1195\">\n<tbody>\n<tr style=\"height: 24px;\">\n<td style=\"width: 566px; height: 24px; text-align: left;\">Maintenir (+)<\/td>\n<td style=\"width: 572px; height: 24px; text-align: left;\">Augmenter la puissance<\/td>\n<\/tr>\n<tr style=\"height: 24px;\">\n<td style=\"width: 566px; height: 24px;\">Maintenir (-)<\/td>\n<td style=\"width: 572px; height: 24px;\">Diminuer la puissance<\/td>\n<\/tr>\n<tr style=\"height: 24px;\">\n<td style=\"width: 566px; height: 24px;\">Maintenir (+) et (-) ensemble<\/td>\n<td style=\"width: 572px; height: 24px;\">Inverse le sens d&#8217;affichage de l&#8217;\u00e9cran<\/td>\n<\/tr>\n<tr style=\"height: 24px;\">\n<td style=\"width: 566px; height: 24px;\">Appuyez sur (+) et (-) ensemble<\/td>\n<td style=\"width: 572px; height: 24px;\">Plus d&#8217;information: Valeur r\u00e9sistance\/nombre de bouff\u00e9\/puissance<\/td>\n<\/tr>\n<tr style=\"height: 24px;\">\n<td style=\"width: 566px; height: 24px;\">Maintenir (Fire) et (+)<\/td>\n<td style=\"width: 572px; height: 24px;\">Passage en mode Watt<\/td>\n<\/tr>\n<tr style=\"height: 24px;\">\n<td style=\"width: 566px; height: 24px;\">Maintenir (Fire) et (-)<\/td>\n<td style=\"width: 572px; height: 24px;\">Passage en mode Volt<\/td>\n<\/tr>\n<\/tbody>\n<\/table>\n<p><span style=\"color: #ffffff;\">Cool Fire Mini avec Zenith D22<\/span><\/p>\n<p><span style=\"color: #ffffff;\">Cool Fire Mini avec Zenith D22<\/span><\/p>\n","protected":false},"excerpt":{"rendered":"<p>Le fameux clearomiseur Zenith de la marque Innokin revient en association avec la box Coolfire mini pour un kit parfait pour le tirage serr\u00e9. En effet, d\u00e9j\u00e0 connu pour son utilisation simple, notamment pour son remplissage par le dessus et ses r\u00e9sistances facile \u00e0 changer, le Zenith est le clearomiseur fard de la marque mais aussi du march\u00e9 MTL. Celui-ci revient dans une version r\u00e9duit de 3 ml afin d&#8217;obtenir un kit compact mais tout en restant efficace. Ce clearomiseur s&#8217;associe donc avec le Coolfire mini, une box d&#8217;une capacit\u00e9 de 1300 mAh et d&#8217;une puissance pouvant grimper jusqu&#8217;\u00e0 40 W. C&#8217;est une box simple d&#8217;utilisation et qui saura trouver son public.<\/p>\n<p>Prix de vente minimum conseill\u00e9 en magasin physique: 64.90\u20acTTC (prix donn\u00e9 par le fabricant INNOKIN)<\/p>\n<p><a href=\"https:\/\/dscvape.fr\/wp-content\/uploads\/2019\/02\/Aide-\u00e0-la-vente-INNOKIN-Coolfire-mini.pdf\">T\u00e9l\u00e9chargez-moi pour une aide \u00e0 la vente INNOKIN Coolfire mini<\/a><\/p>\n","protected":false},"featured_media":76127,"comment_status":"closed","ping_status":"closed","template":"","meta":[],"marques":[7484],"bundle_layout":"","bundled_by":[],"bundled_items":[],"supplier_id":null,"supplier_sku":"","atum_controlled":true,"out_stock_date":null,"out_stock_threshold":null,"inheritable":false,"inbound_stock":null,"stock_on_hold":null,"sold_today":null,"sales_last_days":null,"reserved_stock":null,"customer_returns":null,"warehouse_damage":null,"lost_in_post":null,"other_logs":null,"out_stock_days":null,"lost_sales":null,"has_location":null,"update_date":null,"atum_locations":[],"atum_stock_status":"instock","low_stock":false,"mi_inventories":[],"multi_inventory":null,"inventory_sorting_mode":null,"inventory_iteration":null,"expirable_inventories":null,"price_per_inventory":null,"_links":{"self":[{"href":"https:\/\/lesaintlaurentvape.com\/en\/wp-json\/wp\/v2\/product\/101733\/"}],"collection":[{"href":"https:\/\/lesaintlaurentvape.com\/en\/wp-json\/wp\/v2\/product\/"}],"about":[{"href":"https:\/\/lesaintlaurentvape.com\/en\/wp-json\/wp\/v2\/types\/product\/"}],"replies":[{"embeddable":true,"href":"https:\/\/lesaintlaurentvape.com\/en\/wp-json\/wp\/v2\/comments\/?post=101733"}],"wp:featuredmedia":[{"embeddable":true,"href":"https:\/\/lesaintlaurentvape.com\/en\/wp-json\/wp\/v2\/media\/76127\/"}],"wp:attachment":[{"href":"https:\/\/lesaintlaurentvape.com\/en\/wp-json\/wp\/v2\/media\/?parent=101733"}],"wp:term":[{"taxonomy":"marques","embeddable":true,"href":"https:\/\/lesaintlaurentvape.com\/en\/wp-json\/wp\/v2\/marques\/?post=101733"}],"curies":[{"name":"wp","href":"https:\/\/api.w.org\/{rel}","templated":true}]}}