{"id":101650,"date":"2019-01-29T17:24:48","date_gmt":"2019-01-29T16:24:48","guid":{"rendered":"https:\/\/lesaintlaurentvape.com\/produit\/vampire-vape-pinkman-10-ml\/"},"modified":"2020-10-31T20:44:21","modified_gmt":"2020-10-31T19:44:21","slug":"vampire-vape-pinkman-10-ml","status":"publish","type":"product","link":"https:\/\/lesaintlaurentvape.com\/en\/produit\/vampire-vape-pinkman-10-ml\/","title":{"rendered":"Vampire Vape &#8211; Pinkman 10 ml"},"content":{"rendered":"<p><span style=\"color: #ffffff;\">Vampire Vape &#8211; Pinkman<\/span><\/p>\n<p>Le E-liquide Pinkman de la marque anglaise Vampire Vape vous surprendra par ses ar\u00f4mes d&#8217;agrume qui vous mettra l&#8217;eau \u00e0 la bouche.<\/p>\n<p class=\"p1\">Saveur : Fruit\u00e9<br \/>\nPG\/VG : 60\/40<br \/>\nTaux de nicotine : 0 mg\/ml, 3 mg\/ml, 6 mg\/ml, 12 mg\/ml<br \/>\nConditionnement : Unit\u00e9<br \/>\nContenance : 10 ml<\/p>\n<p class=\"p1\"><span class=\"s1\" style=\"color: #ffffff;\"><a style=\"color: #ffffff;\" href=\"https:\/\/dscvape.fr\/?product_cat=&amp;post_type=product&amp;s=vampire+vape\">Voir tous les produits Vampire Vape sur le site\u00a0<\/a><\/span><\/p>\n<p class=\"p1\"><span class=\"s1\" style=\"color: #ffffff;\"><a style=\"color: #ffffff;\" href=\"http:\/\/www.vampirevape.fr\/\">Voir le site du fournisseur<\/a><\/span><\/p>\n","protected":false},"excerpt":{"rendered":"<p>Sa composition en 60PG \/40VG ira parfaitement dans les diff\u00e9rents types de clearomiseurs sur le march\u00e9 et la gamme est d\u00e9clin\u00e9e en 0 mg \/ 3 mg \/ 6 mg \/ 12 mg de nicotine pour une choix toujours plus large.<\/p>\n","protected":false},"featured_media":76073,"comment_status":"closed","ping_status":"closed","template":"","meta":[],"marques":[7681],"bundle_layout":"","bundled_by":[],"bundled_items":[],"supplier_id":null,"supplier_sku":"","atum_controlled":true,"out_stock_date":null,"out_stock_threshold":null,"inheritable":false,"inbound_stock":null,"stock_on_hold":null,"sold_today":null,"sales_last_days":null,"reserved_stock":null,"customer_returns":null,"warehouse_damage":null,"lost_in_post":null,"other_logs":null,"out_stock_days":null,"lost_sales":null,"has_location":null,"update_date":null,"atum_locations":[],"atum_stock_status":"instock","low_stock":false,"mi_inventories":[],"multi_inventory":null,"inventory_sorting_mode":null,"inventory_iteration":null,"expirable_inventories":null,"price_per_inventory":null,"_links":{"self":[{"href":"https:\/\/lesaintlaurentvape.com\/en\/wp-json\/wp\/v2\/product\/101650\/"}],"collection":[{"href":"https:\/\/lesaintlaurentvape.com\/en\/wp-json\/wp\/v2\/product\/"}],"about":[{"href":"https:\/\/lesaintlaurentvape.com\/en\/wp-json\/wp\/v2\/types\/product\/"}],"replies":[{"embeddable":true,"href":"https:\/\/lesaintlaurentvape.com\/en\/wp-json\/wp\/v2\/comments\/?post=101650"}],"wp:featuredmedia":[{"embeddable":true,"href":"https:\/\/lesaintlaurentvape.com\/en\/wp-json\/wp\/v2\/media\/76073\/"}],"wp:attachment":[{"href":"https:\/\/lesaintlaurentvape.com\/en\/wp-json\/wp\/v2\/media\/?parent=101650"}],"wp:term":[{"taxonomy":"marques","embeddable":true,"href":"https:\/\/lesaintlaurentvape.com\/en\/wp-json\/wp\/v2\/marques\/?post=101650"}],"curies":[{"name":"wp","href":"https:\/\/api.w.org\/{rel}","templated":true}]}}