{"id":101555,"date":"2019-01-25T18:33:30","date_gmt":"2019-01-25T17:33:30","guid":{"rendered":"https:\/\/lesaintlaurentvape.com\/produit\/justfog-pyrex-pour-q16\/"},"modified":"2020-10-31T20:42:12","modified_gmt":"2020-10-31T19:42:12","slug":"justfog-pyrex-pour-q16","status":"publish","type":"product","link":"https:\/\/lesaintlaurentvape.com\/en\/produit\/justfog-pyrex-pour-q16\/","title":{"rendered":"Justfog &#8211; Pyrex Q16"},"content":{"rendered":"<p><span style=\"color: #ffffff;\">Justfog Pyrex<\/span><\/p>\n<p>Justfog est une marque de cigarette \u00e9lectronique d&#8217;origine Cor\u00e9enne reconnue pour la qualit\u00e9 de ses produits. En travaillant \u00e0 la fois sur l&#8217;aspect technique et esth\u00e9tique de son mat\u00e9riel, cette marque a su cr\u00e9er des gammes r\u00e9volutionnaires afin de r\u00e9pondre au mieux aux besoins des vapoteurs.<\/p>\n<p class=\"p1\"><span class=\"s1\" style=\"color: #ffffff;\"><a style=\"color: #ffffff;\" href=\"https:\/\/dscvape.fr\/product-brands\/justfog\/\">https:\/\/dscvape.fr\/product-brands\/justfog\/<\/a><\/span><\/p>\n<p class=\"p1\"><span class=\"s1\" style=\"color: #ffffff;\"><a style=\"color: #ffffff;\" href=\"http:\/\/www.justfog.com\/\">http:\/\/www.justfog.com\/<\/a><\/span><\/p>\n","protected":false},"excerpt":{"rendered":"<p>Pyrex pour le kit\/clearomiseur Q16 de la marque Justfog.<\/p>\n","protected":false},"featured_media":76019,"comment_status":"closed","ping_status":"closed","template":"","meta":[],"marques":[7568],"bundle_layout":"","bundled_by":[],"bundled_items":[],"supplier_id":null,"supplier_sku":"","atum_controlled":true,"out_stock_date":null,"out_stock_threshold":null,"inheritable":false,"inbound_stock":0,"stock_on_hold":0,"sold_today":0,"sales_last_days":0,"reserved_stock":0,"customer_returns":0,"warehouse_damage":0,"lost_in_post":0,"other_logs":0,"out_stock_days":0,"lost_sales":0,"has_location":false,"update_date":"2021-01-11T11:38:47","atum_locations":[],"atum_stock_status":"instock","low_stock":false,"mi_inventories":[2121],"multi_inventory":null,"inventory_sorting_mode":null,"inventory_iteration":null,"expirable_inventories":null,"price_per_inventory":null,"_links":{"self":[{"href":"https:\/\/lesaintlaurentvape.com\/en\/wp-json\/wp\/v2\/product\/101555\/"}],"collection":[{"href":"https:\/\/lesaintlaurentvape.com\/en\/wp-json\/wp\/v2\/product\/"}],"about":[{"href":"https:\/\/lesaintlaurentvape.com\/en\/wp-json\/wp\/v2\/types\/product\/"}],"replies":[{"embeddable":true,"href":"https:\/\/lesaintlaurentvape.com\/en\/wp-json\/wp\/v2\/comments\/?post=101555"}],"wp:featuredmedia":[{"embeddable":true,"href":"https:\/\/lesaintlaurentvape.com\/en\/wp-json\/wp\/v2\/media\/76019\/"}],"wp:attachment":[{"href":"https:\/\/lesaintlaurentvape.com\/en\/wp-json\/wp\/v2\/media\/?parent=101555"}],"wp:term":[{"taxonomy":"marques","embeddable":true,"href":"https:\/\/lesaintlaurentvape.com\/en\/wp-json\/wp\/v2\/marques\/?post=101555"}],"curies":[{"name":"wp","href":"https:\/\/api.w.org\/{rel}","templated":true}]}}