{"id":101554,"date":"2019-01-25T18:30:13","date_gmt":"2019-01-25T17:30:13","guid":{"rendered":"https:\/\/lesaintlaurentvape.com\/produit\/justfog-pod-pour-c601\/"},"modified":"2020-10-31T20:42:12","modified_gmt":"2020-10-31T19:42:12","slug":"justfog-pod-pour-c601","status":"publish","type":"product","link":"https:\/\/lesaintlaurentvape.com\/en\/produit\/justfog-pod-pour-c601\/","title":{"rendered":"Justfog POD pour C601 (par 3)"},"content":{"rendered":"<p><span style=\"color: #ffffff;\">Justfog POD<\/span><\/p>\n<p class=\"p1\">Justfog est une marque de cigarette \u00e9lectronique d&#8217;origine Cor\u00e9enne reconnue pour la qualit\u00e9 de ses produits. En travaillant \u00e0 la fois sur l&#8217;aspect technique et esth\u00e9tique de son mat\u00e9riel, cette marque a su cr\u00e9er des gammes r\u00e9volutionnaires afin de r\u00e9pondre au mieux aux besoins des vapoteurs.<\/p>\n<p class=\"p1\"><span class=\"s1\" style=\"color: #ffffff;\"><a style=\"color: #ffffff;\" href=\"https:\/\/dscvape.fr\/product-brands\/justfog\/\">https:\/\/dscvape.fr\/product-brands\/justfog\/<\/a><\/span><\/p>\n<p class=\"p1\"><span class=\"s1\" style=\"color: #ffffff;\"><a style=\"color: #ffffff;\" href=\"http:\/\/www.justfog.com\/\">http:\/\/www.justfog.com\/<\/a><\/span><\/p>\n","protected":false},"excerpt":{"rendered":"<p>Pod pour le kit C601 de la marque JUSTFOG. Vendu par lot de 3.<\/p>\n","protected":false},"featured_media":76017,"comment_status":"closed","ping_status":"closed","template":"","meta":[],"marques":[7568],"bundle_layout":"","bundled_by":[],"bundled_items":[],"supplier_id":null,"supplier_sku":"","atum_controlled":true,"out_stock_date":null,"out_stock_threshold":null,"inheritable":false,"inbound_stock":null,"stock_on_hold":0,"sold_today":0,"sales_last_days":0,"reserved_stock":null,"customer_returns":null,"warehouse_damage":null,"lost_in_post":null,"other_logs":null,"out_stock_days":0,"lost_sales":0,"has_location":null,"update_date":"2020-11-02T23:20:38","atum_locations":[],"atum_stock_status":"instock","low_stock":false,"mi_inventories":[2122],"multi_inventory":null,"inventory_sorting_mode":null,"inventory_iteration":null,"expirable_inventories":null,"price_per_inventory":null,"_links":{"self":[{"href":"https:\/\/lesaintlaurentvape.com\/en\/wp-json\/wp\/v2\/product\/101554\/"}],"collection":[{"href":"https:\/\/lesaintlaurentvape.com\/en\/wp-json\/wp\/v2\/product\/"}],"about":[{"href":"https:\/\/lesaintlaurentvape.com\/en\/wp-json\/wp\/v2\/types\/product\/"}],"replies":[{"embeddable":true,"href":"https:\/\/lesaintlaurentvape.com\/en\/wp-json\/wp\/v2\/comments\/?post=101554"}],"wp:featuredmedia":[{"embeddable":true,"href":"https:\/\/lesaintlaurentvape.com\/en\/wp-json\/wp\/v2\/media\/76017\/"}],"wp:attachment":[{"href":"https:\/\/lesaintlaurentvape.com\/en\/wp-json\/wp\/v2\/media\/?parent=101554"}],"wp:term":[{"taxonomy":"marques","embeddable":true,"href":"https:\/\/lesaintlaurentvape.com\/en\/wp-json\/wp\/v2\/marques\/?post=101554"}],"curies":[{"name":"wp","href":"https:\/\/api.w.org\/{rel}","templated":true}]}}