{"id":101553,"date":"2019-01-25T18:19:09","date_gmt":"2019-01-25T17:19:09","guid":{"rendered":"https:\/\/lesaintlaurentvape.com\/produit\/innokin-pyrex-pour-clearomiseur-jem\/"},"modified":"2020-10-31T20:42:11","modified_gmt":"2020-10-31T19:42:11","slug":"innokin-pyrex-pour-clearomiseur-jem","status":"publish","type":"product","link":"https:\/\/lesaintlaurentvape.com\/en\/produit\/innokin-pyrex-pour-clearomiseur-jem\/","title":{"rendered":"INNOKIN Pyrex pour clearomiseur JEM"},"content":{"rendered":"<p><span style=\"color: #ffffff;\">INNOKIN Pyrex<\/span><\/p>\n<p>Innokin est une marque qui fabrique des cigarettes \u00e9lectroniques pour vapoteurs d\u00e9butants comme passionn\u00e9s.\u00a0Le Pyrex Jem Innokin est un r\u00e9servoir de remplacement en Pyrex pour votre clearomiseur Jem de la marque Innokin. Ce r\u00e9servoir peut contenir jusqu&#8217;\u00e0 2 ml de e liquide.<\/p>\n<p class=\"p1\"><span class=\"s1\" style=\"color: #ffffff;\"><a style=\"color: #ffffff;\" href=\"https:\/\/dscvape.fr\/?product_cat=&amp;post_type=product&amp;s=INNOKIN\">Voir tous les produits INNOKIN sur le site\u00a0<\/a><\/span><\/p>\n<p class=\"p1\"><span class=\"s1\" style=\"color: #ffffff;\"><a style=\"color: #ffffff;\" href=\"http:\/\/www.innokin.fr\/\">Voir le site du fourisseur<\/a><\/span><\/p>\n","protected":false},"excerpt":{"rendered":"<p>Pyrex de rechange pour le kit\/clearomiseur JEM de la marque INNOKIN.<\/p>\n<p>PVC TTC par le fabricant : 3.00\u20ac<\/p>\n","protected":false},"featured_media":76015,"comment_status":"closed","ping_status":"closed","template":"","meta":[],"marques":[7484],"bundle_layout":"","bundled_by":[],"bundled_items":[],"supplier_id":null,"supplier_sku":"","atum_controlled":true,"out_stock_date":null,"out_stock_threshold":null,"inheritable":false,"inbound_stock":null,"stock_on_hold":0,"sold_today":0,"sales_last_days":0,"reserved_stock":null,"customer_returns":null,"warehouse_damage":null,"lost_in_post":null,"other_logs":null,"out_stock_days":0,"lost_sales":0,"has_location":null,"update_date":"2020-11-02T23:20:37","atum_locations":[],"atum_stock_status":"instock","low_stock":false,"mi_inventories":[261],"multi_inventory":null,"inventory_sorting_mode":null,"inventory_iteration":null,"expirable_inventories":null,"price_per_inventory":null,"_links":{"self":[{"href":"https:\/\/lesaintlaurentvape.com\/en\/wp-json\/wp\/v2\/product\/101553\/"}],"collection":[{"href":"https:\/\/lesaintlaurentvape.com\/en\/wp-json\/wp\/v2\/product\/"}],"about":[{"href":"https:\/\/lesaintlaurentvape.com\/en\/wp-json\/wp\/v2\/types\/product\/"}],"replies":[{"embeddable":true,"href":"https:\/\/lesaintlaurentvape.com\/en\/wp-json\/wp\/v2\/comments\/?post=101553"}],"wp:featuredmedia":[{"embeddable":true,"href":"https:\/\/lesaintlaurentvape.com\/en\/wp-json\/wp\/v2\/media\/76015\/"}],"wp:attachment":[{"href":"https:\/\/lesaintlaurentvape.com\/en\/wp-json\/wp\/v2\/media\/?parent=101553"}],"wp:term":[{"taxonomy":"marques","embeddable":true,"href":"https:\/\/lesaintlaurentvape.com\/en\/wp-json\/wp\/v2\/marques\/?post=101553"}],"curies":[{"name":"wp","href":"https:\/\/api.w.org\/{rel}","templated":true}]}}