{"id":101550,"date":"2019-01-23T18:10:59","date_gmt":"2019-01-23T17:10:59","guid":{"rendered":"https:\/\/lesaintlaurentvape.com\/produit\/efest-wrapper-pour-accu-in-18650-li-on\/"},"modified":"2020-10-31T20:42:08","modified_gmt":"2020-10-31T19:42:08","slug":"efest-wrapper-pour-accu-in-18650-li-on","status":"publish","type":"product","link":"https:\/\/lesaintlaurentvape.com\/en\/produit\/efest-wrapper-pour-accu-in-18650-li-on\/","title":{"rendered":"Efest Wrapper pour accu IN 18650 Li-On"},"content":{"rendered":"<p><span style=\"color: #ffffff;\">Efest<\/span><\/p>\n<h3>COMMENT REMPLACER LE REVETEMENT D\u2019UN ACCU ?<\/h3>\n<ol>\n<li>D\u00e9collez le rev\u00eatement usag\u00e9 avec vos doigts. Ne pas utiliser d&#8217;objets m\u00e9talliques pour cette premi\u00e8re \u00e9tape (ex: ciseaux, couteaux, cutter etc&#8230;)<\/li>\n<li>Attention \u00e0 ne pas ab\u00eemer la rondelle isolante au niveau du p\u00f4le positif. Gardez-la de c\u00f4t\u00e9 pour l&#8217;\u00e9tape suivante si elle se d\u00e9colle.<\/li>\n<li>Fa\u00eetes glisser l\u2019accu dans le nouvel rev\u00eatement sans distinction des p\u00f4les positifs ou n\u00e9gatifs et laissez de part et d&#8217;autre de l&#8217;accu la m\u00eame longueur de rev\u00eatement.<\/li>\n<li>Si elle \u00e9tait d\u00e9tachable, remettez la rondelle isolante sur le p\u00f4le positif de l\u2019accu, (sinon passez \u00e0 l&#8217;\u00e9tape suivante). La rondelle isolante doit \u00eatre parfaitement dispos\u00e9e au milieu du p\u00f4le. Le rev\u00eatement viendra par la suite la maintenir appuy\u00e9e et la bloquer.<\/li>\n<li>R\u00e9glez le s\u00e8che cheveux \u00e0 la temp\u00e9rature maximale\u00a0 pour chauffer le rev\u00eatement. Attention \u00e0 bien chauffer le rev\u00eatement de fa\u00e7on homog\u00e8ne afin qu&#8217;il se r\u00e9tracte et se colle bien sur l\u2019accu tant au niveau du corps qur sur les p\u00f4les. (Attention \u00e0 ne pas vous br\u00fbler les doigts lors de cette \u00e9tape)<\/li>\n<\/ol>\n<p>Ce rev\u00eatement peut aussi convenir \u00e0 d&#8217;autres formats d&#8217;accus plus courts ayant le m\u00eame diam\u00e8tre (18500, 18350), il suffit de couper le rev\u00eatement pour l&#8217;adapter \u00e0 l&#8217;accu de la mani\u00e8re suivante:<\/p>\n<p>-57mm pour un accu 18500<\/p>\n<p>-56 mm pour un accu 18490<\/p>\n<p>-42mm pour un accu 18350<\/p>\n","protected":false},"excerpt":{"rendered":"<p>1 sachet de 10 rev\u00eatements thermor\u00e9tractables pour accu 18650.<\/p>\n<div class=\"rte\">\n<p>Lorsque vous avez des accus dont le rev\u00eatement est ab\u00eem\u00e9, cela peut cr\u00e9er des courts circuits lorsque ces accus sont en contact avec des objets m\u00e9talliques comme les cl\u00e9s ou les pi\u00e8ces de monnaies. Afin d&#8217;\u00e9viter tout incident, les rev\u00eatements thermor\u00e9tractables permettent de les prot\u00e9ger. Parfaitement pr\u00e9d\u00e9coup\u00e9es et semblables \u00e0 des gaines de PVC, ces rev\u00eatements s&#8217;installent avec un s\u00e8che cheveux (attention pas de contact avec une flamme !) .<\/p>\n<p>&nbsp;<\/p>\n<\/div>\n","protected":false},"featured_media":76013,"comment_status":"closed","ping_status":"closed","template":"","meta":[],"marques":[7586],"bundle_layout":"","bundled_by":[],"bundled_items":[],"supplier_id":null,"supplier_sku":"","atum_controlled":true,"out_stock_date":"2020-10-31T18:42:06","out_stock_threshold":null,"inheritable":false,"inbound_stock":null,"stock_on_hold":0,"sold_today":0,"sales_last_days":0,"reserved_stock":null,"customer_returns":null,"warehouse_damage":null,"lost_in_post":null,"other_logs":null,"out_stock_days":1983,"lost_sales":0,"has_location":null,"update_date":"2026-04-06T22:36:46","atum_locations":[],"atum_stock_status":"outofstock","low_stock":false,"mi_inventories":[2123],"multi_inventory":null,"inventory_sorting_mode":null,"inventory_iteration":null,"expirable_inventories":null,"price_per_inventory":null,"_links":{"self":[{"href":"https:\/\/lesaintlaurentvape.com\/en\/wp-json\/wp\/v2\/product\/101550\/"}],"collection":[{"href":"https:\/\/lesaintlaurentvape.com\/en\/wp-json\/wp\/v2\/product\/"}],"about":[{"href":"https:\/\/lesaintlaurentvape.com\/en\/wp-json\/wp\/v2\/types\/product\/"}],"replies":[{"embeddable":true,"href":"https:\/\/lesaintlaurentvape.com\/en\/wp-json\/wp\/v2\/comments\/?post=101550"}],"wp:featuredmedia":[{"embeddable":true,"href":"https:\/\/lesaintlaurentvape.com\/en\/wp-json\/wp\/v2\/media\/76013\/"}],"wp:attachment":[{"href":"https:\/\/lesaintlaurentvape.com\/en\/wp-json\/wp\/v2\/media\/?parent=101550"}],"wp:term":[{"taxonomy":"marques","embeddable":true,"href":"https:\/\/lesaintlaurentvape.com\/en\/wp-json\/wp\/v2\/marques\/?post=101550"}],"curies":[{"name":"wp","href":"https:\/\/api.w.org\/{rel}","templated":true}]}}