{"id":101540,"date":"2019-01-19T17:18:10","date_gmt":"2019-01-19T16:18:10","guid":{"rendered":"https:\/\/lesaintlaurentvape.com\/produit\/eleaf-istick-pico-s-kit\/"},"modified":"2020-10-31T20:42:02","modified_gmt":"2020-10-31T19:42:02","slug":"eleaf-istick-pico-s-kit","status":"publish","type":"product","link":"https:\/\/lesaintlaurentvape.com\/en\/produit\/eleaf-istick-pico-s-kit\/","title":{"rendered":"Eleaf iStick Pico S kit + Accu 21700"},"content":{"rendered":"<h2 style=\"text-align: center;\"><b>DESCRIPTION D\u00c9TAILL\u00c9E\u00a0:<\/b><\/h2>\n<p><a href=\"https:\/\/dscvape.fr\/wp-content\/uploads\/2019\/01\/Pico-S-d\u00e9tail.png\"><img loading=\"lazy\" class=\"aligncenter size-full wp-image-7437\" src=\"https:\/\/dscvape.fr\/wp-content\/uploads\/2019\/01\/Pico-S-d\u00e9tail.png\" alt=\"\" width=\"1359\" height=\"815\" \/><\/a><\/p>\n<p style=\"text-align: center;\"><strong><u>Les r\u00e9sistances HW-N et HW-M<\/u><\/strong><\/p>\n<p style=\"text-align: center;\">ELEAF propose de d\u00e9couvrir avec ce kit les r\u00e9sistances HW-N en 0,2 ohm et HW-M en 0,15 ohm. Ces r\u00e9sistances en Kanthal d\u00e9di\u00e9es \u00e0 la vape sub-ohm promettent des nuages de fum\u00e9e dense et une retranscription des go\u00fbts au top. La r\u00e9sistance HW-N est un syst\u00e8me de r\u00e9sistance en filet et quant \u00e0 la r\u00e9sistance HW-M, on est sur un syst\u00e8me de multi-trous.<\/p>\n<p><a href=\"https:\/\/dscvape.fr\/?attachment_id=5610\" rel=\"attachment wp-att-5610\"><img loading=\"lazy\" class=\"aligncenter size-full wp-image-5610\" src=\"https:\/\/dscvape.fr\/wp-content\/uploads\/2018\/12\/R\u00e9sistance-HWN-HWM.png\" alt=\"\" width=\"1797\" height=\"773\" \/><\/a><\/p>\n<p style=\"text-align: center;\"><span style=\"text-decoration: underline;\"><strong>Choisissez entre un accu 18650 et un accu 21700<\/strong><\/span><\/p>\n<p style=\"text-align: center;\">Le kit inclus un accu 21700 pour une vape toujours plus longue et intense. Mais pour les amateurs de box \u00e0 accu, vous allez pouvoir installer vos accus 18650 gr\u00e2ce \u00e0 un adaptateur fourni \u00e9galement !<\/p>\n<p><a href=\"https:\/\/dscvape.fr\/wp-content\/uploads\/2019\/01\/Accu-pico-s.png\"><img loading=\"lazy\" class=\"aligncenter size-full wp-image-7438\" src=\"https:\/\/dscvape.fr\/wp-content\/uploads\/2019\/01\/Accu-pico-s.png\" alt=\"\" width=\"1520\" height=\"669\" \/><\/a><\/p>\n<p style=\"text-align: center;\"><span style=\"text-decoration: underline;\"><strong>7 couleurs de led afin de personnaliser sa box<\/strong><\/span><\/p>\n<p style=\"text-align: center;\">La box propose une fonctionnalit\u00e9 qui vous permettra de changer la couleur du led pr\u00e9sent sur le bord de la box afin d&#8217;adapter celle-ci \u00e0 vos go\u00fbts. Switchez entre les couleurs rouge, vert, bleu, cyan, blanc, jaune et violet ou bien optez pour le r\u00e9glage de base qui propose une association de vert\/rouge\/bleu.<\/p>\n<p><a href=\"https:\/\/dscvape.fr\/wp-content\/uploads\/2019\/01\/LED-PICO-S.gif\"><img loading=\"lazy\" class=\"aligncenter size-full wp-image-7439\" src=\"https:\/\/dscvape.fr\/wp-content\/uploads\/2019\/01\/LED-PICO-S.gif\" alt=\"\" width=\"1920\" height=\"1080\" \/><\/a><\/p>\n<p style=\"text-align: center;\"><span style=\"text-decoration: underline;\"><strong>Un remplissage simple<\/strong><\/span><\/p>\n<p style=\"text-align: center;\">Le clearomiseur ELLO VATE est dot\u00e9 d\u2019un syst\u00e8me de remplissage simplifi\u00e9 avec son top cap coulissant. Il vous suffira de pousser au niveau du \u00ab\u00a0T\u00a0\u00bb afin de pouvoir acc\u00e9der \u00e0 la zone de remplissage.<\/p>\n<p><img class=\"aligncenter\" src=\"http:\/\/www.eleafworld.com\/wp-content\/uploads\/2013\/09\/pico-s-with-vate_45.png\" alt=\"iStick Pico S with ELLO VATE\" \/><\/p>\n","protected":false},"excerpt":{"rendered":"<p>Le kit iStick PICO S est pr\u00e9sent\u00e9 par la marque Eleaf. Ce kit comprend un accu 21700 pour une vape toujours plus longue ! Ce kit est d\u00e9di\u00e9 la vape DL (direct lung) et saura plaire aux amateurs de vape a\u00e9rienne gr\u00e2ce \u00e0 aux nouvelles r\u00e9sistances HW-M et HW-N en 0,15 ohm et 0,2 ohm. Son design moderne et original plaira mais surtout la possibilit\u00e9 d&#8217;inter-changer son accu 21700 par un accu 18650 gr\u00e2ce \u00e0 un adaptateur int\u00e9gr\u00e9 dans le kit permettra aux amateurs de box \u00e0 accu le choix de l&#8217;accu. Avec une puissance allant jusqu&#8217;\u00e0 100 W, attendez-vous \u00e0 une vape puissante !<\/p>\n<p>&nbsp;<\/p>\n<p><a href=\"https:\/\/dscvape.fr\/wp-content\/uploads\/2019\/01\/Aide-\u00e0-la-vente-Eleaf-iStick-Pico-S-accu-21700.pdf\">Aide \u00e0 la vente Eleaf iStick Pico S + accu 21700<\/a><\/p>\n","protected":false},"featured_media":75995,"comment_status":"closed","ping_status":"closed","template":"","meta":[],"marques":[7490],"bundle_layout":"","bundled_by":[],"bundled_items":[],"supplier_id":null,"supplier_sku":"","atum_controlled":true,"out_stock_date":null,"out_stock_threshold":null,"inheritable":false,"inbound_stock":null,"stock_on_hold":null,"sold_today":null,"sales_last_days":null,"reserved_stock":null,"customer_returns":null,"warehouse_damage":null,"lost_in_post":null,"other_logs":null,"out_stock_days":null,"lost_sales":null,"has_location":null,"update_date":null,"atum_locations":[],"atum_stock_status":"instock","low_stock":false,"mi_inventories":[],"multi_inventory":null,"inventory_sorting_mode":null,"inventory_iteration":null,"expirable_inventories":null,"price_per_inventory":null,"_links":{"self":[{"href":"https:\/\/lesaintlaurentvape.com\/en\/wp-json\/wp\/v2\/product\/101540\/"}],"collection":[{"href":"https:\/\/lesaintlaurentvape.com\/en\/wp-json\/wp\/v2\/product\/"}],"about":[{"href":"https:\/\/lesaintlaurentvape.com\/en\/wp-json\/wp\/v2\/types\/product\/"}],"replies":[{"embeddable":true,"href":"https:\/\/lesaintlaurentvape.com\/en\/wp-json\/wp\/v2\/comments\/?post=101540"}],"wp:featuredmedia":[{"embeddable":true,"href":"https:\/\/lesaintlaurentvape.com\/en\/wp-json\/wp\/v2\/media\/75995\/"}],"wp:attachment":[{"href":"https:\/\/lesaintlaurentvape.com\/en\/wp-json\/wp\/v2\/media\/?parent=101540"}],"wp:term":[{"taxonomy":"marques","embeddable":true,"href":"https:\/\/lesaintlaurentvape.com\/en\/wp-json\/wp\/v2\/marques\/?post=101540"}],"curies":[{"name":"wp","href":"https:\/\/api.w.org\/{rel}","templated":true}]}}