{"id":101537,"date":"2019-01-19T16:34:43","date_gmt":"2019-01-19T15:34:43","guid":{"rendered":"https:\/\/lesaintlaurentvape.com\/produit\/eleaf-adaptateur-mural-1a\/"},"modified":"2020-10-31T20:41:45","modified_gmt":"2020-10-31T19:41:45","slug":"eleaf-adaptateur-mural-1a","status":"publish","type":"product","link":"https:\/\/lesaintlaurentvape.com\/en\/produit\/eleaf-adaptateur-mural-1a\/","title":{"rendered":"Eleaf adaptateur mural 1A (par 5)"},"content":{"rendered":"<p><span style=\"color: #ffffff;\">Eleaf adaptateur mural<\/span><\/p>\n<p>L&#8217;adaptateur mural Eleaf vous permettra de recharger vos appareils sans crainte. Il poss\u00e8de \u00e9galement un courant de sortie de 1 amp\u00e8re permettant une charge rapide.<\/p>\n<p class=\"p1\"><span class=\"s1\" style=\"color: #ffffff;\"><a style=\"color: #ffffff;\" href=\"https:\/\/dscvape.fr\/product-brands\/eleaf\/\">Voir tous les produits Eleaf sur le site<\/a><\/span><\/p>\n<p class=\"p1\"><span class=\"s1\" style=\"color: #ffffff;\"><a style=\"color: #ffffff;\" href=\"http:\/\/www.eleafworld.com\/\">Voir le site du fournisseur<\/a><\/span><\/p>\n","protected":false},"excerpt":{"rendered":"<p>Adaptateur mural de 1A pour charger vos appareils sans crainte et permettre \u00e0 votre batterie une meilleure dur\u00e9e de vie.<\/p>\n<p>Vendue par lot de 5.<\/p>\n","protected":false},"featured_media":75993,"comment_status":"closed","ping_status":"closed","template":"","meta":[],"marques":[7490],"bundle_layout":"","bundled_by":[],"bundled_items":[],"supplier_id":null,"supplier_sku":"","atum_controlled":true,"out_stock_date":null,"out_stock_threshold":null,"inheritable":false,"inbound_stock":null,"stock_on_hold":0,"sold_today":0,"sales_last_days":0,"reserved_stock":null,"customer_returns":null,"warehouse_damage":null,"lost_in_post":null,"other_logs":null,"out_stock_days":0,"lost_sales":0,"has_location":null,"update_date":"2020-11-02T23:20:37","atum_locations":[],"atum_stock_status":"instock","low_stock":false,"mi_inventories":[631],"multi_inventory":null,"inventory_sorting_mode":null,"inventory_iteration":null,"expirable_inventories":null,"price_per_inventory":null,"_links":{"self":[{"href":"https:\/\/lesaintlaurentvape.com\/en\/wp-json\/wp\/v2\/product\/101537\/"}],"collection":[{"href":"https:\/\/lesaintlaurentvape.com\/en\/wp-json\/wp\/v2\/product\/"}],"about":[{"href":"https:\/\/lesaintlaurentvape.com\/en\/wp-json\/wp\/v2\/types\/product\/"}],"replies":[{"embeddable":true,"href":"https:\/\/lesaintlaurentvape.com\/en\/wp-json\/wp\/v2\/comments\/?post=101537"}],"wp:featuredmedia":[{"embeddable":true,"href":"https:\/\/lesaintlaurentvape.com\/en\/wp-json\/wp\/v2\/media\/75993\/"}],"wp:attachment":[{"href":"https:\/\/lesaintlaurentvape.com\/en\/wp-json\/wp\/v2\/media\/?parent=101537"}],"wp:term":[{"taxonomy":"marques","embeddable":true,"href":"https:\/\/lesaintlaurentvape.com\/en\/wp-json\/wp\/v2\/marques\/?post=101537"}],"curies":[{"name":"wp","href":"https:\/\/api.w.org\/{rel}","templated":true}]}}