{"id":101536,"date":"2019-01-19T16:26:06","date_gmt":"2019-01-19T15:26:06","guid":{"rendered":"https:\/\/lesaintlaurentvape.com\/produit\/eleaf-pod-par-4-pour-elven-kit\/"},"modified":"2020-10-31T20:41:44","modified_gmt":"2020-10-31T19:41:44","slug":"eleaf-pod-par-4-pour-elven-kit","status":"publish","type":"product","link":"https:\/\/lesaintlaurentvape.com\/en\/produit\/eleaf-pod-par-4-pour-elven-kit\/","title":{"rendered":"Eleaf Pod (par 4) pour Elven kit"},"content":{"rendered":"<p><span style=\"color: #ffffff;\">Eleaf Pod<\/span><\/p>\n<p style=\"text-align: center;\"><span style=\"text-decoration: underline;\"><strong>Un airflow r\u00e9glable<\/strong><\/span><\/p>\n<p style=\"text-align: center;\">Eleaf propose dans son kit un syst\u00e8me d&#8217;airflow inventif. En effet, en fonction de la mani\u00e8re d&#8217;installer le pod, vous allez pouvoir moduler le flux d&#8217;air entrant et ainsi d\u00e9terminer le tirage qui vous correspondra le mieux. En gros, si vous positionnez le pod dans un premier sens, celui-ci provoquera une entr\u00e9e d&#8217;air r\u00e9duite et si vous retournez le pod dans l&#8217;autre sens, vous obtiendrez un tirage un peu plus a\u00e9rien.<\/p>\n<p><a href=\"https:\/\/dscvape.fr\/wp-content\/uploads\/2019\/01\/Airflow-syst\u00e8me-elven.png\"><img loading=\"lazy\" class=\"aligncenter size-full wp-image-7431\" src=\"https:\/\/dscvape.fr\/wp-content\/uploads\/2019\/01\/Airflow-syst\u00e8me-elven.png\" alt=\"\" width=\"1392\" height=\"606\" \/><\/a><\/p>\n<p>&nbsp;<\/p>\n<p style=\"text-align: center;\"><span style=\"text-decoration: underline;\"><strong>Un remplissage simple<\/strong><\/span><\/p>\n<p style=\"text-align: center;\">Ce syst\u00e8me de pod est dot\u00e9 d&#8217;un remplissage simple super pratique gr\u00e2ce \u00e0 une ouverture sur le c\u00f4t\u00e9 du pod. Vous n&#8217;aurez qu&#8217;\u00e0 soulever le couvercle en caoutchouc afin de pouvoir remplir votre pod.<\/p>\n<p><img class=\"aligncenter\" src=\"http:\/\/www.eleafworld.com\/wp-content\/uploads\/2013\/09\/m15701_08.png?v=2\" alt=\"Elven\" \/><\/p>\n","protected":false},"excerpt":{"rendered":"<p>Pods ELVEN en 1.6 ohm vendus par bo\u00eete de 4 pi\u00e8ces pour le kit ELVEN de la marque Eleaf.<\/p>\n","protected":false},"featured_media":75991,"comment_status":"closed","ping_status":"closed","template":"","meta":[],"marques":[7490],"bundle_layout":"","bundled_by":[],"bundled_items":[],"supplier_id":null,"supplier_sku":"","atum_controlled":true,"out_stock_date":null,"out_stock_threshold":null,"inheritable":false,"inbound_stock":null,"stock_on_hold":0,"sold_today":0,"sales_last_days":0,"reserved_stock":null,"customer_returns":null,"warehouse_damage":null,"lost_in_post":null,"other_logs":null,"out_stock_days":0,"lost_sales":0,"has_location":null,"update_date":"2020-11-02T23:20:37","atum_locations":[],"atum_stock_status":"instock","low_stock":false,"mi_inventories":[2131],"multi_inventory":null,"inventory_sorting_mode":null,"inventory_iteration":null,"expirable_inventories":null,"price_per_inventory":null,"_links":{"self":[{"href":"https:\/\/lesaintlaurentvape.com\/en\/wp-json\/wp\/v2\/product\/101536\/"}],"collection":[{"href":"https:\/\/lesaintlaurentvape.com\/en\/wp-json\/wp\/v2\/product\/"}],"about":[{"href":"https:\/\/lesaintlaurentvape.com\/en\/wp-json\/wp\/v2\/types\/product\/"}],"replies":[{"embeddable":true,"href":"https:\/\/lesaintlaurentvape.com\/en\/wp-json\/wp\/v2\/comments\/?post=101536"}],"wp:featuredmedia":[{"embeddable":true,"href":"https:\/\/lesaintlaurentvape.com\/en\/wp-json\/wp\/v2\/media\/75991\/"}],"wp:attachment":[{"href":"https:\/\/lesaintlaurentvape.com\/en\/wp-json\/wp\/v2\/media\/?parent=101536"}],"wp:term":[{"taxonomy":"marques","embeddable":true,"href":"https:\/\/lesaintlaurentvape.com\/en\/wp-json\/wp\/v2\/marques\/?post=101536"}],"curies":[{"name":"wp","href":"https:\/\/api.w.org\/{rel}","templated":true}]}}