{"id":101531,"date":"2019-01-19T16:23:49","date_gmt":"2019-01-19T15:23:49","guid":{"rendered":"https:\/\/lesaintlaurentvape.com\/produit\/eleaf-elven-kit\/"},"modified":"2020-10-31T20:42:01","modified_gmt":"2020-10-31T19:42:01","slug":"eleaf-elven-kit","status":"publish","type":"product","link":"https:\/\/lesaintlaurentvape.com\/en\/produit\/eleaf-elven-kit\/","title":{"rendered":"Eleaf ELVEN kit"},"content":{"rendered":"<h2 style=\"text-align: center;\"><b>DESCRIPTION D\u00c9TAILL\u00c9E\u00a0:<\/b><\/h2>\n<p><a href=\"https:\/\/dscvape.fr\/wp-content\/uploads\/2019\/01\/D\u00e9tail-kit-elven.png\"><img loading=\"lazy\" class=\"aligncenter size-full wp-image-7429\" src=\"https:\/\/dscvape.fr\/wp-content\/uploads\/2019\/01\/D\u00e9tail-kit-elven.png\" alt=\"\" width=\"1105\" height=\"592\" \/><\/a><\/p>\n<p style=\"text-align: center;\"><strong><span style=\"text-decoration: underline;\">Petit, pratique et transportable<\/span><\/strong><\/p>\n<p style=\"text-align: center;\">Le premier atout de ce kit est d&#8217;abord sa taille. En effet, certains fumeurs souhaitent retrouver en mains quelque chose de semblable \u00e0 une cigarette: c&#8217;est le cas de ce kit, avec 10 cm de long sur 1 cm de largeur, le produit est tr\u00e8s facilement maniable en mains et surtout facile \u00e0 transporter avec soi au quotidien. Petit physiquement mais aussi \u00e0 un prix tr\u00e8s abordable, il saura convaincre les non-adeptes de la vape.<\/p>\n<p style=\"text-align: center;\"><span style=\"text-decoration: underline;\"><strong>Un airflow r\u00e9glable<\/strong><\/span><\/p>\n<p style=\"text-align: center;\">Eleaf propose dans son kit un syst\u00e8me d&#8217;airflow inventif. En effet, en fonction de la mani\u00e8re d&#8217;installer le pod, vous allez pouvoir moduler le flux d&#8217;air entrant et ainsi d\u00e9terminer le tirage qui vous correspondra le mieux. En gros, si vous positionnez le pod dans un premier sens, celui-ci provoquera une entr\u00e9e d&#8217;air r\u00e9duite et si vous retournez le pod dans l&#8217;autre sens, vous obtiendrez un tirage un peu plus a\u00e9rien.<\/p>\n<p><a href=\"https:\/\/dscvape.fr\/wp-content\/uploads\/2019\/01\/Airflow-syst\u00e8me-elven.png\"><img loading=\"lazy\" class=\"aligncenter size-full wp-image-7431\" src=\"https:\/\/dscvape.fr\/wp-content\/uploads\/2019\/01\/Airflow-syst\u00e8me-elven.png\" alt=\"\" width=\"1392\" height=\"606\" \/><\/a><\/p>\n<p>&nbsp;<\/p>\n<p style=\"text-align: center;\"><span style=\"text-decoration: underline;\"><strong>Un remplissage simple<\/strong><\/span><\/p>\n<p style=\"text-align: center;\">Ce syst\u00e8me de pod est dot\u00e9 d&#8217;un remplissage simple super pratique gr\u00e2ce \u00e0 une ouverture sur le c\u00f4t\u00e9 du pod. Vous n&#8217;aurez qu&#8217;\u00e0 soulever le couvercle en caoutchouc afin de pouvoir remplir votre pod.<\/p>\n<p><img class=\"aligncenter\" src=\"http:\/\/www.eleafworld.com\/wp-content\/uploads\/2013\/09\/m15701_08.png?v=2\" alt=\"Elven\" \/><\/p>\n<p style=\"text-align: center;\"><strong><span style=\"text-decoration: underline;\">Un produit MTL qui saura rappeler la cigarette classique<\/span><\/strong><\/p>\n<p style=\"text-align: center;\">Tout d&#8217;abord, ce kit embarque des pods avec r\u00e9sistance int\u00e9gr\u00e9e d&#8217;une valeur de 1.6 ohm pour un tirage serr\u00e9 assur\u00e9 ! Vous allez pouvoir vaper des liquides avec un taux de nicotine \u00e9lev\u00e9.<br \/>\nAjout\u00e9 \u00e0 cela, le kit s&#8217;utilise sans bouton, il vous suffira d&#8217;inspirer directement et le syst\u00e8me s\u2019enclenchera.<\/p>\n<p><img class=\"aligncenter\" src=\"http:\/\/www.eleafworld.com\/wp-content\/uploads\/2013\/09\/m15701_10.png?v=2\" alt=\"Elven\" \/><\/p>\n<p style=\"text-align: center;\"><strong><span style=\"text-decoration: underline;\">Un indicateur lumineux pour la batterie<\/span><\/strong><\/p>\n<table class=\" aligncenter\" style=\"height: 24px; width: 659px;\">\n<tbody>\n<tr style=\"height: 24px;\">\n<td style=\"width: 178px; height: 24px; text-align: center;\">Vert: 100-60%<\/td>\n<td style=\"width: 238px; height: 24px; text-align: center;\">Bleu: 59-20%<\/td>\n<td style=\"width: 221px; height: 24px; text-align: center;\">Rouge: \u226419%<\/td>\n<\/tr>\n<\/tbody>\n<\/table>\n<p><img class=\"aligncenter\" src=\"http:\/\/www.eleafworld.com\/wp-content\/uploads\/2013\/09\/m15701_12.png?v=2\" alt=\"Elven\" \/><\/p>\n","protected":false},"excerpt":{"rendered":"<p>Le kit ELVEN est la petite nouveaut\u00e9 de chez Eleaf du c\u00f4t\u00e9 des syst\u00e8mes de pod. Son format de tr\u00e8s petite taille saura plaire notamment aux anciens fumeurs recherchant un appareil imitant le tirage mais aussi la sensation en mains d&#8217;une cigarette classique. Sa forme permet un transport pratique dans la poche ou dans le sac sans risque de fuite. Son syst\u00e8me de pod \u00e0 r\u00e9sistance int\u00e9gr\u00e9e propose un tirage serr\u00e9 en 1.6 ohm pour le plaisir de tous et un syst\u00e8me de vape automatique: vous n&#8217;aurez qu&#8217;\u00e0 tirer directement dessus et l&#8217;appareil enclenche le syst\u00e8me de vape automatiquement. Enfin, l&#8217;airflow est \u00e9galement r\u00e9glable gr\u00e2ce un syst\u00e8me ing\u00e9nieux dans le pod en fonction de son installation. C&#8217;est donc un kit qui saura plaire non seulement par son gabarie mais surtout gr\u00e2ce \u00e0 son petit prix !<\/p>\n<p>&nbsp;<\/p>\n<p><a href=\"https:\/\/dscvape.fr\/wp-content\/uploads\/2019\/01\/Aide-\u00e0-la-vente-Elven-Eleaf-DSCVAPE.pdf\">Aide \u00e0 la vente &#8211; Elven &#8211; Eleaf<\/a><\/p>\n","protected":false},"featured_media":75979,"comment_status":"closed","ping_status":"closed","template":"","meta":[],"marques":[7490],"bundle_layout":"","bundled_by":[],"bundled_items":[],"supplier_id":null,"supplier_sku":"","atum_controlled":true,"out_stock_date":null,"out_stock_threshold":null,"inheritable":false,"inbound_stock":null,"stock_on_hold":null,"sold_today":null,"sales_last_days":null,"reserved_stock":null,"customer_returns":null,"warehouse_damage":null,"lost_in_post":null,"other_logs":null,"out_stock_days":null,"lost_sales":null,"has_location":null,"update_date":null,"atum_locations":[],"atum_stock_status":"instock","low_stock":false,"mi_inventories":[],"multi_inventory":null,"inventory_sorting_mode":null,"inventory_iteration":null,"expirable_inventories":null,"price_per_inventory":null,"_links":{"self":[{"href":"https:\/\/lesaintlaurentvape.com\/en\/wp-json\/wp\/v2\/product\/101531\/"}],"collection":[{"href":"https:\/\/lesaintlaurentvape.com\/en\/wp-json\/wp\/v2\/product\/"}],"about":[{"href":"https:\/\/lesaintlaurentvape.com\/en\/wp-json\/wp\/v2\/types\/product\/"}],"replies":[{"embeddable":true,"href":"https:\/\/lesaintlaurentvape.com\/en\/wp-json\/wp\/v2\/comments\/?post=101531"}],"wp:featuredmedia":[{"embeddable":true,"href":"https:\/\/lesaintlaurentvape.com\/en\/wp-json\/wp\/v2\/media\/75979\/"}],"wp:attachment":[{"href":"https:\/\/lesaintlaurentvape.com\/en\/wp-json\/wp\/v2\/media\/?parent=101531"}],"wp:term":[{"taxonomy":"marques","embeddable":true,"href":"https:\/\/lesaintlaurentvape.com\/en\/wp-json\/wp\/v2\/marques\/?post=101531"}],"curies":[{"name":"wp","href":"https:\/\/api.w.org\/{rel}","templated":true}]}}