{"id":101472,"date":"2019-01-03T16:53:17","date_gmt":"2019-01-03T15:53:17","guid":{"rendered":"https:\/\/lesaintlaurentvape.com\/produit\/eleaf-clearomiseur-gs-basal-18-ml\/"},"modified":"2020-10-31T20:39:43","modified_gmt":"2020-10-31T19:39:43","slug":"eleaf-clearomiseur-gs-basal-18-ml","status":"publish","type":"product","link":"https:\/\/lesaintlaurentvape.com\/en\/produit\/eleaf-clearomiseur-gs-basal-18-ml\/","title":{"rendered":"Eleaf Clearomiseur GS Basal 1,8 ml"},"content":{"rendered":"<p><span style=\"color: #ffffff;\">Eleaf Clearomiseur<\/span><\/p>\n<p style=\"text-align: center;\"><strong><span style=\"text-decoration: underline;\">GS Drive un classique MTL<\/span><\/strong><\/p>\n<p><img class=\"aligncenter\" src=\"http:\/\/www.eleafworld.com\/image\/BASAL\/BASAL_07.gif?v=2\" alt=\"iStick Kiya with GS Juni\" \/><\/p>\n<p style=\"text-align: center;\">L&#8217;airflow est r\u00e9glable et permet d&#8217;ajuster le tirage en fonction de ses pr\u00e9f\u00e9rences.<\/p>\n<p><img class=\"aligncenter\" src=\"http:\/\/www.eleafworld.com\/image\/BASAL\/BASAL_12.png?v=2\" alt=\"BASAL\" \/><\/p>\n<p style=\"text-align: center;\">Le remplissage quant \u00e0 lui se fait par le dessous en d\u00e9vissant la bague d&#8217;airflow. Pareil pour changer la r\u00e9sistance et vous n&#8217;aurez pas \u00e0 vider votre r\u00e9servoir pour changer celle-ci.<\/p>\n<p class=\"p1\"><span class=\"s1\" style=\"color: #ffffff;\"><a style=\"color: #ffffff;\" href=\"https:\/\/dscvape.fr\/product-brands\/eleaf\/\">Voir tous les produits Eleaf sur le site<\/a><\/span><\/p>\n<p class=\"p1\"><span class=\"s1\" style=\"color: #ffffff;\"><a style=\"color: #ffffff;\" href=\"http:\/\/www.eleafworld.com\/\">Voir le site du fournisseur<\/a><\/span><\/p>\n","protected":false},"excerpt":{"rendered":"<p>Le clearomiseur GS Basal de la marque Eleaf est un produit MTL imitant plut\u00f4t le tirage de la cigarette classique gr\u00e2ce \u00e0 des r\u00e9sistances GS air en 1,5 ohm et 0,75 ohm. Simple et pratique, il poss\u00e8de une capacit\u00e9 de 1,8 ml et un airflow r\u00e9glable sur le bottom cap.<\/p>\n","protected":false},"featured_media":75971,"comment_status":"closed","ping_status":"closed","template":"","meta":[],"marques":[7490],"bundle_layout":"","bundled_by":[],"bundled_items":[],"supplier_id":null,"supplier_sku":"","atum_controlled":true,"out_stock_date":null,"out_stock_threshold":null,"inheritable":false,"inbound_stock":null,"stock_on_hold":0,"sold_today":0,"sales_last_days":0,"reserved_stock":null,"customer_returns":null,"warehouse_damage":null,"lost_in_post":null,"other_logs":null,"out_stock_days":0,"lost_sales":0,"has_location":null,"update_date":"2021-01-07T06:04:47","atum_locations":[],"atum_stock_status":"outofstock","low_stock":false,"mi_inventories":[2137],"multi_inventory":null,"inventory_sorting_mode":null,"inventory_iteration":null,"expirable_inventories":null,"price_per_inventory":null,"_links":{"self":[{"href":"https:\/\/lesaintlaurentvape.com\/en\/wp-json\/wp\/v2\/product\/101472\/"}],"collection":[{"href":"https:\/\/lesaintlaurentvape.com\/en\/wp-json\/wp\/v2\/product\/"}],"about":[{"href":"https:\/\/lesaintlaurentvape.com\/en\/wp-json\/wp\/v2\/types\/product\/"}],"replies":[{"embeddable":true,"href":"https:\/\/lesaintlaurentvape.com\/en\/wp-json\/wp\/v2\/comments\/?post=101472"}],"wp:featuredmedia":[{"embeddable":true,"href":"https:\/\/lesaintlaurentvape.com\/en\/wp-json\/wp\/v2\/media\/75971\/"}],"wp:attachment":[{"href":"https:\/\/lesaintlaurentvape.com\/en\/wp-json\/wp\/v2\/media\/?parent=101472"}],"wp:term":[{"taxonomy":"marques","embeddable":true,"href":"https:\/\/lesaintlaurentvape.com\/en\/wp-json\/wp\/v2\/marques\/?post=101472"}],"curies":[{"name":"wp","href":"https:\/\/api.w.org\/{rel}","templated":true}]}}