{"id":101471,"date":"2019-01-03T16:51:27","date_gmt":"2019-01-03T15:51:27","guid":{"rendered":"https:\/\/lesaintlaurentvape.com\/produit\/eleaf-basal-kit\/"},"modified":"2020-10-31T20:39:41","modified_gmt":"2020-10-31T19:39:41","slug":"eleaf-basal-kit","status":"publish","type":"product","link":"https:\/\/lesaintlaurentvape.com\/en\/produit\/eleaf-basal-kit\/","title":{"rendered":"Eleaf BASAL Kit"},"content":{"rendered":"<p><span style=\"color: #ffffff;\">Eleaf BASAL<\/span><\/p>\n<h2 style=\"text-align: center;\"><b>DESCRIPTION D\u00c9TAILL\u00c9E\u00a0:<\/b><\/h2>\n<p><a href=\"https:\/\/dscvape.fr\/?attachment_id=6556\" rel=\"attachment wp-att-6556\"><img loading=\"lazy\" class=\"aligncenter size-full wp-image-6556\" src=\"https:\/\/dscvape.fr\/wp-content\/uploads\/2019\/01\/Basal-d\u00e9tail.png\" alt=\"\" width=\"938\" height=\"737\" \/><\/a><\/p>\n<p style=\"text-align: center;\"><span style=\"text-decoration: underline;\"><strong>De belles finitions<\/strong><\/span><\/p>\n<p><img class=\"aligncenter\" src=\"http:\/\/www.eleafworld.com\/image\/BASAL\/BASAL_05.png?v=2\" alt=\"BASAL\" \/><\/p>\n<p style=\"text-align: center;\">Eleaf propose cette box avec de tr\u00e8s belles finition, assez compacte mais sa finition m\u00e9tallique lui donne un c\u00f4t\u00e9 tr\u00e8s luxueux et \u00e9l\u00e9gant. Elle saura s\u00e9duire ceux qui aiment les jolies box mais surtout ceux qui cherchent un petite box pratique et efficace. En effet, cette box ne fait que 15 mm d&#8217;\u00e9paisseur assez rare.<\/p>\n<p style=\"text-align: center;\"><strong><span style=\"text-decoration: underline;\">GS Drive un classique MTL<\/span><\/strong><\/p>\n<p><img class=\"aligncenter\" src=\"http:\/\/www.eleafworld.com\/image\/BASAL\/BASAL_07.gif?v=2\" alt=\"iStick Kiya with GS Juni\" \/><\/p>\n<p style=\"text-align: center;\">L&#8217;airflow est r\u00e9glable et permet d&#8217;ajuster le tirage en fonction de ses pr\u00e9f\u00e9rences.<\/p>\n<p><img class=\"aligncenter\" src=\"http:\/\/www.eleafworld.com\/image\/BASAL\/BASAL_12.png?v=2\" alt=\"BASAL\" \/><\/p>\n<p style=\"text-align: center;\">Le remplissage quant \u00e0 lui se fait par le dessous en d\u00e9vissant la bague d&#8217;airflow. Pareil pour changer la r\u00e9sistance et vous n&#8217;aurez pas \u00e0 vider votre r\u00e9servoir pour changer celle-ci.<\/p>\n<p><span style=\"color: #ffffff;\">Eleaf BASAL<\/span><\/p>\n","protected":false},"excerpt":{"rendered":"<p>Le kit BASAL est pr\u00e9sent\u00e9 par la marque Eleaf proposant l&#8217;union entre une magnifique box Basal m\u00e9tallique et le clearomiseur MTL GS Basal. Tout d&#8217;abord, nous avons l\u00e0 une petite box plate rappelant nos smartphones d&#8217;une capacit\u00e9 de 1500 mAh et pouvant aller jusqu&#8217;\u00e0 30 W. Sa petite taille permet un transport pratique pour le quotidien car ce kit rentre dans n&#8217;importe quelle poche ou sac sans probl\u00e8me et sans encombrer surtout. Tout en \u00e9l\u00e9gance, le GS Drive vient se poser sur la batterie et est un clearomiseur assez simple et classique. Il poss\u00e8de un airflow r\u00e9glable et s&#8217;utilise avec les fameuses r\u00e9sistances GS Air de la marque pour une vape qui saura vous rappeler le tirage serr\u00e9 de la cigarette classique.<\/p>\n<p>&nbsp;<\/p>\n<p><a href=\"https:\/\/dscvape.fr\/wp-content\/uploads\/2019\/01\/Aide-\u00e0-la-vente-Eleaf-Basal.pdf\">T\u00e9l\u00e9chargez-moi pour une aide \u00e0 la vente Eleaf Basal<\/a><\/p>\n","protected":false},"featured_media":75963,"comment_status":"closed","ping_status":"closed","template":"","meta":[],"marques":[7490],"bundle_layout":"","bundled_by":[],"bundled_items":[],"supplier_id":null,"supplier_sku":"","atum_controlled":true,"out_stock_date":null,"out_stock_threshold":null,"inheritable":false,"inbound_stock":null,"stock_on_hold":null,"sold_today":null,"sales_last_days":null,"reserved_stock":null,"customer_returns":null,"warehouse_damage":null,"lost_in_post":null,"other_logs":null,"out_stock_days":null,"lost_sales":null,"has_location":null,"update_date":null,"atum_locations":[],"atum_stock_status":"instock","low_stock":false,"mi_inventories":[],"multi_inventory":null,"inventory_sorting_mode":null,"inventory_iteration":null,"expirable_inventories":null,"price_per_inventory":null,"_links":{"self":[{"href":"https:\/\/lesaintlaurentvape.com\/en\/wp-json\/wp\/v2\/product\/101471\/"}],"collection":[{"href":"https:\/\/lesaintlaurentvape.com\/en\/wp-json\/wp\/v2\/product\/"}],"about":[{"href":"https:\/\/lesaintlaurentvape.com\/en\/wp-json\/wp\/v2\/types\/product\/"}],"replies":[{"embeddable":true,"href":"https:\/\/lesaintlaurentvape.com\/en\/wp-json\/wp\/v2\/comments\/?post=101471"}],"wp:featuredmedia":[{"embeddable":true,"href":"https:\/\/lesaintlaurentvape.com\/en\/wp-json\/wp\/v2\/media\/75963\/"}],"wp:attachment":[{"href":"https:\/\/lesaintlaurentvape.com\/en\/wp-json\/wp\/v2\/media\/?parent=101471"}],"wp:term":[{"taxonomy":"marques","embeddable":true,"href":"https:\/\/lesaintlaurentvape.com\/en\/wp-json\/wp\/v2\/marques\/?post=101471"}],"curies":[{"name":"wp","href":"https:\/\/api.w.org\/{rel}","templated":true}]}}