{"id":101464,"date":"2019-01-03T13:48:11","date_gmt":"2019-01-03T12:48:11","guid":{"rendered":"https:\/\/lesaintlaurentvape.com\/produit\/eleaf-istick-pico-kit\/"},"modified":"2020-10-31T20:42:10","modified_gmt":"2020-10-31T19:42:10","slug":"eleaf-istick-pico-kit","status":"publish","type":"product","link":"https:\/\/lesaintlaurentvape.com\/en\/produit\/eleaf-istick-pico-kit\/","title":{"rendered":"Eleaf iStick Pico Kit"},"content":{"rendered":"<p><span style=\"color: #ffffff;\">Eleaf iStick Pico Kit<\/span><\/p>\n<h2 style=\"text-align: center;\"><b>DESCRIPTION D\u00c9TAILL\u00c9E\u00a0:<\/b><\/h2>\n<p><a href=\"https:\/\/dscvape.fr\/?attachment_id=6538\" rel=\"attachment wp-att-6538\"><img loading=\"lazy\" class=\"aligncenter size-full wp-image-6538\" src=\"https:\/\/dscvape.fr\/wp-content\/uploads\/2019\/01\/Kit-istick-pico-d\u00e9tail.png\" alt=\"\" width=\"1469\" height=\"822\" \/><\/a><\/p>\n<p style=\"text-align: center;\"><strong><span style=\"text-decoration: underline;\">Box \u00e0 accu<\/span><\/strong><\/p>\n<p><img class=\"aligncenter\" src=\"http:\/\/www.eleafworld.com\/image\/iStick-Pico\/iStick-Pico-Kit_10.png?v=2\" alt=\"iStick Pico Kit\" \/><\/p>\n<p style=\"text-align: center;\">La box iStick Pico s&#8217;alimente avec un accu 18650 non fourni et facilement installable.<\/p>\n<p style=\"text-align: center;\"><span style=\"text-decoration: underline;\"><strong>Melo 3 simple et discret<\/strong><\/span><\/p>\n<p><a href=\"https:\/\/dscvape.fr\/?attachment_id=6553\" rel=\"attachment wp-att-6553\"><img loading=\"lazy\" class=\"aligncenter size-full wp-image-6553\" src=\"https:\/\/dscvape.fr\/wp-content\/uploads\/2019\/01\/Clearomiseur-melo-3.png\" alt=\"\" width=\"1341\" height=\"616\" \/><\/a><\/p>\n<p style=\"text-align: center;\">Le remplissage se fait en d\u00e9vissant le top cap. Aussi il se fait sur les c\u00f4t\u00e9s et non au centre. Quant \u00e0 l&#8217;airflow, celui-ci est discr\u00e8tement positionn\u00e9 derri\u00e8re le bottom cap.<\/p>\n<div class=\"div_detail_0\" style=\"text-align: center;\"><span style=\"text-decoration: underline;\"><strong>Port micro USB<\/strong><\/span><\/div>\n<div><\/div>\n<div class=\"div_detail_04\" style=\"text-align: center;\">Chargement: La batterie 18650 peut \u00eatre charg\u00e9e dans le Eleaf iStick Pico via le port USB lat\u00e9ral via un adaptateur mural ou un ordinateur. Mais aussi charg\u00e9es avec un chargeur de batterie externe.<\/div>\n<div><a href=\"https:\/\/dscvape.fr\/?attachment_id=6554\" rel=\"attachment wp-att-6554\"><img loading=\"lazy\" class=\"aligncenter size-full wp-image-6554\" src=\"https:\/\/dscvape.fr\/wp-content\/uploads\/2019\/01\/Chargement-itsick-pico.png\" alt=\"\" width=\"858\" height=\"359\" \/><\/a><\/div>\n<p>&nbsp;<\/p>\n<p class=\"p1\"><span class=\"s1\" style=\"color: #ffffff;\"><a style=\"color: #ffffff;\" href=\"https:\/\/dscvape.fr\/product-brands\/eleaf\/\">Voir tous les produits Eleaf sur le site<\/a><\/span><\/p>\n<p class=\"p1\"><span class=\"s1\" style=\"color: #ffffff;\"><a style=\"color: #ffffff;\" href=\"http:\/\/www.eleafworld.com\/\">Voir le site du fournisseur<\/a><\/span><\/p>\n<p><span style=\"color: #ffffff;\">Aussi\u00a0<\/span><\/p>\n","protected":false},"excerpt":{"rendered":"<p>Le kit iStick Pico est le kit incontournable chez Eleaf. Simple et facile d&#8217;utilisation, il allie la box iStick Pico au clearomiseur MELO 3. La box fonctionne avec un accu 18650 non fourni dans le kit et permet d&#8217;inter-changer l&#8217;accu en cours de journ\u00e9e si celle-ci tombe en panne de batterie. Cela garantie donc une excellente autonomie pour une vape all-day. La box permet une puissance pouvant aller jusqu&#8217;\u00e0 75 W et permet diff\u00e9rents types de vape tels que\u00a0VW \/ Bypass \/ TC (Ni, Ti, SS, TCR &#8211; M1, M2, M3). Quant au clearomiseur Melo 3, il est dot\u00e9 d&#8217;un remplissage simple par le haut et d&#8217;un airflow r\u00e9glable cach\u00e9 vers le bas. Il s&#8217;utilise avec les r\u00e9sistances EC de la marque et sera parfait pour ceux qui recherchent un clearomiseur DL efficace !<\/p>\n<p>&nbsp;<\/p>\n<p><a href=\"https:\/\/dscvape.fr\/wp-content\/uploads\/2019\/06\/Aide-\u00e0-la-vente-Eleaf-iStick-Pico.pdf\">Aide \u00e0 la vente Eleaf iStick Pico<\/a><\/p>\n","protected":false},"featured_media":75951,"comment_status":"closed","ping_status":"closed","template":"","meta":[],"marques":[7490],"bundle_layout":"","bundled_by":[],"bundled_items":[],"supplier_id":null,"supplier_sku":"","atum_controlled":true,"out_stock_date":null,"out_stock_threshold":null,"inheritable":false,"inbound_stock":null,"stock_on_hold":null,"sold_today":null,"sales_last_days":null,"reserved_stock":null,"customer_returns":null,"warehouse_damage":null,"lost_in_post":null,"other_logs":null,"out_stock_days":null,"lost_sales":null,"has_location":null,"update_date":null,"atum_locations":[],"atum_stock_status":"instock","low_stock":false,"mi_inventories":[],"multi_inventory":null,"inventory_sorting_mode":null,"inventory_iteration":null,"expirable_inventories":null,"price_per_inventory":null,"_links":{"self":[{"href":"https:\/\/lesaintlaurentvape.com\/en\/wp-json\/wp\/v2\/product\/101464\/"}],"collection":[{"href":"https:\/\/lesaintlaurentvape.com\/en\/wp-json\/wp\/v2\/product\/"}],"about":[{"href":"https:\/\/lesaintlaurentvape.com\/en\/wp-json\/wp\/v2\/types\/product\/"}],"replies":[{"embeddable":true,"href":"https:\/\/lesaintlaurentvape.com\/en\/wp-json\/wp\/v2\/comments\/?post=101464"}],"wp:featuredmedia":[{"embeddable":true,"href":"https:\/\/lesaintlaurentvape.com\/en\/wp-json\/wp\/v2\/media\/75951\/"}],"wp:attachment":[{"href":"https:\/\/lesaintlaurentvape.com\/en\/wp-json\/wp\/v2\/media\/?parent=101464"}],"wp:term":[{"taxonomy":"marques","embeddable":true,"href":"https:\/\/lesaintlaurentvape.com\/en\/wp-json\/wp\/v2\/marques\/?post=101464"}],"curies":[{"name":"wp","href":"https:\/\/api.w.org\/{rel}","templated":true}]}}