{"id":101454,"date":"2019-01-03T12:49:34","date_gmt":"2019-01-03T11:49:34","guid":{"rendered":"https:\/\/lesaintlaurentvape.com\/produit\/eleaf-istick-pico-21700\/"},"modified":"2020-10-31T21:24:32","modified_gmt":"2020-10-31T20:24:32","slug":"eleaf-istick-pico-21700","status":"publish","type":"product","link":"https:\/\/lesaintlaurentvape.com\/en\/produit\/eleaf-istick-pico-21700\/","title":{"rendered":"Eleaf iStick Pico 21700 + accu 21700"},"content":{"rendered":"<p><span style=\"color: #ffffff;\">Eleaf iStick Pico 21700<\/span><\/p>\n<h2 style=\"text-align: center;\"><b>DESCRIPTION D\u00c9TAILL\u00c9E\u00a0:<\/b><\/h2>\n<p><a href=\"https:\/\/dscvape.fr\/?attachment_id=6490\" rel=\"attachment wp-att-6490\"><img loading=\"lazy\" class=\"aligncenter size-full wp-image-6490\" src=\"https:\/\/dscvape.fr\/wp-content\/uploads\/2019\/01\/D\u00e9tail-kit-istick-21700.png\" alt=\"\" width=\"1056\" height=\"797\" \/><\/a><\/p>\n<p style=\"text-align: center;\"><strong><u>Un remplissage simple et propre<\/u><\/strong><\/p>\n<p style=\"text-align: center;\">Le clearomiseur ELLO est dot\u00e9 d\u2019un syst\u00e8me de remplissage simplifi\u00e9 avec son top cap coulissant. Il vous suffira de pousser au niveau du petit triangle afin de pouvoir acc\u00e9der \u00e0 la zone de remplissage.<\/p>\n<p style=\"text-align: center;\"><img loading=\"lazy\" class=\"aligncenter size-full wp-image-5643\" src=\"https:\/\/dscvape.fr\/wp-content\/uploads\/2018\/12\/Remplissage-ELLO.png\" alt=\"\" width=\"708\" height=\"729\" \/><\/p>\n<p style=\"text-align: center;\"><span style=\"text-decoration: underline;\"><strong>R\u00e9sistance HW1-C (C\u00e9ramique)<\/strong><\/span><\/p>\n<p style=\"text-align: center;\">Eleaf pr\u00e9sente avec ce kit ces nouvelles r\u00e9sistances HW1-C qui rejoint la famille des r\u00e9sistances HW. Ce clearomiseur reste compatible avec toute la gamme des r\u00e9sistances HW.<\/p>\n<table style=\"height: 34px; width: 100%;\" width=\"100%\">\n<tbody>\n<tr style=\"height: 24px;\">\n<td style=\"width: 202px; text-align: center; height: 10px;\" colspan=\"4\">Propri\u00e9t\u00e9 des r\u00e9sistances HW<\/td>\n<\/tr>\n<tr style=\"height: 24px;\">\n<td style=\"width: 202px; text-align: center; height: 24px;\">HW1-C<\/td>\n<td style=\"width: 202px; text-align: center; height: 24px;\">35-40 W<\/td>\n<td style=\"width: 202px; text-align: center; height: 24px;\">5\/5<\/td>\n<td style=\"width: 203px; text-align: center; height: 24px;\">4\/5<\/td>\n<\/tr>\n<\/tbody>\n<\/table>\n<p><a href=\"https:\/\/dscvape.fr\/?attachment_id=6494\" rel=\"attachment wp-att-6494\"><img loading=\"lazy\" class=\"aligncenter size-full wp-image-6494\" src=\"https:\/\/dscvape.fr\/wp-content\/uploads\/2019\/01\/HW1C.png\" alt=\"\" width=\"900\" height=\"528\" \/><\/a><\/p>\n<p style=\"text-align: center;\"><span style=\"text-decoration: underline;\"><strong>Compatibilit\u00e9 avec accu 18650 et accu 21700 (fourni)<\/strong><\/span><a href=\"https:\/\/dscvape.fr\/?attachment_id=6505\" rel=\"attachment wp-att-6505\"><img loading=\"lazy\" class=\"size-full wp-image-6505 aligncenter\" src=\"https:\/\/dscvape.fr\/wp-content\/uploads\/2019\/01\/Accu-box-istick-21700.png\" alt=\"\" width=\"1803\" height=\"642\" \/><\/a><\/p>\n<div>\n<div class=\"div_detail_0\" style=\"text-align: center;\"><span style=\"text-decoration: underline;\"><strong>Port micro USB<\/strong><\/span><\/div>\n<div><\/div>\n<div class=\"div_detail_04\" style=\"text-align: center;\">Chargement: La batterie 18650\/21700 peut \u00eatre charg\u00e9e dans le Eleaf iStick Pico 21700 via le port USB lat\u00e9ral via un adaptateur mural ou un ordinateur, ou charg\u00e9es avec un chargeur de batterie externe.<\/div>\n<\/div>\n<div><a href=\"https:\/\/dscvape.fr\/?attachment_id=6506\" rel=\"attachment wp-att-6506\"><img loading=\"lazy\" class=\"aligncenter size-full wp-image-6506\" src=\"https:\/\/dscvape.fr\/wp-content\/uploads\/2019\/01\/Chargement-istick-21700.png\" alt=\"\" width=\"857\" height=\"334\" \/><\/a><\/div>\n<p>&nbsp;<\/p>\n","protected":false},"excerpt":{"rendered":"<p>Ce kit pr\u00e9sent\u00e9 par la marque Eleaf est l&#8217;association entre la box iStick Pico 21700 et le clearomiseur Ello. Ce kit est vendu avec un accu 21700 et peut \u00e9galement s&#8217;utiliser avec un accu 18650 \u00e0 l&#8217;aide d&#8217;un adaptateur ce qui permet \u00e0 ceux poss\u00e9dant d\u00e9j\u00e0 un accu 18650 de l&#8217;utiliser avec cette box l\u00e0. Cela permet \u00e9galement une vape all-day \u00e9tant donn\u00e9 que la batterie peut \u00eatre inter-chang\u00e9e en cours de journ\u00e9e et donc garantie de ne jamais tomber en panne de batterie. Capable d&#8217;une puissance pouvant aller jusqu&#8217;\u00e0 100 W et chargement rapide 2A, la box saura \u00e9galement plaire pour ces nombreuses fonctionnalit\u00e9s tels que diff\u00e9rents modes de vape: VW \/ Bypass \/ TC (Ni \/ Ti \/ SS \/ TCR). Quant au clearomiseur ELLO, c&#8217;est un clearomiseur simple d&#8217;utilisation avec un top cap qui coulisse pour le remplissage. Il s&#8217;utilise avec des r\u00e9sistances HW.<\/p>\n<p><a href=\"https:\/\/dscvape.fr\/wp-content\/uploads\/2019\/01\/Aide-\u00e0-la-vente-Eleaf-Pico-21700-accu-21700.pdf\">T\u00e9l\u00e9chargez-moi pour une aide \u00e0 la vente Eleaf Pico 21700 + accu 21700<\/a><\/p>\n","protected":false},"featured_media":75937,"comment_status":"closed","ping_status":"closed","template":"","meta":[],"marques":[7490],"bundle_layout":"","bundled_by":[],"bundled_items":[],"supplier_id":null,"supplier_sku":"","atum_controlled":true,"out_stock_date":null,"out_stock_threshold":null,"inheritable":false,"inbound_stock":null,"stock_on_hold":null,"sold_today":null,"sales_last_days":null,"reserved_stock":null,"customer_returns":null,"warehouse_damage":null,"lost_in_post":null,"other_logs":null,"out_stock_days":null,"lost_sales":null,"has_location":null,"update_date":null,"atum_locations":[],"atum_stock_status":"instock","low_stock":false,"mi_inventories":[],"multi_inventory":null,"inventory_sorting_mode":null,"inventory_iteration":null,"expirable_inventories":null,"price_per_inventory":null,"_links":{"self":[{"href":"https:\/\/lesaintlaurentvape.com\/en\/wp-json\/wp\/v2\/product\/101454\/"}],"collection":[{"href":"https:\/\/lesaintlaurentvape.com\/en\/wp-json\/wp\/v2\/product\/"}],"about":[{"href":"https:\/\/lesaintlaurentvape.com\/en\/wp-json\/wp\/v2\/types\/product\/"}],"replies":[{"embeddable":true,"href":"https:\/\/lesaintlaurentvape.com\/en\/wp-json\/wp\/v2\/comments\/?post=101454"}],"wp:featuredmedia":[{"embeddable":true,"href":"https:\/\/lesaintlaurentvape.com\/en\/wp-json\/wp\/v2\/media\/75937\/"}],"wp:attachment":[{"href":"https:\/\/lesaintlaurentvape.com\/en\/wp-json\/wp\/v2\/media\/?parent=101454"}],"wp:term":[{"taxonomy":"marques","embeddable":true,"href":"https:\/\/lesaintlaurentvape.com\/en\/wp-json\/wp\/v2\/marques\/?post=101454"}],"curies":[{"name":"wp","href":"https:\/\/api.w.org\/{rel}","templated":true}]}}