{"id":101453,"date":"2019-01-03T12:15:51","date_gmt":"2019-01-03T11:15:51","guid":{"rendered":"https:\/\/lesaintlaurentvape.com\/produit\/eleaf-istick-pico-25-kit\/"},"modified":"2020-10-31T20:39:32","modified_gmt":"2020-10-31T19:39:32","slug":"eleaf-istick-pico-25-kit","status":"publish","type":"product","link":"https:\/\/lesaintlaurentvape.com\/en\/produit\/eleaf-istick-pico-25-kit\/","title":{"rendered":"Eleaf iStick Pico 25 kit"},"content":{"rendered":"<p><span style=\"color: #ffffff;\">Eleaf iStick Pico 25<\/span><\/p>\n<h2 style=\"text-align: center;\"><b>DESCRIPTION D\u00c9TAILL\u00c9E\u00a0:<\/b><\/h2>\n<p><a href=\"https:\/\/dscvape.fr\/?attachment_id=6484\" rel=\"attachment wp-att-6484\"><img loading=\"lazy\" class=\"aligncenter size-full wp-image-6484\" src=\"https:\/\/dscvape.fr\/wp-content\/uploads\/2019\/01\/D\u00e9tail-kit-ello-istick-25.png\" alt=\"\" width=\"1725\" height=\"1223\" \/><\/a><\/p>\n<p style=\"text-align: center;\"><strong><u>Un remplissage simple et propre<\/u><\/strong><\/p>\n<p style=\"text-align: center;\">Le clearomiseur ELLO est dot\u00e9 d\u2019un syst\u00e8me de remplissage simplifi\u00e9 avec son top cap coulissant. Il vous suffira de pousser au niveau du petit triangle afin de pouvoir acc\u00e9der \u00e0 la zone de remplissage.<\/p>\n<p><img class=\"aligncenter\" src=\"http:\/\/www.eleafworld.com\/image\/product\/iStick-Pico-25-with-ELLO_11.jpg?v=2\" alt=\"iStick Pico 25 with ELLO\" \/><\/p>\n<p>&nbsp;<\/p>\n<p style=\"text-align: center;\"><strong><u>Les r\u00e9sistances HW<\/u><\/strong><\/p>\n<p style=\"text-align: center;\">Eleaf vous propose de d\u00e9couvrir la gamme de r\u00e9sistance HW: HW1 en 0,2 ohm et la HW2 en 0,3 ohm.<\/p>\n<table style=\"height: 138px;\" width=\"100%\">\n<tbody>\n<tr>\n<td style=\"width: 202px; text-align: center;\" colspan=\"4\">Propri\u00e9t\u00e9 des r\u00e9sistances HW<\/td>\n<\/tr>\n<tr>\n<td style=\"width: 202px; text-align: center;\">R\u00e9sistance HW<\/td>\n<td style=\"width: 202px; text-align: center;\">Intervalle de watt<\/td>\n<td style=\"width: 202px; text-align: center;\">Qualit\u00e9 gustative<\/td>\n<td style=\"width: 203px; text-align: center;\">Production de vapeur<\/td>\n<\/tr>\n<tr>\n<td style=\"width: 202px; text-align: center;\">HW1<\/td>\n<td style=\"width: 202px; text-align: center;\">50-65 W<\/td>\n<td style=\"width: 202px; text-align: center;\">4\/5<\/td>\n<td style=\"width: 203px; text-align: center;\">4\/5<\/td>\n<\/tr>\n<tr>\n<td style=\"width: 202px; text-align: center;\">HW2<\/td>\n<td style=\"width: 202px; text-align: center;\">45-60 W<\/td>\n<td style=\"width: 202px; text-align: center;\">5\/5<\/td>\n<td style=\"width: 203px; text-align: center;\">3\/5<\/td>\n<\/tr>\n<\/tbody>\n<\/table>\n<p>&nbsp;<\/p>\n<p><img class=\"aligncenter\" src=\"http:\/\/www.eleafworld.com\/image\/product\/iStick-Pico-25-with-ELLO_10.jpg?v=2\" alt=\"iStick Pico 25 with ELLO\" \/><\/p>\n<p style=\"text-align: center;\"><strong><span style=\"text-decoration: underline;\">Autonomie modulable<\/span><\/strong><\/p>\n<p><a href=\"https:\/\/dscvape.fr\/?attachment_id=6487\" rel=\"attachment wp-att-6487\"><img loading=\"lazy\" class=\"aligncenter size-full wp-image-6487\" src=\"https:\/\/dscvape.fr\/wp-content\/uploads\/2019\/01\/Batterie-18650-istick.png\" alt=\"\" width=\"820\" height=\"647\" \/><\/a><\/p>\n<p>La box est aliment\u00e9e par un accu 18650 non fourni dans le kit. Ces accus sont \u00e0 manier avec prudence. (Voir DESCRIPTION:\u00a0<a href=\"https:\/\/dscvape.fr\/produit\/efest-18650-3000\/\">https:\/\/dscvape.fr\/produit\/efest-18650-3000\/<\/a>)<\/p>\n<div>\n<div class=\"div_detail_0\" style=\"text-align: center;\"><span style=\"text-decoration: underline;\"><strong>Port micro USB<\/strong><\/span><\/div>\n<div><\/div>\n<div class=\"div_detail_04\" style=\"text-align: center;\">Chargement: La batterie 18650 peut \u00eatre charg\u00e9e dans le Eleaf iStick Pico 25 via le port USB lat\u00e9ral via un adaptateur mural ou un ordinateur, ou charg\u00e9es avec un chargeur de batterie externe.<\/div>\n<\/div>\n<div><a href=\"https:\/\/dscvape.fr\/?attachment_id=6486\" rel=\"attachment wp-att-6486\"><img loading=\"lazy\" class=\"aligncenter size-full wp-image-6486\" src=\"https:\/\/dscvape.fr\/wp-content\/uploads\/2019\/01\/Chargement-istick-24.png\" alt=\"\" width=\"876\" height=\"346\" \/><\/a><\/div>\n<div><\/div>\n<p>&nbsp;<\/p>\n","protected":false},"excerpt":{"rendered":"<p>Ce kit propos\u00e9 par la marque Eleaf est compos\u00e9 de la box iStick Pico 25 et du clearomiseur ELLO. L&#8217;assemblage de ces deux \u00e9l\u00e9ments saura plaire aux amateurs de vape sub-ohmique. Tout d&#8217;abord, la box iStick pico 25 est une box \u00e0 accu (18650 non fourni dans le kit) parfait pour ceux qui souhaitent avoir une autonomie importante. Vous allez pouvoir inter-changer l&#8217;accu en cours de journ\u00e9e d\u00e8s que la batterie sera faible. Capable d&#8217;une puissance pouvant aller jusqu&#8217;\u00e0 85 W, dot\u00e9e d&#8217;un chargement rapide \u00e0 2A et de nombreux modes de vape tels que\u00a0VW \/ Bypass \/ TC (Ni,Ti,SS,TCR-M1,M2,M3), la box iStick Pico 25 est une valeur s\u00fbre. Quant au clearomiseur, Ello permet un capacit\u00e9 de 2ml et s&#8217;utilise avec les r\u00e9sistances HW de la marque pour une retranscription des saveurs au top et une vapeur dense.<\/p>\n<p><a href=\"https:\/\/dscvape.fr\/wp-content\/uploads\/2019\/01\/Aide-\u00e0-la-vente-Eleaf-Pico-25.pdf\">Aide \u00e0 la vente Eleaf Pico 25<\/a><\/p>\n","protected":false},"featured_media":75923,"comment_status":"closed","ping_status":"closed","template":"","meta":[],"marques":[7490],"bundle_layout":"","bundled_by":[],"bundled_items":[],"supplier_id":null,"supplier_sku":"","atum_controlled":true,"out_stock_date":null,"out_stock_threshold":null,"inheritable":false,"inbound_stock":null,"stock_on_hold":null,"sold_today":null,"sales_last_days":null,"reserved_stock":null,"customer_returns":null,"warehouse_damage":null,"lost_in_post":null,"other_logs":null,"out_stock_days":null,"lost_sales":null,"has_location":null,"update_date":null,"atum_locations":[],"atum_stock_status":"instock","low_stock":false,"mi_inventories":[],"multi_inventory":null,"inventory_sorting_mode":null,"inventory_iteration":null,"expirable_inventories":null,"price_per_inventory":null,"_links":{"self":[{"href":"https:\/\/lesaintlaurentvape.com\/en\/wp-json\/wp\/v2\/product\/101453\/"}],"collection":[{"href":"https:\/\/lesaintlaurentvape.com\/en\/wp-json\/wp\/v2\/product\/"}],"about":[{"href":"https:\/\/lesaintlaurentvape.com\/en\/wp-json\/wp\/v2\/types\/product\/"}],"replies":[{"embeddable":true,"href":"https:\/\/lesaintlaurentvape.com\/en\/wp-json\/wp\/v2\/comments\/?post=101453"}],"wp:featuredmedia":[{"embeddable":true,"href":"https:\/\/lesaintlaurentvape.com\/en\/wp-json\/wp\/v2\/media\/75923\/"}],"wp:attachment":[{"href":"https:\/\/lesaintlaurentvape.com\/en\/wp-json\/wp\/v2\/media\/?parent=101453"}],"wp:term":[{"taxonomy":"marques","embeddable":true,"href":"https:\/\/lesaintlaurentvape.com\/en\/wp-json\/wp\/v2\/marques\/?post=101453"}],"curies":[{"name":"wp","href":"https:\/\/api.w.org\/{rel}","templated":true}]}}