{"id":101438,"date":"2019-01-02T12:52:27","date_gmt":"2019-01-02T11:52:27","guid":{"rendered":"https:\/\/lesaintlaurentvape.com\/produit\/eleaf-ikuu-i200-kit\/"},"modified":"2020-10-31T20:41:30","modified_gmt":"2020-10-31T19:41:30","slug":"eleaf-ikuu-i200-kit","status":"publish","type":"product","link":"https:\/\/lesaintlaurentvape.com\/en\/produit\/eleaf-ikuu-i200-kit\/","title":{"rendered":"Eleaf iKuu i200 Kit (4ml)"},"content":{"rendered":"<p><span style=\"color: #ffffff;\">Eleaf iKuu i200<\/span><\/p>\n<h2 style=\"text-align: center;\"><b style=\"text-align: center;\">DESCRIPTION D\u00c9TAILL\u00c9E\u00a0:<\/b><\/h2>\n<p><a href=\"https:\/\/dscvape.fr\/?attachment_id=6244\" rel=\"attachment wp-att-6244\"><img loading=\"lazy\" class=\"aligncenter size-full wp-image-6244\" src=\"https:\/\/dscvape.fr\/wp-content\/uploads\/2019\/01\/Kit-ikuu-i200-d\u00e9tail.png\" alt=\"\" width=\"1146\" height=\"826\" \/><\/a><\/p>\n<p>&nbsp;<\/p>\n<p style=\"text-align: center;\"><strong><u>Remplissage simple<\/u><\/strong><\/p>\n<p style=\"text-align: center;\"><strong><u><img loading=\"lazy\" class=\"aligncenter size-full wp-image-3778\" src=\"https:\/\/dscvape.fr\/wp-content\/uploads\/2018\/11\/melo4-remplissage.png\" alt=\"\" width=\"696\" height=\"681\" \/><\/u><\/strong><\/p>\n<p style=\"text-align: center;\">Eleaf se montre ing\u00e9nieux avec son Melo 4 notamment avec son remplissage qui facilite le quotidien. Fini le liquide pleins les doigts, ce clearomiseur propose un remplissage intelligent. En effet, il vous suffira de pousser le top cap au niveau du petit triangle pour pouvoir d\u00e9couvrir l\u2019orifice d\u00e9di\u00e9 au remplissage.<\/p>\n<p style=\"text-align: center;\"><strong><u>Airflow \u00e0 deux ouvertures<\/u><\/strong><\/p>\n<p style=\"text-align: center;\">Le Melo 4 poss\u00e8de un airflow r\u00e9glable \u00e0 deux ouvertures pour une vape toujours plus intense et dense. Vous allez pouvoir r\u00e9gler celui-ci jusqu\u2019\u00e0 obtenir le tirage souhait\u00e9.<\/p>\n<p style=\"text-align: center;\"><strong><u>R\u00e9sistance EC2<\/u><\/strong><\/p>\n<p><img class=\"aligncenter\" src=\"http:\/\/www.eleafworld.com\/image\/ikuun\/iKuun-i200_04.png\" alt=\"iKuu i200 with MELO 4\" \/><\/p>\n<p style=\"text-align: center;\">Eleaf pr\u00e9sente avec ce kit les nouvelles r\u00e9sistances EC2, version am\u00e9lior\u00e9e des fameuses EC de la marque. D\u00e9couvrez les en 0,5 ohm et 0,3 ohm pour une exp\u00e9rience encore plus riche de la vape.<\/p>\n<p style=\"text-align: center;\"><span style=\"text-decoration: underline;\"><strong>La box iKuu i200<\/strong><\/span><\/p>\n<p><img src=\"http:\/\/www.eleafworld.com\/image\/iKuun\/iKuun-i200_07.png?v=2\" alt=\"iKuu i200 with MELO 4\" \/><\/p>\n<p style=\"text-align: center;\">La batterie iKuu i200 poss\u00e8de une excellente autonomie de 4600 mAh avec sa batterie int\u00e9gr\u00e9e. Vous allez pouvoir adapter la box en fonction de vos pr\u00e9f\u00e9rences gr\u00e2ce \u00e0 plusieurs modes de vape disponibles:\u00a0VW\/TC\/TCR en M1, M2, M3. Pour varier entre les diff\u00e9rents modes, il vous suffira d&#8217;appuyer 3x rapidement sur le bouton fire et vous n&#8217;aurez qu&#8217;\u00e0 s\u00e9lectionner celui-que vous souhaitez avec les boutons +\/-.<\/p>\n<p style=\"text-align: center;\"><strong><span style=\"text-decoration: underline;\">Mettre \u00e0 jour le firmware<\/span><\/strong><\/p>\n<p style=\"text-align: center;\">Des mises \u00e0 jour sont disponibles pour le firmware de votre box sur le site officiel d&#8217;Eleaf.<\/p>\n","protected":false},"excerpt":{"rendered":"<p>Le kit Ikuu i200 de la marque Eleaf alliant la box iKuu i200 \u00e0 la Melo 4 est le partenaire id\u00e9al des amateurs de vape sub-ohmique. Box batterie int\u00e9gr\u00e9e de 4600 mAh pour une vape en continue et un chargement rapide 2 A qui va garantie une vape all-day gr\u00e2ce une belle autonomie. Cette box poss\u00e8de une puissance pouvant aller jusqu\u2019\u00e0 200W et sera parfait pour le cloud-chasing avec une production de vapeur dense et volumineuse. Quant au cleaoromiseur Melo 4, celui-ci est parfaitement adapt\u00e9 pour les tirages a\u00e9riens mais tout en restant simple d\u2019utilisation notamment gr\u00e2ce \u00e0 un remplissage intelligent avec un top cap coulissant laissant appara\u00eetre une ouverture d\u00e9di\u00e9e au remplissage. Fourni dans sa version D25, il permet de remplir jusqu\u2019\u00e0 4,5ml. Afin, ce kit permet de varier entre plusieurs modes de vape tels que : VW\/TC\/TCR en M1, M2, M3.<\/p>\n<p><a href=\"https:\/\/dscvape.fr\/wp-content\/uploads\/2019\/01\/Aide-\u00e0-la-vente-Eleaf-iKuu-i200.pdf\">T\u00e9l\u00e9chargez-moi pour une aide \u00e0 la vente Eleaf iKuu i200<\/a><\/p>\n<p><em>Attention<\/em><em>\u00a0<\/em><em>: Il est fortement conseill\u00e9 d\u2019utiliser cet appareil avec des liquides avec un taux de VG \u00e9lev\u00e9. Un taux de PG \u00e9lev\u00e9 risque de provoquer des fuites ainsi que des remont\u00e9s de liquide.<\/em><\/p>\n","protected":false},"featured_media":75909,"comment_status":"closed","ping_status":"closed","template":"","meta":[],"marques":[7490],"bundle_layout":"","bundled_by":[],"bundled_items":[],"supplier_id":null,"supplier_sku":"","atum_controlled":true,"out_stock_date":null,"out_stock_threshold":null,"inheritable":false,"inbound_stock":null,"stock_on_hold":null,"sold_today":null,"sales_last_days":null,"reserved_stock":null,"customer_returns":null,"warehouse_damage":null,"lost_in_post":null,"other_logs":null,"out_stock_days":null,"lost_sales":null,"has_location":null,"update_date":null,"atum_locations":[],"atum_stock_status":"instock","low_stock":false,"mi_inventories":[],"multi_inventory":null,"inventory_sorting_mode":null,"inventory_iteration":null,"expirable_inventories":null,"price_per_inventory":null,"_links":{"self":[{"href":"https:\/\/lesaintlaurentvape.com\/en\/wp-json\/wp\/v2\/product\/101438\/"}],"collection":[{"href":"https:\/\/lesaintlaurentvape.com\/en\/wp-json\/wp\/v2\/product\/"}],"about":[{"href":"https:\/\/lesaintlaurentvape.com\/en\/wp-json\/wp\/v2\/types\/product\/"}],"replies":[{"embeddable":true,"href":"https:\/\/lesaintlaurentvape.com\/en\/wp-json\/wp\/v2\/comments\/?post=101438"}],"wp:featuredmedia":[{"embeddable":true,"href":"https:\/\/lesaintlaurentvape.com\/en\/wp-json\/wp\/v2\/media\/75909\/"}],"wp:attachment":[{"href":"https:\/\/lesaintlaurentvape.com\/en\/wp-json\/wp\/v2\/media\/?parent=101438"}],"wp:term":[{"taxonomy":"marques","embeddable":true,"href":"https:\/\/lesaintlaurentvape.com\/en\/wp-json\/wp\/v2\/marques\/?post=101438"}],"curies":[{"name":"wp","href":"https:\/\/api.w.org\/{rel}","templated":true}]}}