{"id":101431,"date":"2018-12-31T16:16:35","date_gmt":"2018-12-31T15:16:35","guid":{"rendered":"https:\/\/lesaintlaurentvape.com\/produit\/eleaf-resistance-hw-1-2-3-4-1-c\/"},"modified":"2020-10-31T20:38:25","modified_gmt":"2020-10-31T19:38:25","slug":"eleaf-resistance-hw-1-2-3-4-1-c","status":"publish","type":"product","link":"https:\/\/lesaintlaurentvape.com\/en\/produit\/eleaf-resistance-hw-1-2-3-4-1-c\/","title":{"rendered":"Eleaf R\u00e9sistance HW 1 \/ 2 \/ 3 \/ 4 \/ 1-C"},"content":{"rendered":"<p><span style=\"color: #ffffff;\">Eleaf R\u00e9sistance<\/span><\/p>\n<p style=\"text-align: center;\"><strong><u>Les r\u00e9sistances HW<\/u><\/strong><\/p>\n<p style=\"text-align: center;\">Eleaf vous propose de d\u00e9couvrir la gamme de r\u00e9sistance HW: HW1 en 0,2 ohm, la HW2 en 0,3 ohm et la HW3 en 0,2 ohm.<\/p>\n<table style=\"height: 120px; width: 100%;\" width=\"100%\">\n<tbody>\n<tr style=\"height: 24px;\">\n<td style=\"width: 202px; text-align: center; height: 24px;\" colspan=\"4\">Propri\u00e9t\u00e9 des r\u00e9sistances HW<\/td>\n<\/tr>\n<tr style=\"height: 24px;\">\n<td style=\"width: 202px; text-align: center; height: 24px;\">R\u00e9sistance HW<\/td>\n<td style=\"width: 202px; text-align: center; height: 24px;\">Intervalle de watt<\/td>\n<td style=\"width: 202px; text-align: center; height: 24px;\">Qualit\u00e9 gustative<\/td>\n<td style=\"width: 203px; text-align: center; height: 24px;\">Production de vapeur<\/td>\n<\/tr>\n<tr style=\"height: 24px;\">\n<td style=\"width: 202px; text-align: center; height: 24px;\">HW1<\/td>\n<td style=\"width: 202px; text-align: center; height: 24px;\">50-65 W<\/td>\n<td style=\"width: 202px; text-align: center; height: 24px;\">4\/5<\/td>\n<td style=\"width: 203px; text-align: center; height: 24px;\">4\/5<\/td>\n<\/tr>\n<tr style=\"height: 24px;\">\n<td style=\"width: 202px; text-align: center; height: 24px;\">HW2<\/td>\n<td style=\"width: 202px; text-align: center; height: 24px;\">45-60 W<\/td>\n<td style=\"width: 202px; text-align: center; height: 24px;\">5\/5<\/td>\n<td style=\"width: 203px; text-align: center; height: 24px;\">3\/5<\/td>\n<\/tr>\n<tr style=\"height: 24px;\">\n<td style=\"width: 202px; text-align: center; height: 24px;\">HW3<\/td>\n<td style=\"width: 202px; text-align: center; height: 24px;\">70-90 W<\/td>\n<td style=\"width: 202px; text-align: center; height: 24px;\">4\/5<\/td>\n<td style=\"width: 203px; text-align: center; height: 24px;\">5\/5<\/td>\n<\/tr>\n<tr>\n<td style=\"width: 202px; text-align: center;\">HW4<\/td>\n<td style=\"width: 202px; text-align: center;\">60-80 W<\/td>\n<td style=\"width: 202px; text-align: center;\">3\/5<\/td>\n<td style=\"width: 203px; text-align: center;\">5\/5<\/td>\n<\/tr>\n<tr>\n<td style=\"width: 202px; text-align: center;\">HW1-C<\/td>\n<td style=\"width: 202px; text-align: center;\">35-40 W<\/td>\n<td style=\"width: 202px; text-align: center;\">5\/5<\/td>\n<td style=\"width: 203px; text-align: center;\">4\/5<\/td>\n<\/tr>\n<\/tbody>\n<\/table>\n<p>&nbsp;<\/p>\n<p><a href=\"https:\/\/dscvape.fr\/?attachment_id=6094\" rel=\"attachment wp-att-6094\"><img loading=\"lazy\" class=\"aligncenter size-full wp-image-6094\" src=\"https:\/\/dscvape.fr\/wp-content\/uploads\/2018\/12\/hw-eleaf.png\" alt=\"\" width=\"1198\" height=\"736\" \/><\/a><\/p>\n<p class=\"p1\"><span class=\"s1\" style=\"color: #ffffff;\"><a style=\"color: #ffffff;\" href=\"https:\/\/dscvape.fr\/product-brands\/eleaf\/\">Voir tous les produits Eleaf sur le site<\/a><\/span><\/p>\n<p class=\"p1\"><span class=\"s1\" style=\"color: #ffffff;\"><a style=\"color: #ffffff;\" href=\"http:\/\/www.eleafworld.com\/\">Voir le site du fournisseur<\/a><\/span><\/p>\n","protected":false},"excerpt":{"rendered":"<p>Les r\u00e9sistances HW de marque Eleaf en coton pure sont compatibles avec les atomiseurs ELLO de la m\u00eame marque. Existe aussi en HW-N\/HW-M\/HW-M Dual\/HW-N Dual. Vendue par bo\u00eete de 5 pi\u00e8ces.<\/p>\n<p><strong><span style=\"text-decoration: underline;\">Compatibilit\u00e9:<\/span><\/strong> Clearomiseur gamme ELLO de Eleaf.<\/p>\n","protected":false},"featured_media":73737,"comment_status":"closed","ping_status":"closed","template":"","meta":[],"marques":[7490],"bundle_layout":"","bundled_by":[],"bundled_items":[],"supplier_id":null,"supplier_sku":"","atum_controlled":true,"out_stock_date":null,"out_stock_threshold":null,"inheritable":false,"inbound_stock":null,"stock_on_hold":null,"sold_today":null,"sales_last_days":null,"reserved_stock":null,"customer_returns":null,"warehouse_damage":null,"lost_in_post":null,"other_logs":null,"out_stock_days":null,"lost_sales":null,"has_location":null,"update_date":null,"atum_locations":[],"atum_stock_status":"instock","low_stock":false,"mi_inventories":[],"multi_inventory":null,"inventory_sorting_mode":null,"inventory_iteration":null,"expirable_inventories":null,"price_per_inventory":null,"_links":{"self":[{"href":"https:\/\/lesaintlaurentvape.com\/en\/wp-json\/wp\/v2\/product\/101431\/"}],"collection":[{"href":"https:\/\/lesaintlaurentvape.com\/en\/wp-json\/wp\/v2\/product\/"}],"about":[{"href":"https:\/\/lesaintlaurentvape.com\/en\/wp-json\/wp\/v2\/types\/product\/"}],"replies":[{"embeddable":true,"href":"https:\/\/lesaintlaurentvape.com\/en\/wp-json\/wp\/v2\/comments\/?post=101431"}],"wp:featuredmedia":[{"embeddable":true,"href":"https:\/\/lesaintlaurentvape.com\/en\/wp-json\/wp\/v2\/media\/73737\/"}],"wp:attachment":[{"href":"https:\/\/lesaintlaurentvape.com\/en\/wp-json\/wp\/v2\/media\/?parent=101431"}],"wp:term":[{"taxonomy":"marques","embeddable":true,"href":"https:\/\/lesaintlaurentvape.com\/en\/wp-json\/wp\/v2\/marques\/?post=101431"}],"curies":[{"name":"wp","href":"https:\/\/api.w.org\/{rel}","templated":true}]}}