{"id":101418,"date":"2018-12-27T18:23:42","date_gmt":"2018-12-27T17:23:42","guid":{"rendered":"https:\/\/lesaintlaurentvape.com\/produit\/eleaf-istick-melo-avec-melo-4-d22\/"},"modified":"2020-10-31T20:39:13","modified_gmt":"2020-10-31T19:39:13","slug":"eleaf-istick-melo-avec-melo-4-d22","status":"publish","type":"product","link":"https:\/\/lesaintlaurentvape.com\/en\/produit\/eleaf-istick-melo-avec-melo-4-d22\/","title":{"rendered":"Eleaf iStick Melo avec Melo 4 D22"},"content":{"rendered":"<p><span style=\"color: #ffffff;\">Eleaf iStick Melo avec Melo<\/span><\/p>\n<h2 style=\"text-align: center;\"><b style=\"text-align: center;\">DESCRIPTION D\u00c9TAILL\u00c9E\u00a0:<\/b><\/h2>\n<p><a href=\"https:\/\/dscvape.fr\/?attachment_id=5667\" rel=\"attachment wp-att-5667\"><img loading=\"lazy\" class=\"aligncenter size-full wp-image-5667\" src=\"https:\/\/dscvape.fr\/wp-content\/uploads\/2018\/12\/Kit-istick-melo-4.png\" alt=\"\" width=\"637\" height=\"724\" \/><\/a><\/p>\n<p style=\"text-align: center;\"><strong><u>Remplissage simple<\/u><\/strong><\/p>\n<p style=\"text-align: center;\"><strong><u><img loading=\"lazy\" class=\"aligncenter size-full wp-image-3778\" src=\"https:\/\/dscvape.fr\/wp-content\/uploads\/2018\/11\/melo4-remplissage.png\" alt=\"\" width=\"696\" height=\"681\" \/><\/u><\/strong><\/p>\n<p style=\"text-align: center;\">Eleaf se montre ing\u00e9nieux avec son Melo 4 notamment avec son remplissage qui facilite le quotidien. Fini le liquide pleins les doigts, ce clearomiseur propose un remplissage intelligent. En effet, il vous suffira de pousser le top cap au niveau du petit triangle pour pouvoir d\u00e9couvrir l\u2019orifice d\u00e9di\u00e9 au remplissage.<\/p>\n<p style=\"text-align: center;\"><strong><u>Airflow \u00e0 deux ouvertures<\/u><\/strong><\/p>\n<p style=\"text-align: center;\">Le Melo 4 poss\u00e8de un airflow r\u00e9glable \u00e0 deux ouvertures pour une vape toujours plus intense et dense. Vous allez pouvoir r\u00e9gler celui-ci jusqu\u2019\u00e0 obtenir le tirage souhait\u00e9.<\/p>\n<p style=\"text-align: center;\"><strong><span style=\"text-decoration: underline;\">iStick Melo<\/span><\/strong><\/p>\n<p style=\"text-align: center;\">La batterie iStick Melo poss\u00e8de une autonomie de 4400 mAh, une excellente capacit\u00e9 qui vous accompagnera pour une vape en all-day. Malgr\u00e9 tout, ce n&#8217;est pas une box imposante, au contraire elle est tr\u00e8s facilement transportable dans votre sac sans encombrer gr\u00e2ce \u00e0 son design ergonomique. Vous allez \u00e9galement pouvoir r\u00e9gler la puissance de votre batterie jusqu&#8217;\u00e0 60 W.<\/p>\n<p><img class=\"aligncenter\" src=\"http:\/\/www.eleafworld.com\/image\/istick-melo-4\/istick-melo-4_04.png?v=2\" alt=\"iStick MELO with MELO 4\" \/><\/p>\n<p><span style=\"color: #ffffff;\">Eleaf iStick Melo avec Melo<\/span><\/p>\n","protected":false},"excerpt":{"rendered":"<p>Ce kit allie le clearomiseur MELO 4 et la box iStick Melo pour ensemble d\u00e9di\u00e9 \u00e0 la vape sub-ohmique. Le cleaoromiseur Melo 4 (version D22 2ml) est parfait pour la vape en sub-ohm. En effet, avec des r\u00e9sistances EC2 en 0,3 ohm et 0,5 ohm pouvant s\u2019utiliser jusqu\u2019\u00e0 pr\u00e8s de 80W, attendez-vous \u00e0 de gros nuages de fum\u00e9e. Ce tank a pour atout de rester simple d\u2019utilisation notamment gr\u00e2ce \u00e0 un remplissage intelligent avec un top cap coulissant laissant appara\u00eetre une ouverture d\u00e9di\u00e9e au remplissage. Quant \u00e0 la batterie, nous avons une capacit\u00e9 de 4400 mAh pour une vape all-day et une puissance pouvant aller jusqu\u2019\u00e0 60 W.<\/p>\n<p><a href=\"https:\/\/dscvape.fr\/wp-content\/uploads\/2018\/12\/Aide-\u00e0-la-vente-Eleaf-iStick-Melo.pdf\">T\u00e9l\u00e9chargez-moi pour une aide \u00e0 la vente Eleaf iStick Melo<\/a><\/p>\n","protected":false},"featured_media":73687,"comment_status":"closed","ping_status":"closed","template":"","meta":[],"marques":[7490],"bundle_layout":"","bundled_by":[],"bundled_items":[],"supplier_id":null,"supplier_sku":"","atum_controlled":true,"out_stock_date":null,"out_stock_threshold":null,"inheritable":false,"inbound_stock":null,"stock_on_hold":null,"sold_today":null,"sales_last_days":null,"reserved_stock":null,"customer_returns":null,"warehouse_damage":null,"lost_in_post":null,"other_logs":null,"out_stock_days":null,"lost_sales":null,"has_location":null,"update_date":null,"atum_locations":[],"atum_stock_status":"instock","low_stock":false,"mi_inventories":[],"multi_inventory":null,"inventory_sorting_mode":null,"inventory_iteration":null,"expirable_inventories":null,"price_per_inventory":null,"_links":{"self":[{"href":"https:\/\/lesaintlaurentvape.com\/en\/wp-json\/wp\/v2\/product\/101418\/"}],"collection":[{"href":"https:\/\/lesaintlaurentvape.com\/en\/wp-json\/wp\/v2\/product\/"}],"about":[{"href":"https:\/\/lesaintlaurentvape.com\/en\/wp-json\/wp\/v2\/types\/product\/"}],"replies":[{"embeddable":true,"href":"https:\/\/lesaintlaurentvape.com\/en\/wp-json\/wp\/v2\/comments\/?post=101418"}],"wp:featuredmedia":[{"embeddable":true,"href":"https:\/\/lesaintlaurentvape.com\/en\/wp-json\/wp\/v2\/media\/73687\/"}],"wp:attachment":[{"href":"https:\/\/lesaintlaurentvape.com\/en\/wp-json\/wp\/v2\/media\/?parent=101418"}],"wp:term":[{"taxonomy":"marques","embeddable":true,"href":"https:\/\/lesaintlaurentvape.com\/en\/wp-json\/wp\/v2\/marques\/?post=101418"}],"curies":[{"name":"wp","href":"https:\/\/api.w.org\/{rel}","templated":true}]}}