{"id":101416,"date":"2018-12-27T17:30:58","date_gmt":"2018-12-27T16:30:58","guid":{"rendered":"https:\/\/lesaintlaurentvape.com\/produit\/ikuu-i80-avec-melo-4\/"},"modified":"2020-10-31T20:38:07","modified_gmt":"2020-10-31T19:38:07","slug":"ikuu-i80-avec-melo-4","status":"publish","type":"product","link":"https:\/\/lesaintlaurentvape.com\/en\/produit\/ikuu-i80-avec-melo-4\/","title":{"rendered":"Eleaf iKuu i80 avec MELO 4 (4ml)"},"content":{"rendered":"<div>\n<p><span style=\"color: #ffffff;\">Eleaf iKuu i80 avec MELO<\/span><\/p>\n<h2 style=\"text-align: center;\"><b>DESCRIPTION D\u00c9TAILL\u00c9E\u00a0:<\/b><\/h2>\n<\/div>\n<div style=\"text-align: center;\"><a href=\"https:\/\/dscvape.fr\/?attachment_id=6482\" rel=\"attachment wp-att-6482\"><img loading=\"lazy\" class=\"aligncenter size-full wp-image-6482\" src=\"https:\/\/dscvape.fr\/wp-content\/uploads\/2018\/12\/iKuu-i80-d\u00e9tail.png\" alt=\"\" width=\"1112\" height=\"839\" \/><\/a><\/div>\n<div class=\"col-xs-12 col-lg-12\" style=\"text-align: center;\">\n<p style=\"text-align: center;\"><strong><u>Remplissage simple<\/u><\/strong><\/p>\n<p style=\"text-align: center;\"><strong><u><img loading=\"lazy\" class=\"aligncenter size-full wp-image-3778\" src=\"https:\/\/dscvape.fr\/wp-content\/uploads\/2018\/11\/melo4-remplissage.png\" alt=\"\" width=\"696\" height=\"681\" \/><\/u><\/strong><\/p>\n<p style=\"text-align: center;\">Eleaf se montre ing\u00e9nieux avec son Melo 4 notamment avec son remplissage qui facilite le quotidien. Fini le liquide pleins les doigts, ce clearomiseur propose un remplissage intelligent. En effet, il vous suffira de pousser le top cap au niveau du petit triangle pour pouvoir d\u00e9couvrir l\u2019orifice d\u00e9di\u00e9 au remplissage.<\/p>\n<p style=\"text-align: center;\"><strong><u>Airflow \u00e0 deux ouvertures<\/u><\/strong><\/p>\n<p style=\"text-align: center;\">Le Melo 4 poss\u00e8de un airflow r\u00e9glable \u00e0 deux ouvertures pour une vape toujours plus intense et dense. Vous allez pouvoir r\u00e9gler celui-ci jusqu\u2019\u00e0 obtenir le tirage souhait\u00e9.<\/p>\n<p style=\"text-align: center;\"><strong><u>R\u00e9sistance EC2<\/u><\/strong><\/p>\n<p><img class=\"aligncenter\" src=\"http:\/\/www.eleafworld.com\/image\/ikuun\/iKuun-i200_04.png\" alt=\"iKuu i200 with MELO 4\" \/><\/p>\n<p style=\"text-align: center;\">Eleaf pr\u00e9sente avec ce kit les nouvelles r\u00e9sistances EC2, version am\u00e9lior\u00e9e des fameuses EC de la marque. D\u00e9couvrez les en 0,5 ohm et 0,3 ohm pour une exp\u00e9rience encore plus riche de la vape.<\/p>\n<p style=\"text-align: center;\">\n<\/div>\n<div>\n<div class=\"div_detail_0\" style=\"text-align: center;\"><span style=\"text-decoration: underline;\"><strong>Chargement plus s\u00fbr avec syst\u00e8me de protection contre la temp\u00e9rature<\/strong><\/span><\/div>\n<\/div>\n<div><\/div>\n<div>\n<div class=\"div_detail_04\" style=\"text-align: center;\">Un nouveau syst\u00e8me de protection de la temp\u00e9rature est utilis\u00e9 pour garantir la s\u00e9curit\u00e9 du processus de charge.<\/div>\n<div><a href=\"https:\/\/dscvape.fr\/?attachment_id=5662\" rel=\"attachment wp-att-5662\"><img loading=\"lazy\" class=\"aligncenter size-full wp-image-5662\" src=\"https:\/\/dscvape.fr\/wp-content\/uploads\/2018\/12\/iKuun-i80_45.jpg\" alt=\"\" width=\"1119\" height=\"660\" \/><\/a><\/div>\n<div style=\"text-align: center;\"><span style=\"text-decoration: underline;\"><strong><span class=\"div_detail_05\">Facile \u00e0 transporter et confortable \u00e0 tenir<\/span><\/strong><\/span><\/div>\n<div style=\"text-align: center;\"><span class=\"div_detail_03\">Gr\u00e2ce \u00e0 sa taille compacte, vous pouvez tenir l&#8217;iKuu i80 avec MELO 4 dans la paume de la main, ce qui facilite son utilisation et sa portabilit\u00e9.<\/span><\/div>\n<div>\n<p style=\"text-align: center;\"><strong><span style=\"text-decoration: underline;\">Mettre \u00e0 jour le firmware<\/span><\/strong><\/p>\n<p style=\"text-align: center;\">Des mises \u00e0 jour sont disponibles pour le firmware de votre box sur le site officiel d&#8217;Eleaf.<\/p>\n<\/div>\n<\/div>\n<div><\/div>\n<div><\/div>\n","protected":false},"excerpt":{"rendered":"<p>Le kit iKuu i80 allie le clearomiseur MELO 4 avec la box ikuu i80. Ce kit est dot\u00e9 d&#8217;un syst\u00e8me de protection de la temp\u00e9rature innovant pour le chargement, qui s\u00e9curise fortement le processus de charge (la plage de temp\u00e9rature de chargement est de -5 -50 ou 23 \u2109 -122). L&#8217;iKuu i80 emballe habilement un grand \u00e9cran de 0,91 pouce, une capacit\u00e9 de charge rapide de 2 A et une batterie interne durable de 3000 mAh.\u00a0Il peut monter jusqu&#8217;\u00e0 80 watts et dispose d&#8217;un grand pare-feu pour plus de commodit\u00e9. Quant au tank, Eleaf pr\u00e9sente une s\u00e9rie am\u00e9lior\u00e9e de r\u00e9sistance bas\u00e9 sur les populaires r\u00e9sistances EC, les EC2 sont introduites dans ce kit pour une exp\u00e9rience de vape extr\u00eame.\u00a0 Une taille compacte alli\u00e9e \u00e0 de nombreuses fonctionnalit\u00e9s permettent de dire que le kit iKuu i80 saura plaire aux amateurs de vape sub-ohmique.<\/p>\n<p><a href=\"https:\/\/dscvape.fr\/wp-content\/uploads\/2018\/12\/Aide-\u00e0-la-vente-Eleaf-iStick-Melo.pdf\">T\u00e9l\u00e9chargez-moi pour une aide \u00e0 la vente Eleaf iStick Melo<\/a><\/p>\n","protected":false},"featured_media":73669,"comment_status":"closed","ping_status":"closed","template":"","meta":[],"marques":[],"bundle_layout":"","bundled_by":[],"bundled_items":[],"supplier_id":null,"supplier_sku":"","atum_controlled":true,"out_stock_date":null,"out_stock_threshold":null,"inheritable":false,"inbound_stock":null,"stock_on_hold":null,"sold_today":null,"sales_last_days":null,"reserved_stock":null,"customer_returns":null,"warehouse_damage":null,"lost_in_post":null,"other_logs":null,"out_stock_days":null,"lost_sales":null,"has_location":null,"update_date":null,"atum_locations":[],"atum_stock_status":"instock","low_stock":false,"mi_inventories":[],"multi_inventory":null,"inventory_sorting_mode":null,"inventory_iteration":null,"expirable_inventories":null,"price_per_inventory":null,"_links":{"self":[{"href":"https:\/\/lesaintlaurentvape.com\/en\/wp-json\/wp\/v2\/product\/101416\/"}],"collection":[{"href":"https:\/\/lesaintlaurentvape.com\/en\/wp-json\/wp\/v2\/product\/"}],"about":[{"href":"https:\/\/lesaintlaurentvape.com\/en\/wp-json\/wp\/v2\/types\/product\/"}],"replies":[{"embeddable":true,"href":"https:\/\/lesaintlaurentvape.com\/en\/wp-json\/wp\/v2\/comments\/?post=101416"}],"wp:featuredmedia":[{"embeddable":true,"href":"https:\/\/lesaintlaurentvape.com\/en\/wp-json\/wp\/v2\/media\/73669\/"}],"wp:attachment":[{"href":"https:\/\/lesaintlaurentvape.com\/en\/wp-json\/wp\/v2\/media\/?parent=101416"}],"wp:term":[{"taxonomy":"marques","embeddable":true,"href":"https:\/\/lesaintlaurentvape.com\/en\/wp-json\/wp\/v2\/marques\/?post=101416"}],"curies":[{"name":"wp","href":"https:\/\/api.w.org\/{rel}","templated":true}]}}