{"id":101414,"date":"2018-12-27T16:35:01","date_gmt":"2018-12-27T15:35:01","guid":{"rendered":"https:\/\/lesaintlaurentvape.com\/produit\/eleaf-kit-ikonn-220-4ml\/"},"modified":"2020-10-31T20:38:56","modified_gmt":"2020-10-31T19:38:56","slug":"eleaf-kit-ikonn-220-4ml","status":"publish","type":"product","link":"https:\/\/lesaintlaurentvape.com\/en\/produit\/eleaf-kit-ikonn-220-4ml\/","title":{"rendered":"Eleaf Kit ikonn 220 (4mL)"},"content":{"rendered":"<p><span style=\"color: #ffffff;\">Eleaf Kit ikonn 220<\/span><\/p>\n<h2 style=\"text-align: center;\"><b>DESCRIPTION D\u00c9TAILL\u00c9E\u00a0:<\/b><\/h2>\n<p><a href=\"https:\/\/dscvape.fr\/?attachment_id=5736\" rel=\"attachment wp-att-5736\"><img loading=\"lazy\" class=\"aligncenter size-full wp-image-5736\" src=\"https:\/\/dscvape.fr\/wp-content\/uploads\/2018\/12\/D\u00e9tail-ikoon-220.png\" alt=\"\" width=\"1843\" height=\"1358\" \/><\/a><\/p>\n<div>\n<p style=\"text-align: center;\"><strong><u>Un remplissage simple et propre<\/u><\/strong><\/p>\n<p>&nbsp;<\/p>\n<p style=\"text-align: center;\">Le clearomiseur ELLO est dot\u00e9 d\u2019un syst\u00e8me de remplissage simplifi\u00e9 avec son top cap coulissant. Il vous suffira de pousser au niveau du petit triangle afin de pouvoir acc\u00e9der \u00e0 la zone de remplissage.<\/p>\n<p><a href=\"https:\/\/dscvape.fr\/?attachment_id=5643\" rel=\"attachment wp-att-5643\"><img loading=\"lazy\" class=\"aligncenter size-full wp-image-5643\" src=\"https:\/\/dscvape.fr\/wp-content\/uploads\/2018\/12\/Remplissage-ELLO.png\" alt=\"\" width=\"708\" height=\"729\" \/><\/a><\/p>\n<p>&nbsp;<\/p>\n<p style=\"text-align: center;\"><strong><u>Les r\u00e9sistances HW<\/u><\/strong><\/p>\n<p style=\"text-align: center;\">Eleaf vous propose de d\u00e9couvrir la gamme de r\u00e9sistance HW: HW1 en 0,2 ohm, la HW2 en 0,3 ohm et la HW3 en 0,2 ohm.<\/p>\n<table style=\"height: 138px;\" width=\"100%\">\n<tbody>\n<tr>\n<td style=\"width: 202px; text-align: center;\" colspan=\"4\">Propri\u00e9t\u00e9 des r\u00e9sistances HW<\/td>\n<\/tr>\n<tr>\n<td style=\"width: 202px; text-align: center;\">R\u00e9sistance HW<\/td>\n<td style=\"width: 202px; text-align: center;\">Intervalle de watt<\/td>\n<td style=\"width: 202px; text-align: center;\">Qualit\u00e9 gustative<\/td>\n<td style=\"width: 203px; text-align: center;\">Production de vapeur<\/td>\n<\/tr>\n<tr>\n<td style=\"width: 202px; text-align: center;\">HW1<\/td>\n<td style=\"width: 202px; text-align: center;\">50-65 W<\/td>\n<td style=\"width: 202px; text-align: center;\">4\/5<\/td>\n<td style=\"width: 203px; text-align: center;\">4\/5<\/td>\n<\/tr>\n<tr>\n<td style=\"width: 202px; text-align: center;\">HW2<\/td>\n<td style=\"width: 202px; text-align: center;\">45-60 W<\/td>\n<td style=\"width: 202px; text-align: center;\">5\/5<\/td>\n<td style=\"width: 203px; text-align: center;\">3\/5<\/td>\n<\/tr>\n<tr>\n<td style=\"width: 202px; text-align: center;\">HW3<\/td>\n<td style=\"width: 202px; text-align: center;\">70-90 W<\/td>\n<td style=\"width: 202px; text-align: center;\">4\/5<\/td>\n<td style=\"width: 203px; text-align: center;\">5\/5<\/td>\n<\/tr>\n<\/tbody>\n<\/table>\n<p>&nbsp;<\/p>\n<p><img class=\"aligncenter\" src=\"http:\/\/www.eleafworld.com\/image\/product\/ELLO_14.png?v=2\" alt=\"iStick Pico 25 with ELLO\" \/><\/p>\n<p>&nbsp;<\/p>\n<\/div>\n<div><\/div>\n<div style=\"text-align: center;\"><span style=\"text-decoration: underline;\"><strong><span class=\"div_detail_05\">Puissance plus \u00e9lev\u00e9e de 220W<\/span><\/strong><\/span><\/div>\n<div style=\"text-align: center;\"><span class=\"div_detail_03\">Aliment\u00e9 par deux batteries 18650 (non fourni avec le kit), le Eleaf iKonn 220 est capable de produire une puissance maximale de 220W, vous permettant ainsi de produire une grande quantit\u00e9 de vapeur.<\/span><\/div>\n<div><\/div>\n<div><a href=\"https:\/\/dscvape.fr\/?attachment_id=5646\" rel=\"attachment wp-att-5646\"><img loading=\"lazy\" class=\"aligncenter size-full wp-image-5646\" src=\"https:\/\/dscvape.fr\/wp-content\/uploads\/2018\/12\/iKonn-220-with-ELLO_06.png\" alt=\"\" width=\"982\" height=\"650\" \/><\/a><\/div>\n<div><\/div>\n<div><\/div>\n<div><\/div>\n<div>\n<div class=\"col-xs-12 col-lg-12\" style=\"text-align: center;\"><span style=\"text-decoration: underline;\"><strong><span class=\"div_detail_07\"><span class=\"div_detail_05\">Grand \u00e9cran concise de 0,91 pouce avec barres de batterie doubles<\/span><\/span><\/strong><\/span><\/div>\n<div><\/div>\n<div class=\"col-xs-12 col-lg-12 div_detail_04\" style=\"text-align: center;\">L&#8217;Eleaf iKonn 220 est livr\u00e9 avec un grand \u00e9cran de 0,91 pouce qui offre une interface claire et concise avec deux barres de batterie indiquant respectivement le niveau de batterie de deux accus 18650.<\/div>\n<div class=\"col-xs-12 col-lg-12 div_detail_04\"><a href=\"https:\/\/dscvape.fr\/?attachment_id=5648\" rel=\"attachment wp-att-5648\"><img loading=\"lazy\" class=\"aligncenter size-full wp-image-5648\" src=\"https:\/\/dscvape.fr\/wp-content\/uploads\/2018\/12\/iKonn-220-with-ELLO_29.png\" alt=\"\" width=\"822\" height=\"576\" \/><\/a><\/div>\n<div>\n<div class=\"div_detail_05\" style=\"text-align: center;\"><span style=\"text-decoration: underline;\"><strong>Syst\u00e8me de charge \u00e0 faible d\u00e9bit d&#8217;\u00e9quilibrage de la batterie<\/strong><\/span><\/div>\n<p style=\"text-align: center;\">Un syst\u00e8me de charge d&#8217;entretien \u00e9quilibr\u00e9 de la batterie est introduit dans l&#8217;Eleaf iKonn 220 afin d&#8217;amener deux batteries \u00e0 charge \u00e9gale, ce qui garantit \u00e9galement une s\u00e9curit\u00e9 \u00e9lev\u00e9e lors de la charge.<\/p>\n<\/div>\n<div><a href=\"https:\/\/dscvape.fr\/?attachment_id=5649\" rel=\"attachment wp-att-5649\"><img loading=\"lazy\" class=\"aligncenter size-full wp-image-5649\" src=\"https:\/\/dscvape.fr\/wp-content\/uploads\/2018\/12\/iKonn-220-with-ELLO_31.gif\" alt=\"\" width=\"425\" height=\"218\" \/><\/a><\/div>\n<\/div>\n<div><\/div>\n<div>\n<div><\/div>\n<div class=\"div_detail_0\" style=\"text-align: center;\"><span style=\"text-decoration: underline;\"><strong>Capable de servir de banque de pouvoir<\/strong><\/span><\/div>\n<div style=\"text-align: center;\"><\/div>\n<div class=\"div_detail_04\" style=\"text-align: center;\">Avec le nouvel et innovant adaptateur de charge invers\u00e9e (RC), l&#8217;Eleaf iKonn 220 convertira la connexion 510 en une sortie USB pour le mode d&#8217;alimentation \u00e9lectrique, alimentant ainsi votre t\u00e9l\u00e9phone portable ou tout autre appareil e-cig.\u00a0<a href=\"https:\/\/dscvape.fr\/?attachment_id=5652\" rel=\"attachment wp-att-5652\"><img loading=\"lazy\" class=\"aligncenter size-full wp-image-5652\" src=\"https:\/\/dscvape.fr\/wp-content\/uploads\/2018\/12\/iKonn-220-with-ELLO_23.jpg\" alt=\"\" width=\"1090\" height=\"577\" \/><\/a><\/div>\n<\/div>\n<div>\n<div><\/div>\n<div class=\"div_detail_0\" style=\"text-align: center;\"><span style=\"text-decoration: underline;\"><strong>Port micro USB<\/strong><\/span><\/div>\n<div><\/div>\n<div class=\"div_detail_04\">Chargement: Les batteries 18650 peuvent \u00eatre charg\u00e9es dans le Eleaf iKonn 220 via le port USB lat\u00e9ral via un adaptateur mural ou un ordinateur, ou charg\u00e9es avec un chargeur de batterie externe.<\/div>\n<\/div>\n<div><\/div>\n<div><a href=\"https:\/\/dscvape.fr\/?attachment_id=5737\" rel=\"attachment wp-att-5737\"><img loading=\"lazy\" class=\"aligncenter size-full wp-image-5737\" src=\"https:\/\/dscvape.fr\/wp-content\/uploads\/2018\/12\/iKonn-220-with-ELLO_24.png\" alt=\"\" width=\"858\" height=\"308\" \/><\/a><\/div>\n<div><\/div>\n","protected":false},"excerpt":{"rendered":"<p>Le kit Ikonn 220 est pr\u00e9sent\u00e9 par la marque Eleaf alliant la box Ikonn 220 et le clearomiseur ELLO. Aliment\u00e9 par deux batteries 18650, le Eleaf iKonn 220 fournit une puissance maximale de 220W, un micrologiciel pouvant \u00eatre mis \u00e0 jour et un grand \u00e9cran de 0,91 pouce offrant une interface claire et pr\u00e9cise avec deux barres de batterie s\u00e9par\u00e9es.\u00a0Il dispose d&#8217;un syst\u00e8me de charge d&#8217;entretien uniformisant la charge des accus et d&#8217;une capacit\u00e9 de charge rapide de 2A.\u00a0L&#8217;adaptateur RC innovant convertira la connexion 510 de l&#8217;Eleaf iKonn 220 en une sortie USB pour le mode d&#8217;alimentation pouvant donc servir de powerbank.\u00a0L&#8217;atomiseur ELLO, dot\u00e9 des nouvelles r\u00e9sistances HW et d&#8217;un syst\u00e8me de remplissage par le haut r\u00e9tractable, s&#8217;associe parfaitement \u00e0 l&#8217;Eleaf iKonn 220 pour tous les amateurs de cloud-chasing.<\/p>\n<p><a href=\"https:\/\/dscvape.fr\/wp-content\/uploads\/2018\/12\/Aide-\u00e0-la-vente-Eleaf-ikonn-220.pdf\">T\u00e9l\u00e9chargez-moi pour une aide \u00e0 la vente Eleaf ikonn 220<\/a><\/p>\n","protected":false},"featured_media":73646,"comment_status":"closed","ping_status":"closed","template":"","meta":[],"marques":[7490],"bundle_layout":"","bundled_by":[],"bundled_items":[],"supplier_id":null,"supplier_sku":"","atum_controlled":true,"out_stock_date":null,"out_stock_threshold":null,"inheritable":false,"inbound_stock":null,"stock_on_hold":null,"sold_today":null,"sales_last_days":null,"reserved_stock":null,"customer_returns":null,"warehouse_damage":null,"lost_in_post":null,"other_logs":null,"out_stock_days":null,"lost_sales":null,"has_location":null,"update_date":null,"atum_locations":[],"atum_stock_status":"instock","low_stock":false,"mi_inventories":[],"multi_inventory":null,"inventory_sorting_mode":null,"inventory_iteration":null,"expirable_inventories":null,"price_per_inventory":null,"_links":{"self":[{"href":"https:\/\/lesaintlaurentvape.com\/en\/wp-json\/wp\/v2\/product\/101414\/"}],"collection":[{"href":"https:\/\/lesaintlaurentvape.com\/en\/wp-json\/wp\/v2\/product\/"}],"about":[{"href":"https:\/\/lesaintlaurentvape.com\/en\/wp-json\/wp\/v2\/types\/product\/"}],"replies":[{"embeddable":true,"href":"https:\/\/lesaintlaurentvape.com\/en\/wp-json\/wp\/v2\/comments\/?post=101414"}],"wp:featuredmedia":[{"embeddable":true,"href":"https:\/\/lesaintlaurentvape.com\/en\/wp-json\/wp\/v2\/media\/73646\/"}],"wp:attachment":[{"href":"https:\/\/lesaintlaurentvape.com\/en\/wp-json\/wp\/v2\/media\/?parent=101414"}],"wp:term":[{"taxonomy":"marques","embeddable":true,"href":"https:\/\/lesaintlaurentvape.com\/en\/wp-json\/wp\/v2\/marques\/?post=101414"}],"curies":[{"name":"wp","href":"https:\/\/api.w.org\/{rel}","templated":true}]}}