{"id":101413,"date":"2018-12-27T16:14:52","date_gmt":"2018-12-27T15:14:52","guid":{"rendered":"https:\/\/lesaintlaurentvape.com\/produit\/eleaf-clearomiseur-ello\/"},"modified":"2020-10-31T20:39:48","modified_gmt":"2020-10-31T19:39:48","slug":"eleaf-clearomiseur-ello","status":"publish","type":"product","link":"https:\/\/lesaintlaurentvape.com\/en\/produit\/eleaf-clearomiseur-ello\/","title":{"rendered":"Eleaf Clearomiseur ELLO (4 ml)"},"content":{"rendered":"<p><span style=\"color: #ffffff;\">Eleaf Clearomiseur ELLO<\/span><\/p>\n<h2 style=\"text-align: center;\"><b>DESCRIPTION D\u00c9TAILL\u00c9E\u00a0:<\/b><\/h2>\n<p style=\"text-align: center;\"><a href=\"https:\/\/dscvape.fr\/?attachment_id=5639\" rel=\"attachment wp-att-5639\"><img loading=\"lazy\" class=\"aligncenter size-full wp-image-5639\" src=\"https:\/\/dscvape.fr\/wp-content\/uploads\/2018\/12\/Detail-ELLO.png\" alt=\"\" width=\"1194\" height=\"983\" \/><\/a><\/p>\n<p style=\"text-align: center;\"><strong><u>Un remplissage simple et propre<\/u><\/strong><\/p>\n<p>&nbsp;<\/p>\n<p style=\"text-align: center;\">Le clearomiseur ELLO\u00a0 est dot\u00e9 d\u2019un syst\u00e8me de remplissage simplifi\u00e9 avec son top cap coulissant. Il vous suffira de pousser au niveau du petit triangle afin de pouvoir acc\u00e9der \u00e0 la zone de remplissage.<\/p>\n<p><a href=\"https:\/\/dscvape.fr\/?attachment_id=5643\" rel=\"attachment wp-att-5643\"><img loading=\"lazy\" class=\"aligncenter size-full wp-image-5643\" src=\"https:\/\/dscvape.fr\/wp-content\/uploads\/2018\/12\/Remplissage-ELLO.png\" alt=\"\" width=\"708\" height=\"729\" \/><\/a><\/p>\n<p>&nbsp;<\/p>\n<p style=\"text-align: center;\"><strong><u>Les r\u00e9sistances HW<\/u><\/strong><\/p>\n<p style=\"text-align: center;\">Eleaf vous propose de d\u00e9couvrir la gamme de r\u00e9sistance HW: HW1 en 0,2 ohm, la HW2 en 0,3 ohm et la HW3 en 0,2 ohm.<\/p>\n<table style=\"height: 138px;\" width=\"100%\">\n<tbody>\n<tr>\n<td style=\"width: 202px; text-align: center;\" colspan=\"4\">Propri\u00e9t\u00e9 des r\u00e9sistances HW<\/td>\n<\/tr>\n<tr>\n<td style=\"width: 202px; text-align: center;\">R\u00e9sistance HW<\/td>\n<td style=\"width: 202px; text-align: center;\">Intervalle de watt<\/td>\n<td style=\"width: 202px; text-align: center;\">Qualit\u00e9 gustative<\/td>\n<td style=\"width: 203px; text-align: center;\">Production de vapeur<\/td>\n<\/tr>\n<tr>\n<td style=\"width: 202px; text-align: center;\">HW1<\/td>\n<td style=\"width: 202px; text-align: center;\">50-65 W<\/td>\n<td style=\"width: 202px; text-align: center;\">4\/5<\/td>\n<td style=\"width: 203px; text-align: center;\">4\/5<\/td>\n<\/tr>\n<tr>\n<td style=\"width: 202px; text-align: center;\">HW2<\/td>\n<td style=\"width: 202px; text-align: center;\">45-60 W<\/td>\n<td style=\"width: 202px; text-align: center;\">5\/5<\/td>\n<td style=\"width: 203px; text-align: center;\">3\/5<\/td>\n<\/tr>\n<tr>\n<td style=\"width: 202px; text-align: center;\">HW3<\/td>\n<td style=\"width: 202px; text-align: center;\">70-90 W<\/td>\n<td style=\"width: 202px; text-align: center;\">4\/5<\/td>\n<td style=\"width: 203px; text-align: center;\">5\/5<\/td>\n<\/tr>\n<\/tbody>\n<\/table>\n<p>&nbsp;<\/p>\n<p><img class=\"aligncenter\" src=\"http:\/\/www.eleafworld.com\/image\/product\/ELLO_14.png?v=2\" alt=\"iStick Pico 25 with ELLO\" \/><\/p>\n<p>&nbsp;<\/p>\n","protected":false},"excerpt":{"rendered":"<p>Le clearomiseur ELLO est fabriqu\u00e9 par la marque ELEAF et est d\u00e9di\u00e9 \u00e0 la vape sub-ohmique. Ce clearomiseur fourni 3 r\u00e9sistances, la HW1 en 0,2 ohm, la HW2 en 0,3 ohm et la HW3 en 0,2 ohm pour d\u00e9couvrir une vape volumineuse et intense. Il poss\u00e8de un capacit\u00e9 de 4 ml et est dot\u00e9 d&#8217;un syst\u00e8me de remplissage intelligent qui se fait en poussant le top cap afin d&#8217;avoir acc\u00e8s \u00e0 la zone de remplissage. Pour finir, ce cleaormiseur est dot\u00e9 d&#8217;un airflow r\u00e9glable \u00e0 double ouverture pour booster la vapeur au maximum !<\/p>\n","protected":false},"featured_media":73631,"comment_status":"closed","ping_status":"closed","template":"","meta":[],"marques":[7490],"bundle_layout":"","bundled_by":[],"bundled_items":[],"supplier_id":null,"supplier_sku":"","atum_controlled":true,"out_stock_date":null,"out_stock_threshold":null,"inheritable":false,"inbound_stock":null,"stock_on_hold":null,"sold_today":null,"sales_last_days":null,"reserved_stock":null,"customer_returns":null,"warehouse_damage":null,"lost_in_post":null,"other_logs":null,"out_stock_days":null,"lost_sales":null,"has_location":null,"update_date":null,"atum_locations":[],"atum_stock_status":"instock","low_stock":false,"mi_inventories":[],"multi_inventory":null,"inventory_sorting_mode":null,"inventory_iteration":null,"expirable_inventories":null,"price_per_inventory":null,"_links":{"self":[{"href":"https:\/\/lesaintlaurentvape.com\/en\/wp-json\/wp\/v2\/product\/101413\/"}],"collection":[{"href":"https:\/\/lesaintlaurentvape.com\/en\/wp-json\/wp\/v2\/product\/"}],"about":[{"href":"https:\/\/lesaintlaurentvape.com\/en\/wp-json\/wp\/v2\/types\/product\/"}],"replies":[{"embeddable":true,"href":"https:\/\/lesaintlaurentvape.com\/en\/wp-json\/wp\/v2\/comments\/?post=101413"}],"wp:featuredmedia":[{"embeddable":true,"href":"https:\/\/lesaintlaurentvape.com\/en\/wp-json\/wp\/v2\/media\/73631\/"}],"wp:attachment":[{"href":"https:\/\/lesaintlaurentvape.com\/en\/wp-json\/wp\/v2\/media\/?parent=101413"}],"wp:term":[{"taxonomy":"marques","embeddable":true,"href":"https:\/\/lesaintlaurentvape.com\/en\/wp-json\/wp\/v2\/marques\/?post=101413"}],"curies":[{"name":"wp","href":"https:\/\/api.w.org\/{rel}","templated":true}]}}