{"id":101411,"date":"2018-12-27T15:44:41","date_gmt":"2018-12-27T14:44:41","guid":{"rendered":"https:\/\/lesaintlaurentvape.com\/produit\/kit-aspire-zelos-50w-2-0\/"},"modified":"2020-10-31T20:38:00","modified_gmt":"2020-10-31T19:38:00","slug":"kit-aspire-zelos-50w-2-0","status":"publish","type":"product","link":"https:\/\/lesaintlaurentvape.com\/en\/produit\/kit-aspire-zelos-50w-2-0\/","title":{"rendered":"Aspire Kit ZELOS 50W 2.0"},"content":{"rendered":"<p><span style=\"color: #ffffff;\">Aspire Kit ZELOS 50W<\/span><\/p>\n<h2 style=\"text-align: center;\"><b>DESCRIPTION D\u00c9TAILL\u00c9E\u00a0:<\/b><\/h2>\n<p><a href=\"https:\/\/dscvape.fr\/?attachment_id=5729\" rel=\"attachment wp-att-5729\"><img loading=\"lazy\" class=\"aligncenter size-full wp-image-5729\" src=\"https:\/\/dscvape.fr\/wp-content\/uploads\/2018\/12\/D\u00e9tail-zelos-2s.png\" alt=\"\" width=\"1266\" height=\"707\" \/><\/a><\/p>\n<p style=\"text-align: center;\"><span style=\"text-decoration: underline;\"><strong>Les r\u00e9sistances Nautilus BVC\u00a0<\/strong><\/span><\/p>\n<p><a href=\"https:\/\/dscvape.fr\/?attachment_id=5731\" rel=\"attachment wp-att-5731\"><img loading=\"lazy\" class=\"size-full wp-image-5731 aligncenter\" src=\"https:\/\/dscvape.fr\/wp-content\/uploads\/2018\/12\/Nautilus-BVC-Zelos.png\" alt=\"\" width=\"1920\" height=\"1010\" \/><\/a><\/p>\n<p>&nbsp;<\/p>\n<div class=\"result tlid-copy-target\">\n<div>\n<h2 style=\"text-align: center;\"><span style=\"text-decoration: underline;\"><span style=\"font-size: 12pt;\">Remplissage du Nautilus 2S<\/span><\/span><\/h2>\n<p><a href=\"https:\/\/dscvape.fr\/?attachment_id=5670\" rel=\"attachment wp-att-5670\"><img loading=\"lazy\" class=\"aligncenter size-full wp-image-5670\" src=\"https:\/\/dscvape.fr\/wp-content\/uploads\/2018\/12\/Remplissage-nautilus-2.png\" alt=\"\" width=\"1264\" height=\"534\" \/><\/a><\/p>\n<p>&nbsp;<\/p>\n<p style=\"text-align: center;\">Le remplissage du Nautilus 2S a \u00e9t\u00e9 repens\u00e9 afin d&#8217;am\u00e9liorer un peu plus votre exp\u00e9rience avec la vape. D\u00e9vissez le top cap de quelques tours dans le sens inverse des aiguilles d&#8217;une montre, et poussez au niveau de l&#8217;indication afin d&#8217;avoir acc\u00e8s \u00e0 la zone de remplissage et remplissez avec le e-liquide de votre choix. Une fois rempli, remettez le top cap en place et revissez le.<br \/>\nCe syst\u00e8me (d\u00e9visser + pousser) permet une s\u00e9curit\u00e9 enfant alli\u00e9e un remplissage simple et garantie sans fuite pour un confort au quotidien.<\/p>\n<\/div>\n<p style=\"text-align: center;\"><span style=\"text-decoration: underline;\"><strong>L&#8217;installation du Nautilus 2S<\/strong><\/span><\/p>\n<p><a href=\"https:\/\/dscvape.fr\/?attachment_id=5671\" rel=\"attachment wp-att-5671\"><img loading=\"lazy\" class=\"aligncenter size-full wp-image-5671\" src=\"https:\/\/dscvape.fr\/wp-content\/uploads\/2018\/12\/R\u00e9sistance-nautilus-2.png\" alt=\"\" width=\"1260\" height=\"588\" \/><\/a><\/p>\n<p>&nbsp;<\/p>\n<p style=\"text-align: center;\">Changer la r\u00e9sistance du Nautilus 2S est tr\u00e8s simple ! Il vous suffira de d\u00e9visser le mat\u00e9riel de base du corps principal du r\u00e9servoir, retirer le tube en verre, puis installer la nouvelle r\u00e9sistance. Replacez ensuite le verre et le dessus, puis revissez-les sur le support. Le nouveau atomiseur Aspire Nautilus 2S est compatible avec la gamme de r\u00e9sistance Nautilus BVC.<br \/>\nRemarque: lors de l&#8217;installation de la nouvelle r\u00e9sistance, il faut imp\u00e9rativement faire l&#8217;amor\u00e7age de celle-ci. C&#8217;est-\u00e0-dire laisser poser la r\u00e9sistance dans le e-liquide pendant 10 min afin que le coton de la r\u00e9sistance puisse s&#8217;imbiber aux maximum de e-liquide et donc \u00e9viter de la br\u00fbler pr\u00e9matur\u00e9ment.<\/p>\n<p style=\"text-align: center;\"><span style=\"text-decoration: underline;\"><strong>Un airflow r\u00e9glable<\/strong><\/span><\/p>\n<\/div>\n<p><a href=\"https:\/\/dscvape.fr\/?attachment_id=5672\" rel=\"attachment wp-att-5672\"><img loading=\"lazy\" class=\"aligncenter size-full wp-image-5672\" src=\"https:\/\/dscvape.fr\/wp-content\/uploads\/2018\/12\/Airflow-nautilus.png\" alt=\"\" width=\"1396\" height=\"772\" \/><\/a><\/p>\n<p style=\"text-align: center;\">L&#8217;airflow situ\u00e9 sur la base du r\u00e9servoir permet d&#8217;ajuster le d\u00e9bit d&#8217;air \u00e0 votre pr\u00e9f\u00e9rence. Modulez le d\u00e9bit d&#8217;air permet d&#8217;obtenir un tirage plus ou moins serr\u00e9 et est donc \u00e0 allier avec la r\u00e9sistance qui correspondra le mieux \u00e0 ce que vous recherchez. (La r\u00e9sistance en 1,8 ohm pour ceux qui veulent un tirage imitant la cigarette et en 0,4 ohm pour ceux souhaitant avoir un tirage a\u00e9rien).<\/p>\n<p>&nbsp;<\/p>\n<p>&nbsp;<\/p>\n<h2 style=\"text-align: center;\"><span style=\"text-decoration: underline; font-size: 12pt;\"><strong>Touches de s\u00e9lection rapide Zelos<\/strong><\/span><\/h2>\n<p><a href=\"https:\/\/dscvape.fr\/?attachment_id=5732\" rel=\"attachment wp-att-5732\"><img loading=\"lazy\" class=\"aligncenter size-full wp-image-5732\" src=\"https:\/\/dscvape.fr\/wp-content\/uploads\/2018\/12\/Mode-de-vape-zelos.png\" alt=\"\" width=\"1268\" height=\"383\" \/><\/a><\/p>\n<p style=\"text-align: center;\">Appuyez simultan\u00e9ment sur les boutons \u00ab+\u00bb et \u00ab-\u00bb pour s\u00e9lectionner les modes VW, VV, Bypass et TC (Ni, Ti, SS). Appuyez sur le bouton \u201c+\u201d ou \u201c-\u201d pour s\u00e9lectionner les modes, appuyez sur le bouton fire pour confirmer. Appuyer simultan\u00e9ment sur le bouton fire et \u00ab+\u00bb pour verrouiller ou d\u00e9verrouiller les boutons. Lorsque le mod est en mode TC, appuyez sur le bouton feu et le bouton \u00ab-\u00bb vous am\u00e8ne simultan\u00e9ment \u00e0 l&#8217;interface de r\u00e9glage de la puissance.<\/p>\n<p>&nbsp;<\/p>\n<h2 style=\"text-align: center;\"><span style=\"font-size: 12pt;\"><strong><span style=\"text-decoration: underline;\">Zelos Divers Modes<\/span><\/strong><\/span><\/h2>\n<p><a href=\"https:\/\/dscvape.fr\/?attachment_id=5733\" rel=\"attachment wp-att-5733\"><img loading=\"lazy\" class=\"aligncenter size-full wp-image-5733\" src=\"https:\/\/dscvape.fr\/wp-content\/uploads\/2018\/12\/Mode-de-vape-2-zelos.png\" alt=\"\" width=\"1262\" height=\"574\" \/><\/a><\/p>\n<p style=\"text-align: center;\">Le Zelos poss\u00e8de diff\u00e9rents modes de vape tels que les modes VV, VW, Bypass et TC. Afin de r\u00e9pondre au mieux \u00e0 vos diff\u00e9rents besoins de vapotage.<\/p>\n","protected":false},"excerpt":{"rendered":"<p>Aspire remet au gout du jour le kit Zelos avec son kit Zelos 50W 2.0. Destin\u00e9 aux primo-vapoteurs, il conviendra parfaitement aux personnes qui recherchent un tirage serr\u00e9 mais aussi une premi\u00e8re box simple et pratique d\u2019utilisation. Elle permettra \u00e0 l\u2019utilisateur d\u2019avoir un tirage imitant la cigarette mais aussi une batterie qui l\u2019accompagnera toute la journ\u00e9e. Ce kit allie la box Zelos au tout nouveau tank le Nautilus 2S qui est r\u00e9invent\u00e9 de mani\u00e8re \u00e0 vous faciliter le quotidien. Un remplissage intelligent y est int\u00e9gr\u00e9 et est compatible avec toute la gamme des r\u00e9sistances Nautilus BVC afin d&#8217;obtenir le tirage qui correspondra le mieux.<\/p>\n<p>Pour une meilleure utilisation et un hit plus important, utilisez des liquides en PG+.<br \/>\nConvient pour les liquides \u00e0 base de sels de nicotine.<\/p>\n<p>&nbsp;<\/p>\n<p><a href=\"https:\/\/dscvape.fr\/wp-content\/uploads\/2018\/12\/Aide-\u00e0-la-vente-Zelos.pdf\">T\u00e9l\u00e9chargez-moi pour une aide \u00e0 la vente Zelos<\/a><\/p>\n","protected":false},"featured_media":73618,"comment_status":"closed","ping_status":"closed","template":"","meta":[],"marques":[7439],"bundle_layout":"","bundled_by":[],"bundled_items":[],"supplier_id":null,"supplier_sku":"","atum_controlled":true,"out_stock_date":null,"out_stock_threshold":null,"inheritable":false,"inbound_stock":null,"stock_on_hold":null,"sold_today":null,"sales_last_days":null,"reserved_stock":null,"customer_returns":null,"warehouse_damage":null,"lost_in_post":null,"other_logs":null,"out_stock_days":null,"lost_sales":null,"has_location":null,"update_date":null,"atum_locations":[],"atum_stock_status":"instock","low_stock":false,"mi_inventories":[],"multi_inventory":null,"inventory_sorting_mode":null,"inventory_iteration":null,"expirable_inventories":null,"price_per_inventory":null,"_links":{"self":[{"href":"https:\/\/lesaintlaurentvape.com\/en\/wp-json\/wp\/v2\/product\/101411\/"}],"collection":[{"href":"https:\/\/lesaintlaurentvape.com\/en\/wp-json\/wp\/v2\/product\/"}],"about":[{"href":"https:\/\/lesaintlaurentvape.com\/en\/wp-json\/wp\/v2\/types\/product\/"}],"replies":[{"embeddable":true,"href":"https:\/\/lesaintlaurentvape.com\/en\/wp-json\/wp\/v2\/comments\/?post=101411"}],"wp:featuredmedia":[{"embeddable":true,"href":"https:\/\/lesaintlaurentvape.com\/en\/wp-json\/wp\/v2\/media\/73618\/"}],"wp:attachment":[{"href":"https:\/\/lesaintlaurentvape.com\/en\/wp-json\/wp\/v2\/media\/?parent=101411"}],"wp:term":[{"taxonomy":"marques","embeddable":true,"href":"https:\/\/lesaintlaurentvape.com\/en\/wp-json\/wp\/v2\/marques\/?post=101411"}],"curies":[{"name":"wp","href":"https:\/\/api.w.org\/{rel}","templated":true}]}}