{"id":101410,"date":"2018-12-27T15:28:42","date_gmt":"2018-12-27T14:28:42","guid":{"rendered":"https:\/\/lesaintlaurentvape.com\/produit\/eleaf-resistance-hw-m-n-m-dual-n-dual\/"},"modified":"2020-10-31T20:38:28","modified_gmt":"2020-10-31T19:38:28","slug":"eleaf-resistance-hw-m-n-m-dual-n-dual","status":"publish","type":"product","link":"https:\/\/lesaintlaurentvape.com\/en\/produit\/eleaf-resistance-hw-m-n-m-dual-n-dual\/","title":{"rendered":"Eleaf R\u00e9sistance HW-M \/ N \/ M Dual \/ N Dual"},"content":{"rendered":"<p><span style=\"color: #ffffff;\">Eleaf R\u00e9sistance HW-M<\/span><\/p>\n<table style=\"height: 168px; width: 100%;\" width=\"100%\">\n<tbody>\n<tr style=\"height: 24px;\">\n<td style=\"width: 202px; text-align: center; height: 24px;\" colspan=\"4\">Propri\u00e9t\u00e9 des r\u00e9sistances HW-M\/N<\/td>\n<\/tr>\n<tr style=\"height: 24px;\">\n<td style=\"width: 202px; text-align: center; height: 24px;\">R\u00e9sistance HW<\/td>\n<td style=\"width: 202px; text-align: center; height: 24px;\">Intervalle de watt optimale<\/td>\n<td style=\"width: 202px; text-align: center; height: 24px;\">Qualit\u00e9 gustative<\/td>\n<td style=\"width: 203px; text-align: center; height: 24px;\">Production de vapeur<\/td>\n<\/tr>\n<tr style=\"height: 24px;\">\n<td style=\"width: 202px; text-align: center; height: 24px;\">HW-M<\/td>\n<td style=\"width: 202px; text-align: center; height: 24px;\">70-80 W<\/td>\n<td style=\"width: 202px; text-align: center; height: 24px;\">4\/5<\/td>\n<td style=\"width: 203px; text-align: center; height: 24px;\">5\/5<\/td>\n<\/tr>\n<tr style=\"height: 24px;\">\n<td style=\"width: 202px; text-align: center; height: 24px;\">HW-N<\/td>\n<td style=\"width: 202px; text-align: center; height: 24px;\">65-75 W<\/td>\n<td style=\"width: 202px; text-align: center; height: 24px;\">4\/5<\/td>\n<td style=\"width: 203px; text-align: center; height: 24px;\">5\/5<\/td>\n<\/tr>\n<tr style=\"height: 24px;\">\n<td style=\"width: 202px; text-align: center; height: 24px;\">HW-M Dual<\/td>\n<td style=\"width: 202px; text-align: center; height: 24px;\">40-50 W<\/td>\n<td style=\"width: 202px; text-align: center; height: 24px;\">5\/5<\/td>\n<td style=\"width: 203px; text-align: center; height: 24px;\">5\/5<\/td>\n<\/tr>\n<tr style=\"height: 24px;\">\n<td style=\"width: 202px; text-align: center; height: 24px;\">HW-N Dual<\/td>\n<td style=\"width: 202px; text-align: center; height: 24px;\">40-50 W<\/td>\n<td style=\"width: 202px; text-align: center; height: 24px;\">5\/5<\/td>\n<td style=\"width: 203px; text-align: center; height: 24px;\">5\/5<\/td>\n<\/tr>\n<\/tbody>\n<\/table>\n<p>&nbsp;<\/p>\n<p>&nbsp;<\/p>\n<p style=\"text-align: center;\"><strong><u>Les r\u00e9sistances HW-M<\/u><\/strong><\/p>\n<p style=\"text-align: center;\">Ces r\u00e9sistances en Kanthal d\u00e9di\u00e9es \u00e0 la vape sub-ohm promettent des nuages de fum\u00e9e dense et une retranscription des go\u00fbts au top. La r\u00e9sistance HW-M en 0,15 ohm poss\u00e8de un syst\u00e8me de multi-trous.<\/p>\n<p><a href=\"https:\/\/dscvape.fr\/?attachment_id=5625\" rel=\"attachment wp-att-5625\"><img loading=\"lazy\" class=\"aligncenter size-full wp-image-5625\" src=\"https:\/\/dscvape.fr\/wp-content\/uploads\/2018\/12\/R\u00e9sistance-HWM.png\" alt=\"\" width=\"795\" height=\"773\" \/><\/a><\/p>\n<p>&nbsp;<\/p>\n<p style=\"text-align: center;\"><strong><u>Les r\u00e9sistances HW-N<\/u><\/strong><\/p>\n<p style=\"text-align: center;\">Ces r\u00e9sistances en Kanthal d\u00e9di\u00e9es \u00e0 la vape sub-ohm promettent des nuages de fum\u00e9e dense et une retranscription des go\u00fbts au top. La r\u00e9sistance HW-N en 0,2 ohm est un syst\u00e8me de r\u00e9sistance en filet.<\/p>\n<p><a href=\"https:\/\/dscvape.fr\/resistance-hwn\/\" rel=\"attachment wp-att-5628\"><img loading=\"lazy\" class=\"aligncenter size-full wp-image-5628\" src=\"https:\/\/dscvape.fr\/wp-content\/uploads\/2018\/12\/R\u00e9sistance-HWN.png\" alt=\"\" width=\"867\" height=\"773\" \/><\/a><\/p>\n<p style=\"text-align: center;\"><strong><u>Les r\u00e9sistances HW-M Dual<\/u><\/strong><\/p>\n<p style=\"text-align: center;\">Ces r\u00e9sistances avec doubles cylindres d\u00e9di\u00e9es \u00e0 la vape sub-ohm promettent des nuages de fum\u00e9e dense et une retranscription des go\u00fbts encore plus intense gr\u00e2ce \u00e0 une surface d\u2019absorption plus importante. La r\u00e9sistance HW-M dual en 0,2 ohm poss\u00e8de un syst\u00e8me de multi-trous.<\/p>\n<p><img class=\"aligncenter\" src=\"http:\/\/www.eleafworld.com\/wp-content\/uploads\/2013\/09\/m130_w12.png\" alt=\"HW-M\u00c2\u00a0Dual\u00c2\u00a00.2ohm\u00c2\u00a0Head\" \/><\/p>\n<p style=\"text-align: center;\"><strong><u>Les r\u00e9sistances HW-N Dual<\/u><\/strong><\/p>\n<p style=\"text-align: center;\">Ces r\u00e9sistances doubles cylindres d\u00e9di\u00e9es \u00e0 la vape sub-ohm promettent des nuages de fum\u00e9e dense et une retranscription des go\u00fbts encore plus intense gr\u00e2ce \u00e0 une surface d\u2019absorption plus importante. La r\u00e9sistance HW-N Dual en 0,25 ohm est un syst\u00e8me de r\u00e9sistance en filet.<\/p>\n<p><img class=\"aligncenter\" src=\"http:\/\/www.eleafworld.com\/wp-content\/uploads\/2013\/09\/m130_w06.png\" alt=\"HW-N\u00c2\u00a0Dual\u00c2\u00a00.25ohm\u00c2\u00a0Head\" \/><\/p>\n","protected":false},"excerpt":{"rendered":"<p>Les r\u00e9sistances HW-N \/ HW-M \/ HW-N Dual \/ HW-M Dual de marque Eleaf sont compatibles avec les atomiseurs ELLO de la m\u00eame marque. Existe aussi enHW 1 \/ 2 \/ 3 \/ 4 \/ 1-C. Vendue par bo\u00eete de 5 pi\u00e8ces.<\/p>\n<p><strong><span style=\"text-decoration: underline;\">Compatibilit\u00e9:<\/span><\/strong> Clearomiseur gamme ELLO de Eleaf.<\/p>\n","protected":false},"featured_media":73607,"comment_status":"closed","ping_status":"closed","template":"","meta":[],"marques":[7490],"bundle_layout":"","bundled_by":[],"bundled_items":[],"supplier_id":null,"supplier_sku":"","atum_controlled":true,"out_stock_date":null,"out_stock_threshold":null,"inheritable":false,"inbound_stock":null,"stock_on_hold":null,"sold_today":null,"sales_last_days":null,"reserved_stock":null,"customer_returns":null,"warehouse_damage":null,"lost_in_post":null,"other_logs":null,"out_stock_days":null,"lost_sales":null,"has_location":null,"update_date":null,"atum_locations":[],"atum_stock_status":"instock","low_stock":false,"mi_inventories":[],"multi_inventory":null,"inventory_sorting_mode":null,"inventory_iteration":null,"expirable_inventories":null,"price_per_inventory":null,"_links":{"self":[{"href":"https:\/\/lesaintlaurentvape.com\/en\/wp-json\/wp\/v2\/product\/101410\/"}],"collection":[{"href":"https:\/\/lesaintlaurentvape.com\/en\/wp-json\/wp\/v2\/product\/"}],"about":[{"href":"https:\/\/lesaintlaurentvape.com\/en\/wp-json\/wp\/v2\/types\/product\/"}],"replies":[{"embeddable":true,"href":"https:\/\/lesaintlaurentvape.com\/en\/wp-json\/wp\/v2\/comments\/?post=101410"}],"wp:featuredmedia":[{"embeddable":true,"href":"https:\/\/lesaintlaurentvape.com\/en\/wp-json\/wp\/v2\/media\/73607\/"}],"wp:attachment":[{"href":"https:\/\/lesaintlaurentvape.com\/en\/wp-json\/wp\/v2\/media\/?parent=101410"}],"wp:term":[{"taxonomy":"marques","embeddable":true,"href":"https:\/\/lesaintlaurentvape.com\/en\/wp-json\/wp\/v2\/marques\/?post=101410"}],"curies":[{"name":"wp","href":"https:\/\/api.w.org\/{rel}","templated":true}]}}