{"id":101409,"date":"2018-12-27T15:28:03","date_gmt":"2018-12-27T14:28:03","guid":{"rendered":"https:\/\/lesaintlaurentvape.com\/produit\/eleaf-clearomiseur-ello-duro\/"},"modified":"2020-10-31T20:39:57","modified_gmt":"2020-10-31T19:39:57","slug":"eleaf-clearomiseur-ello-duro","status":"publish","type":"product","link":"https:\/\/lesaintlaurentvape.com\/en\/produit\/eleaf-clearomiseur-ello-duro\/","title":{"rendered":"Eleaf Clearomiseur ELLO duro (6,5ml)"},"content":{"rendered":"<p><span style=\"color: #ffffff;\">Eleaf Clearomiseur ELLO<\/span><\/p>\n<h2 style=\"text-align: center;\"><b>DESCRIPTION D\u00c9TAILL\u00c9E\u00a0:<\/b><\/h2>\n<p style=\"text-align: center;\"><a href=\"https:\/\/dscvape.fr\/?attachment_id=5614\" rel=\"attachment wp-att-5614\"><img loading=\"lazy\" class=\"aligncenter size-full wp-image-5614\" src=\"https:\/\/dscvape.fr\/wp-content\/uploads\/2018\/12\/ELLO-DURO-CLEARO-DETAIL.png\" alt=\"\" width=\"1366\" height=\"935\" \/><\/a><\/p>\n<p style=\"text-align: center;\"><strong><u>Un remplissage simple et propre<\/u><\/strong><\/p>\n<p>&nbsp;<\/p>\n<p style=\"text-align: center;\">Le clearomiseur ELLO duro est dot\u00e9 d\u2019un syst\u00e8me de remplissage simplifi\u00e9 avec son top cap coulissant. Il vous suffira de pousser au niveau du \u00ab\u00a0T\u00a0\u00bb afin de pouvoir acc\u00e9der \u00e0 la zone de remplissage.<\/p>\n<p><a href=\"https:\/\/dscvape.fr\/?attachment_id=5608\" rel=\"attachment wp-att-5608\"><img loading=\"lazy\" class=\"aligncenter size-full wp-image-5608\" src=\"https:\/\/dscvape.fr\/wp-content\/uploads\/2018\/12\/Remplissage-ijust-3.png\" alt=\"\" width=\"970\" height=\"609\" \/><\/a><\/p>\n<p>&nbsp;<\/p>\n<p style=\"text-align: center;\"><strong><u>Les r\u00e9sistances HW-N et HW-M<\/u><\/strong><\/p>\n<p style=\"text-align: center;\">ELEAF propose de d\u00e9couvrir avec ce kit les r\u00e9sistances HW-N en 0,2 ohm et HW-M en 0,15 ohm. Ces r\u00e9sistances en Kanthal d\u00e9di\u00e9es \u00e0 la vape sub-ohm promettent des nuages de fum\u00e9e dense et une retranscription des go\u00fbts au top. La r\u00e9sistance HW-N est un syst\u00e8me de r\u00e9sistance en filet et quant \u00e0 la r\u00e9sistance HW-M, on est sur un syst\u00e8me de multi-trous.<\/p>\n<p><span style=\"color: #ffffff;\">Eleaf Clearomiseur ELLO<\/span><a href=\"https:\/\/dscvape.fr\/?attachment_id=5610\" rel=\"attachment wp-att-5610\"><br \/>\n<img loading=\"lazy\" class=\"aligncenter size-full wp-image-5610\" src=\"https:\/\/dscvape.fr\/wp-content\/uploads\/2018\/12\/R\u00e9sistance-HWN-HWM.png\" alt=\"\" width=\"1797\" height=\"773\" \/><\/a><\/p>\n","protected":false},"excerpt":{"rendered":"<p>Le clearomiseur ELLO Duro de la marque Eleaf est un clearomiseur sub-ohmique d&#8217;une capacit\u00e9 de 6,5 ml. Son remplissage simplifi\u00e9 par le haut en poussant le top cap permet un refill propre et pratique pour le quotidien. L&#8217;airflow est r\u00e9glable et ce tank va pouvoir s&#8217;installer sur les batteries exceptant les clearomiseurs de 25 mm de diam\u00e8tre. Ce clearomiseur est \u00e0 utiliser avec les r\u00e9sistances HW de la marque Eleaf.<\/p>\n","protected":false},"featured_media":73592,"comment_status":"closed","ping_status":"closed","template":"","meta":[],"marques":[7490],"bundle_layout":"","bundled_by":[],"bundled_items":[],"supplier_id":null,"supplier_sku":"","atum_controlled":true,"out_stock_date":null,"out_stock_threshold":null,"inheritable":false,"inbound_stock":null,"stock_on_hold":null,"sold_today":null,"sales_last_days":null,"reserved_stock":null,"customer_returns":null,"warehouse_damage":null,"lost_in_post":null,"other_logs":null,"out_stock_days":null,"lost_sales":null,"has_location":null,"update_date":null,"atum_locations":[],"atum_stock_status":"instock","low_stock":false,"mi_inventories":[],"multi_inventory":null,"inventory_sorting_mode":null,"inventory_iteration":null,"expirable_inventories":null,"price_per_inventory":null,"_links":{"self":[{"href":"https:\/\/lesaintlaurentvape.com\/en\/wp-json\/wp\/v2\/product\/101409\/"}],"collection":[{"href":"https:\/\/lesaintlaurentvape.com\/en\/wp-json\/wp\/v2\/product\/"}],"about":[{"href":"https:\/\/lesaintlaurentvape.com\/en\/wp-json\/wp\/v2\/types\/product\/"}],"replies":[{"embeddable":true,"href":"https:\/\/lesaintlaurentvape.com\/en\/wp-json\/wp\/v2\/comments\/?post=101409"}],"wp:featuredmedia":[{"embeddable":true,"href":"https:\/\/lesaintlaurentvape.com\/en\/wp-json\/wp\/v2\/media\/73592\/"}],"wp:attachment":[{"href":"https:\/\/lesaintlaurentvape.com\/en\/wp-json\/wp\/v2\/media\/?parent=101409"}],"wp:term":[{"taxonomy":"marques","embeddable":true,"href":"https:\/\/lesaintlaurentvape.com\/en\/wp-json\/wp\/v2\/marques\/?post=101409"}],"curies":[{"name":"wp","href":"https:\/\/api.w.org\/{rel}","templated":true}]}}