{"id":101407,"date":"2018-12-27T14:09:09","date_gmt":"2018-12-27T13:09:09","guid":{"rendered":"https:\/\/lesaintlaurentvape.com\/produit\/aspire-atomiseur-nautilus-2s\/"},"modified":"2020-10-31T20:38:18","modified_gmt":"2020-10-31T19:38:18","slug":"aspire-atomiseur-nautilus-2s","status":"publish","type":"product","link":"https:\/\/lesaintlaurentvape.com\/en\/produit\/aspire-atomiseur-nautilus-2s\/","title":{"rendered":"ASPIRE Atomiseur Nautilus 2S"},"content":{"rendered":"<div class=\"tlid-input input\">\n<div class=\"source-wrap\">\n<div class=\"input-full-height-wrapper tlid-input-full-height-wrapper\">\n<div class=\"source-input\"><\/div>\n<\/div>\n<\/div>\n<\/div>\n<div class=\"tlid-results-container results-container\">\n<div class=\"tlid-result result-dict-wrapper\">\n<div class=\"result tlid-copy-target\">\n<div class=\"result-header\">\n<div class=\"starbutton jfk-button-flat jfk-button unstarred\" role=\"button\" aria-label=\"Activer le suivi de la traduction\" data-tooltip=\"Activer le suivi de la traduction\" data-tooltip-align=\"t,c\">\n<div class=\"jfk-button-img\">\n<p><span style=\"color: #ffffff;\">Atomiseur Nautilus<\/span><\/p>\n<h2 style=\"text-align: center;\"><b>DESCRIPTION D\u00c9TAILL\u00c9E:<\/b><\/h2>\n<\/div>\n<div><\/div>\n<div><\/div>\n<div><a href=\"https:\/\/dscvape.fr\/?attachment_id=5669\" rel=\"attachment wp-att-5669\"><img loading=\"lazy\" class=\"aligncenter size-full wp-image-5669\" src=\"https:\/\/dscvape.fr\/wp-content\/uploads\/2018\/12\/D\u00e9tail-nautilus.png\" alt=\"\" width=\"1262\" height=\"963\" \/><\/a><\/div>\n<div><\/div>\n<\/div>\n<\/div>\n<div>\n<h2 style=\"text-align: center;\"><span style=\"text-decoration: underline;\"><span style=\"font-size: 12pt;\">Remplissage du Nautilus 2S<\/span><\/span><\/h2>\n<p><a href=\"https:\/\/dscvape.fr\/?attachment_id=5670\" rel=\"attachment wp-att-5670\"><img loading=\"lazy\" class=\"aligncenter size-full wp-image-5670\" src=\"https:\/\/dscvape.fr\/wp-content\/uploads\/2018\/12\/Remplissage-nautilus-2.png\" alt=\"\" width=\"1264\" height=\"534\" \/><\/a><\/p>\n<p>&nbsp;<\/p>\n<p style=\"text-align: center;\">Le remplissage du Nautilus 2S a \u00e9t\u00e9 repens\u00e9 afin d&#8217;am\u00e9liorer un peu plus votre exp\u00e9rience avec la vape. D\u00e9vissez le top cap de quelques tours dans le sens inverse des aiguilles d&#8217;une montre. Puis poussez au niveau de l&#8217;indication afin d&#8217;avoir acc\u00e8s \u00e0 la zone de remplissage et remplissez avec le e-liquide de votre choix. Une fois rempli, remettez le top cap en place et revissez le.<br \/>\nCe syst\u00e8me (d\u00e9visser + pousser) permet une s\u00e9curit\u00e9 enfant alli\u00e9e un remplissage simple et garantie sans fuite pour un confort au quotidien.<\/p>\n<\/div>\n<p style=\"text-align: center;\"><span style=\"text-decoration: underline;\"><strong>L&#8217;installation du Nautilus 2S<\/strong><\/span><\/p>\n<p><a href=\"https:\/\/dscvape.fr\/?attachment_id=5671\" rel=\"attachment wp-att-5671\"><img loading=\"lazy\" class=\"aligncenter size-full wp-image-5671\" src=\"https:\/\/dscvape.fr\/wp-content\/uploads\/2018\/12\/R\u00e9sistance-nautilus-2.png\" alt=\"\" width=\"1260\" height=\"588\" \/><\/a><\/p>\n<p>&nbsp;<\/p>\n<p style=\"text-align: center;\">Changer la r\u00e9sistance du Nautilus 2S est tr\u00e8s simple ! Il vous suffira de d\u00e9visser le mat\u00e9riel de base du corps principal du r\u00e9servoir. Puis de retirer le tube en verre et d&#8217;installer la nouvelle r\u00e9sistance. Replacez ensuite le verre et le dessus, puis revissez-les sur le support. Le nouveau atomiseur Aspire Nautilus 2S est compatible avec la gamme de r\u00e9sistance Nautilus BVC.<br \/>\nRemarque: lors de l&#8217;installation de la nouvelle r\u00e9sistance, il faut imp\u00e9rativement faire l&#8217;amor\u00e7age de celle-ci. C&#8217;est-\u00e0-dire laisser poser la r\u00e9sistance dans le e-liquide pendant 10 min afin que le coton de la r\u00e9sistance puisse s&#8217;imbiber aux maximum de e-liquide et donc \u00e9viter de la br\u00fbler pr\u00e9matur\u00e9ment.<\/p>\n<p style=\"text-align: center;\"><span style=\"text-decoration: underline;\"><strong>Un airflow r\u00e9glable<\/strong><\/span><\/p>\n<\/div>\n<p><a href=\"https:\/\/dscvape.fr\/?attachment_id=5672\" rel=\"attachment wp-att-5672\"><img loading=\"lazy\" class=\"aligncenter size-full wp-image-5672\" src=\"https:\/\/dscvape.fr\/wp-content\/uploads\/2018\/12\/Airflow-nautilus.png\" alt=\"\" width=\"1396\" height=\"772\" \/><\/a><\/p>\n<p style=\"text-align: center;\">L&#8217;airflow situ\u00e9 sur la base du r\u00e9servoir permet d&#8217;ajuster le d\u00e9bit d&#8217;air \u00e0 votre pr\u00e9f\u00e9rence. Modulez le d\u00e9bit d&#8217;air permet d&#8217;obtenir un tirage plus ou moins serr\u00e9 et est donc \u00e0 allier avec la r\u00e9sistance qui correspondra le mieux \u00e0 ce que vous recherchez. (La r\u00e9sistance en 1,8 ohm pour ceux qui veulent un tirage imitant la cigarette et en 0,4 ohm pour ceux souhaitant avoir un tirage a\u00e9rien).<\/p>\n<\/div>\n<\/div>\n","protected":false},"excerpt":{"rendered":"<p><span class=\"\" title=\"\">Aspire vous propose le tout nouveau<strong> Nautilus 2S<\/strong>.<\/span> <span class=\"\" title=\"\">Le nouveau r\u00e9servoir Nautilus 2S disponible en version 2.6ml et version 2ml pour TPD.<\/span> <span class=\"\" title=\"\">Le dernier n\u00e9 de la s\u00e9rie des r\u00e9servoirs Nautilus, un design \u00e9l\u00e9gant et tout en courbes \u00e9quip\u00e9 d\u2019une r\u00e9sistance BVC de 0,4 ohm pour la vape DL et d\u2019une r\u00e9sistance\u00a0BVC de 1,8 ohm pour la vape en MTL.<\/span>\u00a0Le remplissage par le haut avec s\u00e9curit\u00e9 enfant int\u00e9gr\u00e9 permet un refill propre<span class=\"\" title=\"\">\u00a0et notamment gr\u00e2ce \u00e0 un joint en silicone prot\u00e9geant l&#8217;orifice de remplissage. Enfin, sachant que ce clearomiseur est compatible avec la gamme de r\u00e9sistance Nautilus BVC, vous allez pouvoir inter-changer les r\u00e9sistances, ce qui vous permettra de personnaliser vos pr\u00e9f\u00e9rences en mati\u00e8re de tirage.<\/span><\/p>\n","protected":false},"featured_media":73586,"comment_status":"closed","ping_status":"closed","template":"","meta":[],"marques":[7439],"bundle_layout":"","bundled_by":[],"bundled_items":[],"supplier_id":null,"supplier_sku":"","atum_controlled":true,"out_stock_date":null,"out_stock_threshold":null,"inheritable":false,"inbound_stock":null,"stock_on_hold":null,"sold_today":null,"sales_last_days":null,"reserved_stock":null,"customer_returns":null,"warehouse_damage":null,"lost_in_post":null,"other_logs":null,"out_stock_days":null,"lost_sales":null,"has_location":null,"update_date":null,"atum_locations":[],"atum_stock_status":"instock","low_stock":false,"mi_inventories":[],"multi_inventory":null,"inventory_sorting_mode":null,"inventory_iteration":null,"expirable_inventories":null,"price_per_inventory":null,"_links":{"self":[{"href":"https:\/\/lesaintlaurentvape.com\/en\/wp-json\/wp\/v2\/product\/101407\/"}],"collection":[{"href":"https:\/\/lesaintlaurentvape.com\/en\/wp-json\/wp\/v2\/product\/"}],"about":[{"href":"https:\/\/lesaintlaurentvape.com\/en\/wp-json\/wp\/v2\/types\/product\/"}],"replies":[{"embeddable":true,"href":"https:\/\/lesaintlaurentvape.com\/en\/wp-json\/wp\/v2\/comments\/?post=101407"}],"wp:featuredmedia":[{"embeddable":true,"href":"https:\/\/lesaintlaurentvape.com\/en\/wp-json\/wp\/v2\/media\/73586\/"}],"wp:attachment":[{"href":"https:\/\/lesaintlaurentvape.com\/en\/wp-json\/wp\/v2\/media\/?parent=101407"}],"wp:term":[{"taxonomy":"marques","embeddable":true,"href":"https:\/\/lesaintlaurentvape.com\/en\/wp-json\/wp\/v2\/marques\/?post=101407"}],"curies":[{"name":"wp","href":"https:\/\/api.w.org\/{rel}","templated":true}]}}