{"id":101406,"date":"2018-12-27T15:18:25","date_gmt":"2018-12-27T14:18:25","guid":{"rendered":"https:\/\/lesaintlaurentvape.com\/produit\/eleaf-ijust-3-kit-65-ml\/"},"modified":"2020-10-31T20:38:47","modified_gmt":"2020-10-31T19:38:47","slug":"eleaf-ijust-3-kit-65-ml","status":"publish","type":"product","link":"https:\/\/lesaintlaurentvape.com\/en\/produit\/eleaf-ijust-3-kit-65-ml\/","title":{"rendered":"Eleaf iJust 3 kit 6,5 ml"},"content":{"rendered":"<p><span style=\"color: #ffffff;\">iJust 3 kit<\/span><\/p>\n<h2 style=\"text-align: center;\"><b>DESCRIPTION D\u00c9TAILL\u00c9E\u00a0:<\/b><\/h2>\n<p style=\"text-align: center;\"><a href=\"https:\/\/dscvape.fr\/?attachment_id=5607\" rel=\"attachment wp-att-5607\"><img loading=\"lazy\" class=\"aligncenter size-full wp-image-5607\" src=\"https:\/\/dscvape.fr\/wp-content\/uploads\/2018\/12\/D\u00e9tail-ijust-3.png\" alt=\"\" width=\"1449\" height=\"1219\" \/><\/a><\/p>\n<p style=\"text-align: center;\"><strong><u>Un remplissage simple et propre<\/u><\/strong><\/p>\n<p>&nbsp;<\/p>\n<p style=\"text-align: center;\">Le clearomiseur ELLO duro est dot\u00e9 d\u2019un syst\u00e8me de remplissage simplifi\u00e9 avec son top cap coulissant. Il vous suffira de pousser au niveau du \u00ab\u00a0T\u00a0\u00bb afin de pouvoir acc\u00e9der \u00e0 la zone de remplissage.<\/p>\n<p><a href=\"https:\/\/dscvape.fr\/?attachment_id=5608\" rel=\"attachment wp-att-5608\"><img loading=\"lazy\" class=\"aligncenter size-full wp-image-5608\" src=\"https:\/\/dscvape.fr\/wp-content\/uploads\/2018\/12\/Remplissage-ijust-3.png\" alt=\"\" width=\"970\" height=\"609\" \/><\/a><\/p>\n<p style=\"text-align: center;\"><strong><u>Un unique bouton fire<\/u><\/strong><\/p>\n<p style=\"text-align: center;\">Eleaf a fait le choix avec son kit iJust 3 d\u2019installer seulement un seul bouton fire afin que le vapoteur d\u00e9butant puisse obtenir un kit puissant sub-ohmique mais simple \u00e0 utiliser. Ce kit est \u00e9galement parfait pour les vapoteurs souhaitant un kit puissant mais discret pour du all-day. Avec son petit format il se transportera facilement et vous accompagnera au quotidien.<br \/>\nLe bouton est entour\u00e9 d\u2019un led qui indique la batterie restant\u00a0:<\/p>\n<table class=\" aligncenter\">\n<tbody>\n<tr>\n<td width=\"236\">Vert\u00a0: 100%-60%<\/td>\n<td width=\"236\">Orange\u00a0: 59%-30%<\/td>\n<td width=\"236\">Bleu\u00a0: 29%-10%<\/td>\n<td width=\"236\">Rouge\u00a0: \u2264 9%<\/td>\n<\/tr>\n<\/tbody>\n<\/table>\n<p><a href=\"https:\/\/dscvape.fr\/?attachment_id=5609\" rel=\"attachment wp-att-5609\"><img loading=\"lazy\" class=\"aligncenter size-full wp-image-5609\" src=\"https:\/\/dscvape.fr\/wp-content\/uploads\/2018\/12\/Leds-bouton-fire-ijust-3.png\" alt=\"\" width=\"2021\" height=\"628\" \/><\/a><\/p>\n<p style=\"text-align: center;\"><strong><u>Les r\u00e9sistances HW-N et HW-M<\/u><\/strong><\/p>\n<p style=\"text-align: center;\">ELEAF propose de d\u00e9couvrir avec ce kit les r\u00e9sistances HW-N en 0,2 ohm et HW-M en 0,15 ohm. Ces r\u00e9sistances en Kanthal d\u00e9di\u00e9es \u00e0 la vape sub-ohm promettent des nuages de fum\u00e9e dense et une retranscription des go\u00fbts au top. La r\u00e9sistance HW-N est un syst\u00e8me de r\u00e9sistance en filet et quant \u00e0 la r\u00e9sistance HW-M, on est sur un syst\u00e8me de multi-trous.<\/p>\n<p><a href=\"https:\/\/dscvape.fr\/?attachment_id=5610\" rel=\"attachment wp-att-5610\"><img loading=\"lazy\" class=\"aligncenter size-full wp-image-5610\" src=\"https:\/\/dscvape.fr\/wp-content\/uploads\/2018\/12\/R\u00e9sistance-HWN-HWM.png\" alt=\"\" width=\"1797\" height=\"773\" \/><\/a><\/p>\n","protected":false},"excerpt":{"rendered":"<p><span style=\"font-family: georgia, palatino, serif; font-size: 12pt;\">Le kit iJust 3 de la marque Eleaf r\u00e9invente la forme du stick avec un kit sub-ohmique puissant et parfait pour les amateurs de cloud-chasing. C&#8217;est un kit alliant le clearomiseur ELLO Duro et la batterie iJust 3. Dans un premier temps, nous avons l\u00e0 un kit d&#8217;apparence simple, un unique bouton afin de pouvoir vivre la vape simple au quotidien. Pour autant, ce kit promet des surprises notamment avec une puissance pouvant grimper jusqu&#8217;\u00e0 80 W et une excellente capacit\u00e9 de batterie de 3000 mAh pour une vape sub-ohm all-day ! Quant au clearomiseur, on a l\u00e0 un tank classique, simple d&#8217;utilisation avec un remplissage intelligent avec le top cap coulissant et un airflow r\u00e9glable.<\/span><\/p>\n<p><a href=\"https:\/\/dscvape.fr\/wp-content\/uploads\/2018\/12\/Aide-\u00e0-la-vente-Eleaf-iJust-3.pdf\">T\u00e9l\u00e9chargez-moi pour une aide \u00e0 la vente Eleaf iJust 3<\/a><\/p>\n","protected":false},"featured_media":73570,"comment_status":"closed","ping_status":"closed","template":"","meta":[],"marques":[7490],"bundle_layout":"","bundled_by":[],"bundled_items":[],"supplier_id":null,"supplier_sku":"","atum_controlled":true,"out_stock_date":null,"out_stock_threshold":null,"inheritable":false,"inbound_stock":null,"stock_on_hold":null,"sold_today":null,"sales_last_days":null,"reserved_stock":null,"customer_returns":null,"warehouse_damage":null,"lost_in_post":null,"other_logs":null,"out_stock_days":null,"lost_sales":null,"has_location":null,"update_date":null,"atum_locations":[],"atum_stock_status":"instock","low_stock":false,"mi_inventories":[],"multi_inventory":null,"inventory_sorting_mode":null,"inventory_iteration":null,"expirable_inventories":null,"price_per_inventory":null,"_links":{"self":[{"href":"https:\/\/lesaintlaurentvape.com\/en\/wp-json\/wp\/v2\/product\/101406\/"}],"collection":[{"href":"https:\/\/lesaintlaurentvape.com\/en\/wp-json\/wp\/v2\/product\/"}],"about":[{"href":"https:\/\/lesaintlaurentvape.com\/en\/wp-json\/wp\/v2\/types\/product\/"}],"replies":[{"embeddable":true,"href":"https:\/\/lesaintlaurentvape.com\/en\/wp-json\/wp\/v2\/comments\/?post=101406"}],"wp:featuredmedia":[{"embeddable":true,"href":"https:\/\/lesaintlaurentvape.com\/en\/wp-json\/wp\/v2\/media\/73570\/"}],"wp:attachment":[{"href":"https:\/\/lesaintlaurentvape.com\/en\/wp-json\/wp\/v2\/media\/?parent=101406"}],"wp:term":[{"taxonomy":"marques","embeddable":true,"href":"https:\/\/lesaintlaurentvape.com\/en\/wp-json\/wp\/v2\/marques\/?post=101406"}],"curies":[{"name":"wp","href":"https:\/\/api.w.org\/{rel}","templated":true}]}}