{"id":101328,"date":"2018-12-11T16:24:21","date_gmt":"2018-12-11T15:24:21","guid":{"rendered":"https:\/\/lesaintlaurentvape.com\/produit\/joyetech-cartouche-exceed-edge-a-resistance\/"},"modified":"2020-10-31T21:20:51","modified_gmt":"2020-10-31T20:20:51","slug":"joyetech-cartouche-exceed-edge-a-resistance","status":"publish","type":"product","link":"https:\/\/lesaintlaurentvape.com\/en\/produit\/joyetech-cartouche-exceed-edge-a-resistance\/","title":{"rendered":"Joyetech &#8211; Pods Exceed Edge"},"content":{"rendered":"<p><span style=\"color: #ffffff;\">Joyetech Cartouche Exceed Edge<\/span><\/p>\n<h2 style=\"text-align: center;\">PODS &#8211; RESISTANCE EXCLUE<\/h2>\n<p style=\"text-align: center;\">Ayez la possibilit\u00e9 de changer votre tirage avec le pod Exceed Edge en installant la r\u00e9sistance EX que vous souhaitez. Disponible en 0.5 ohm (DL) et 1.2 ohm (MTL).<\/p>\n<p>&nbsp;<\/p>\n<p style=\"text-align: center;\"><strong><u>Changer les r\u00e9sistances<\/u><\/strong><\/p>\n<p style=\"text-align: center;\">Pour le cas des syst\u00e8mes \u00e0 r\u00e9sistance, vous allez pouvoir changer celle-ci en retirant tout d\u2019abord le socle situ\u00e9 sur le dessous du pod. En devisant le pod, allez pouvoir retirer la r\u00e9sistance afin d\u2019en installer une nouvelle.<\/p>\n<p><img loading=\"lazy\" class=\"aligncenter wp-image-4117\" src=\"https:\/\/dscvape.fr\/wp-content\/uploads\/2018\/12\/R\u00e9sistance-Exceed-edge.png\" alt=\"\" width=\"787\" height=\"440\" \/><\/p>\n<p style=\"text-align: center;\"><strong><u>Remplissage simple<\/u><\/strong><\/p>\n<p style=\"text-align: center;\">La Exceed Edge est un syst\u00e8me \u00e0 pod super simple d\u2019utilisation. En effet, \u00e0 commencer par son remplissage, il vous suffira de retirer la petite languette sur le c\u00f4t\u00e9 du pod afin d\u2019avoir acc\u00e8s au r\u00e9servoir.<\/p>\n<p style=\"text-align: center;\"><img loading=\"lazy\" class=\"wp-image-4119 alignnone\" src=\"https:\/\/dscvape.fr\/wp-content\/uploads\/2018\/12\/Remplissage-pod-exceed-edge.png\" alt=\"\" width=\"289\" height=\"390\" \/><\/p>\n<p>&nbsp;<\/p>\n<hr \/>\n<h2 style=\"text-align: center;\">PODS &#8211; RESISTANCE INCLUSE<\/h2>\n<p style=\"text-align: center;\">Plus besoin de se soucier de la r\u00e9sistance \u00e0 changer, elle est d\u00e9j\u00e0 incluse dans le pod en 1.2 ohm.<\/p>\n<p>&nbsp;<\/p>\n<p style=\"text-align: center;\"><strong><u>Remplissage simple<\/u><\/strong><\/p>\n<p style=\"text-align: center;\">La Exceed Edge est un syst\u00e8me \u00e0 pod super simple d\u2019utilisation. En effet, \u00e0 commencer par son remplissage, il vous suffira de retirer la petite languette sur le c\u00f4t\u00e9 du pod afin d\u2019avoir acc\u00e8s au r\u00e9servoir.<\/p>\n<p style=\"text-align: center;\">\u00a0<img loading=\"lazy\" class=\" wp-image-4118 alignnone\" src=\"https:\/\/dscvape.fr\/wp-content\/uploads\/2018\/12\/Remplissage-exceed-scd-option.png\" alt=\"\" width=\"257\" height=\"354\" \/><\/p>\n<p class=\"p1\"><span class=\"s1\" style=\"color: #ffffff;\"><a style=\"color: #ffffff;\" href=\"https:\/\/dscvape.fr\/product-brands\/joyetech\/\">Voir les produits Joyetech sur le site\u00a0<\/a><\/span><\/p>\n<p class=\"p1\"><span class=\"s1\" style=\"color: #ffffff;\"><a style=\"color: #ffffff;\" href=\"https:\/\/www.joyetech.com\/\">Site fournisseur<\/a><\/span><\/p>\n","protected":false},"excerpt":{"rendered":"<p>Ces cartouches s&#8217;utilisent avec les r\u00e9sistances EX de la marque Joyetech.<\/p>\n<p>Disponibles avec et sans r\u00e9sistances.<\/p>\n<p>Vendue par bo\u00eete de 5 pi\u00e8ces.<\/p>\n<p>&nbsp;<\/p>\n<p>PVC TTC sans r\u00e9sistance : 13.00\u20ac la bo\u00eete de 5, soit 2.60\u20ac l&#8217;unit\u00e9.<\/p>\n<p>PVC TTC avec r\u00e9sistance : 19.50\u20ac la bo\u00eete de 5, soit 3.90\u20ac l&#8217;unit\u00e9.<\/p>\n","protected":false},"featured_media":73347,"comment_status":"closed","ping_status":"closed","template":"","meta":[],"marques":[7532],"bundle_layout":"","bundled_by":[],"bundled_items":[],"supplier_id":null,"supplier_sku":"","atum_controlled":true,"out_stock_date":"2020-10-31T18:35:10","out_stock_threshold":null,"inheritable":false,"inbound_stock":null,"stock_on_hold":0,"sold_today":0,"sales_last_days":0,"reserved_stock":null,"customer_returns":null,"warehouse_damage":null,"lost_in_post":null,"other_logs":null,"out_stock_days":1983,"lost_sales":0,"has_location":null,"update_date":"2026-04-06T22:36:46","atum_locations":[],"atum_stock_status":"outofstock","low_stock":false,"mi_inventories":[],"multi_inventory":null,"inventory_sorting_mode":null,"inventory_iteration":null,"expirable_inventories":null,"price_per_inventory":null,"_links":{"self":[{"href":"https:\/\/lesaintlaurentvape.com\/en\/wp-json\/wp\/v2\/product\/101328\/"}],"collection":[{"href":"https:\/\/lesaintlaurentvape.com\/en\/wp-json\/wp\/v2\/product\/"}],"about":[{"href":"https:\/\/lesaintlaurentvape.com\/en\/wp-json\/wp\/v2\/types\/product\/"}],"replies":[{"embeddable":true,"href":"https:\/\/lesaintlaurentvape.com\/en\/wp-json\/wp\/v2\/comments\/?post=101328"}],"wp:featuredmedia":[{"embeddable":true,"href":"https:\/\/lesaintlaurentvape.com\/en\/wp-json\/wp\/v2\/media\/73347\/"}],"wp:attachment":[{"href":"https:\/\/lesaintlaurentvape.com\/en\/wp-json\/wp\/v2\/media\/?parent=101328"}],"wp:term":[{"taxonomy":"marques","embeddable":true,"href":"https:\/\/lesaintlaurentvape.com\/en\/wp-json\/wp\/v2\/marques\/?post=101328"}],"curies":[{"name":"wp","href":"https:\/\/api.w.org\/{rel}","templated":true}]}}