{"id":101327,"date":"2018-12-11T16:08:37","date_gmt":"2018-12-11T15:08:37","guid":{"rendered":"https:\/\/lesaintlaurentvape.com\/produit\/joyetech-cartouche-atopack-dolphin\/"},"modified":"2020-10-31T20:35:10","modified_gmt":"2020-10-31T19:35:10","slug":"joyetech-cartouche-atopack-dolphin","status":"publish","type":"product","link":"https:\/\/lesaintlaurentvape.com\/en\/produit\/joyetech-cartouche-atopack-dolphin\/","title":{"rendered":"Joyetech &#8211; Cartouche Atopack Dolphin (R\u00e9sistances exclues)"},"content":{"rendered":"<p><span style=\"color: #ffffff;\">Joyetech Cartouche Atopack Dolphin<\/span><\/p>\n<p style=\"text-align: center;\"><strong><u>Un syst\u00e8me de pod<\/u><\/strong><\/p>\n<p><img loading=\"lazy\" class=\"aligncenter size-full wp-image-4106\" src=\"https:\/\/dscvape.fr\/wp-content\/uploads\/2018\/12\/Pod-dolphin.png\" alt=\"\" width=\"877\" height=\"563\" \/><\/p>\n<p style=\"text-align: center;\">Le Penguin SE est un appareil \u00e0 pod, c&#8217;est \u00e0 dire que le clearomiseur est remplac\u00e9 par des pods qui peuvent s&#8217;inter-changer. En effet, il suffit de tirer sur le pod pour le s\u00e9parer de la batterie. Celui-ci s&#8217;utilise avec des r\u00e9sistances JVIC. Pour installer les r\u00e9sistances il suffit d&#8217;embo\u00eeter celui-ci dans le silicone. Ce syst\u00e8me permet de transporter plusieurs pods sur soi avec diff\u00e9rents go\u00fbts d&#8217;e-liquide.<\/p>\n<p style=\"text-align: center;\"><strong><u>Un remplissage simplifi\u00e9<\/u><\/strong><\/p>\n<p><img class=\"aligncenter\" src=\"http:\/\/www.joyetech.com\/wp-content\/uploads\/2015\/05\/images\/product\/cubox_cubis2\/ATOPACK_DOLPHIN_08.png\" alt=\"ATOPACK DOLPHIN\" \/><\/p>\n<p style=\"text-align: center;\">D\u00e9sormais avec l&#8217;Atopack Dolphin, le remplissage ne sera que plus simple avec un remplissage sur le c\u00f4t\u00e9. Il vous suffira de soulever la languette en caoutchouc et de remplir directement dans le trou du r\u00e9servoir.<\/p>\n<p>&nbsp;<\/p>\n<p style=\"text-align: center;\"><strong><u>Les r\u00e9sistances JVIC (non incluses)<\/u><\/strong><\/p>\n<p style=\"text-align: center;\">La particularit\u00e9 de ces r\u00e9sistances reposent sur leur structure. En effet, la r\u00e9sistance re\u00e7oit le liquide mani\u00e8re vertical comme le montre la photo ci-dessous et repose sur une base en c\u00e9ramique. Cette forme permet d&#8217;obtenir des nuages de fum\u00e9e encore plus dense et un rendu en bouche encore meilleur.<\/p>\n<p><img loading=\"lazy\" class=\"aligncenter size-full wp-image-4095\" src=\"https:\/\/dscvape.fr\/wp-content\/uploads\/2018\/12\/R\u00e9sistance-syst\u00e8me-JVIC.png\" alt=\"\" width=\"1441\" height=\"989\" \/><\/p>\n","protected":false},"excerpt":{"rendered":"<p>Cartouche de remplacement pour le kit Atopack Dolphin de la marque Joyetech.<\/p>\n<p>La r\u00e9sistance JVIC n&#8217;est pas incluse.<\/p>\n<p>PVC TTC : 4.90\u20ac l&#8217;unit\u00e9<\/p>\n","protected":false},"featured_media":73344,"comment_status":"closed","ping_status":"closed","template":"","meta":[],"marques":[7532],"bundle_layout":"","bundled_by":[],"bundled_items":[],"supplier_id":null,"supplier_sku":"","atum_controlled":true,"out_stock_date":null,"out_stock_threshold":null,"inheritable":false,"inbound_stock":null,"stock_on_hold":0,"sold_today":0,"sales_last_days":0,"reserved_stock":null,"customer_returns":null,"warehouse_damage":null,"lost_in_post":null,"other_logs":null,"out_stock_days":0,"lost_sales":0,"has_location":null,"update_date":"2020-11-02T23:20:37","atum_locations":[],"atum_stock_status":"instock","low_stock":false,"mi_inventories":[2213],"multi_inventory":null,"inventory_sorting_mode":null,"inventory_iteration":null,"expirable_inventories":null,"price_per_inventory":null,"_links":{"self":[{"href":"https:\/\/lesaintlaurentvape.com\/en\/wp-json\/wp\/v2\/product\/101327\/"}],"collection":[{"href":"https:\/\/lesaintlaurentvape.com\/en\/wp-json\/wp\/v2\/product\/"}],"about":[{"href":"https:\/\/lesaintlaurentvape.com\/en\/wp-json\/wp\/v2\/types\/product\/"}],"replies":[{"embeddable":true,"href":"https:\/\/lesaintlaurentvape.com\/en\/wp-json\/wp\/v2\/comments\/?post=101327"}],"wp:featuredmedia":[{"embeddable":true,"href":"https:\/\/lesaintlaurentvape.com\/en\/wp-json\/wp\/v2\/media\/73344\/"}],"wp:attachment":[{"href":"https:\/\/lesaintlaurentvape.com\/en\/wp-json\/wp\/v2\/media\/?parent=101327"}],"wp:term":[{"taxonomy":"marques","embeddable":true,"href":"https:\/\/lesaintlaurentvape.com\/en\/wp-json\/wp\/v2\/marques\/?post=101327"}],"curies":[{"name":"wp","href":"https:\/\/api.w.org\/{rel}","templated":true}]}}