{"id":101326,"date":"2018-12-11T16:08:31","date_gmt":"2018-12-11T15:08:31","guid":{"rendered":"https:\/\/lesaintlaurentvape.com\/produit\/joyetech-cartouche-atopack-penguin-se\/"},"modified":"2020-10-31T20:46:18","modified_gmt":"2020-10-31T19:46:18","slug":"joyetech-cartouche-atopack-penguin-se","status":"publish","type":"product","link":"https:\/\/lesaintlaurentvape.com\/en\/produit\/joyetech-cartouche-atopack-penguin-se\/","title":{"rendered":"Joyetech &#8211; Cartouche Atopack Penguin SE (R\u00e9sistances exclues)"},"content":{"rendered":"<p><span style=\"color: #ffffff;\">Joyetech Cartouche Atopack<\/span><\/p>\n<p style=\"text-align: center;\"><strong><u>Cartouche Atopack Penguin<\/u><\/strong><\/p>\n<p style=\"text-align: center;\">Le Penguin SE est un appareil \u00e0 pod, c&#8217;est \u00e0 dire que le clearomiseur est remplac\u00e9 par des pods qui peuvent s&#8217;inter-changer. En effet, il suffit de tirer sur le pod pour le s\u00e9parer de la batterie. Celui-ci s&#8217;utilise avec des r\u00e9sistances JVIC. Pour installer les r\u00e9sistances il suffit d&#8217;embo\u00eeter celui-ci dans le silicone. Ce syst\u00e8me permet de transporter plusieurs pods sur soi avec diff\u00e9rents go\u00fbts d&#8217;e-liquide.<\/p>\n<p><img loading=\"lazy\" class=\"aligncenter size-full wp-image-4094\" src=\"https:\/\/dscvape.fr\/wp-content\/uploads\/2018\/12\/R\u00e9servoir-penguin.png\" alt=\"\" width=\"805\" height=\"670\" \/><\/p>\n<p style=\"text-align: center;\"><strong><u>Les r\u00e9sistances JVIC (non incluses)<\/u><\/strong><\/p>\n<p style=\"text-align: center;\">La particularit\u00e9 de ces r\u00e9sistances reposent sur leur structure. En effet, la r\u00e9sistance re\u00e7oit le liquide mani\u00e8re vertical comme le montre la photo ci-dessous et repose sur une base en c\u00e9ramique. Cette forme permet d&#8217;obtenir des nuages de fum\u00e9e encore plus dense et un rendu en bouche encore meilleur.<\/p>\n<p><img loading=\"lazy\" class=\"aligncenter size-full wp-image-4095\" src=\"https:\/\/dscvape.fr\/wp-content\/uploads\/2018\/12\/R\u00e9sistance-syst\u00e8me-JVIC.png\" alt=\"\" width=\"1441\" height=\"989\" \/><\/p>\n","protected":false},"excerpt":{"rendered":"<p>Cartouche de remplacement pour le kit Atopack Penguin SE de la marque Joyetech.<\/p>\n<p>La r\u00e9sistance JVIC n&#8217;est pas incluse.<\/p>\n<p>PVC TTC : 4.90\u20ac<\/p>\n","protected":false},"featured_media":73341,"comment_status":"closed","ping_status":"closed","template":"","meta":[],"marques":[7532],"bundle_layout":"","bundled_by":[],"bundled_items":[],"supplier_id":null,"supplier_sku":"","atum_controlled":true,"out_stock_date":null,"out_stock_threshold":null,"inheritable":false,"inbound_stock":null,"stock_on_hold":null,"sold_today":null,"sales_last_days":null,"reserved_stock":null,"customer_returns":null,"warehouse_damage":null,"lost_in_post":null,"other_logs":null,"out_stock_days":null,"lost_sales":null,"has_location":null,"update_date":null,"atum_locations":[],"atum_stock_status":"instock","low_stock":false,"mi_inventories":[],"multi_inventory":null,"inventory_sorting_mode":null,"inventory_iteration":null,"expirable_inventories":null,"price_per_inventory":null,"_links":{"self":[{"href":"https:\/\/lesaintlaurentvape.com\/en\/wp-json\/wp\/v2\/product\/101326\/"}],"collection":[{"href":"https:\/\/lesaintlaurentvape.com\/en\/wp-json\/wp\/v2\/product\/"}],"about":[{"href":"https:\/\/lesaintlaurentvape.com\/en\/wp-json\/wp\/v2\/types\/product\/"}],"replies":[{"embeddable":true,"href":"https:\/\/lesaintlaurentvape.com\/en\/wp-json\/wp\/v2\/comments\/?post=101326"}],"wp:featuredmedia":[{"embeddable":true,"href":"https:\/\/lesaintlaurentvape.com\/en\/wp-json\/wp\/v2\/media\/73341\/"}],"wp:attachment":[{"href":"https:\/\/lesaintlaurentvape.com\/en\/wp-json\/wp\/v2\/media\/?parent=101326"}],"wp:term":[{"taxonomy":"marques","embeddable":true,"href":"https:\/\/lesaintlaurentvape.com\/en\/wp-json\/wp\/v2\/marques\/?post=101326"}],"curies":[{"name":"wp","href":"https:\/\/api.w.org\/{rel}","templated":true}]}}