{"id":101325,"date":"2018-12-11T16:57:51","date_gmt":"2018-12-11T15:57:51","guid":{"rendered":"https:\/\/lesaintlaurentvape.com\/produit\/joyetech-resistance-atopack-jvic1-06-ohm\/"},"modified":"2020-10-31T21:20:41","modified_gmt":"2020-10-31T20:20:41","slug":"joyetech-resistance-atopack-jvic1-06-ohm","status":"publish","type":"product","link":"https:\/\/lesaintlaurentvape.com\/en\/produit\/joyetech-resistance-atopack-jvic1-06-ohm\/","title":{"rendered":"Joyetech &#8211; R\u00e9sistance Atopack JVIC"},"content":{"rendered":"<p><span style=\"color: #ffffff;\">Joyetech R\u00e9sistance Atopack<\/span><\/p>\n<p style=\"text-align: center;\"><strong><u>Les r\u00e9sistances JVIC<\/u><\/strong><\/p>\n<p style=\"text-align: center;\">La particularit\u00e9 de ces r\u00e9sistances reposent sur leur structure. En effet, la r\u00e9sistance re\u00e7oit le liquide mani\u00e8re vertical comme le montre la photo ci-dessous et repose sur une base en c\u00e9ramique. Cette forme permet d&#8217;obtenir des nuages de fum\u00e9e encore plus dense et un rendu en bouche encore meilleur.<\/p>\n<p><img loading=\"lazy\" class=\"aligncenter size-full wp-image-4095\" src=\"https:\/\/dscvape.fr\/wp-content\/uploads\/2018\/12\/R\u00e9sistance-syst\u00e8me-JVIC.png\" alt=\"\" width=\"1441\" height=\"989\" \/><\/p>\n<p><span style=\"color: #ffffff;\"><a style=\"color: #ffffff;\" href=\"https:\/\/dscvape.fr\/product-brands\/joyetech\/\">Voir les produits Joyetech sur le site\u00a0<\/a><\/span><\/p>\n<p><span style=\"color: #ffffff;\"><a style=\"color: #ffffff;\" href=\"https:\/\/www.joyetech.com\/\">Site fournisseur<\/a><\/span><\/p>\n","protected":false},"excerpt":{"rendered":"<p>R\u00e9sistances Atopack JVIC1 compatibles avec les kits Atopack Penguin et Atopack Dolphin de la marque Joyetech.<\/p>\n<p>Vendue par bo\u00eete de 5 pi\u00e8ces.<\/p>\n<p>Existe aussi en 0.6ohm, 0.25 ohm et 1.2 ohm.<\/p>\n<p><span style=\"text-decoration: underline;\"><strong>Compatibilit\u00e9:<\/strong><\/span>\u00a0Atopack Dolphin et Atopack Penguin<\/p>\n","protected":false},"featured_media":73338,"comment_status":"closed","ping_status":"closed","template":"","meta":[],"marques":[7532],"bundle_layout":"","bundled_by":[],"bundled_items":[],"supplier_id":null,"supplier_sku":"","atum_controlled":true,"out_stock_date":null,"out_stock_threshold":null,"inheritable":false,"inbound_stock":null,"stock_on_hold":0,"sold_today":0,"sales_last_days":0,"reserved_stock":null,"customer_returns":null,"warehouse_damage":null,"lost_in_post":null,"other_logs":null,"out_stock_days":0,"lost_sales":0,"has_location":null,"update_date":"2020-11-02T23:20:37","atum_locations":[],"atum_stock_status":"instock","low_stock":false,"mi_inventories":[],"multi_inventory":null,"inventory_sorting_mode":null,"inventory_iteration":null,"expirable_inventories":null,"price_per_inventory":null,"_links":{"self":[{"href":"https:\/\/lesaintlaurentvape.com\/en\/wp-json\/wp\/v2\/product\/101325\/"}],"collection":[{"href":"https:\/\/lesaintlaurentvape.com\/en\/wp-json\/wp\/v2\/product\/"}],"about":[{"href":"https:\/\/lesaintlaurentvape.com\/en\/wp-json\/wp\/v2\/types\/product\/"}],"replies":[{"embeddable":true,"href":"https:\/\/lesaintlaurentvape.com\/en\/wp-json\/wp\/v2\/comments\/?post=101325"}],"wp:featuredmedia":[{"embeddable":true,"href":"https:\/\/lesaintlaurentvape.com\/en\/wp-json\/wp\/v2\/media\/73338\/"}],"wp:attachment":[{"href":"https:\/\/lesaintlaurentvape.com\/en\/wp-json\/wp\/v2\/media\/?parent=101325"}],"wp:term":[{"taxonomy":"marques","embeddable":true,"href":"https:\/\/lesaintlaurentvape.com\/en\/wp-json\/wp\/v2\/marques\/?post=101325"}],"curies":[{"name":"wp","href":"https:\/\/api.w.org\/{rel}","templated":true}]}}