{"id":101313,"date":"2018-12-11T15:28:23","date_gmt":"2018-12-11T14:28:23","guid":{"rendered":"https:\/\/lesaintlaurentvape.com\/produit\/joyetech-exceed-edge-kit\/"},"modified":"2020-10-31T20:36:11","modified_gmt":"2020-10-31T19:36:11","slug":"joyetech-exceed-edge-kit","status":"publish","type":"product","link":"https:\/\/lesaintlaurentvape.com\/en\/produit\/joyetech-exceed-edge-kit\/","title":{"rendered":"Joyetech &#8211; EXCEED Edge Kit"},"content":{"rendered":"<p><span style=\"color: #ffffff;\">Joyetech EXCEED Edge<\/span><\/p>\n<h2 style=\"text-align: center;\"><b>DESCRIPTION D\u00c9TAILL\u00c9E\u00a0:<\/b><\/h2>\n<p><img loading=\"lazy\" class=\"aligncenter size-full wp-image-4237\" src=\"https:\/\/dscvape.fr\/wp-content\/uploads\/2018\/12\/Exceed-edge-d\u00e9tail-joyetech.png\" alt=\"\" width=\"803\" height=\"929\" \/><\/p>\n<p style=\"text-align: center;\"><strong><u>Option pod ou r\u00e9sistance<\/u><\/strong><\/p>\n<p style=\"text-align: center;\">Le kit peut s\u2019utiliser de deux mani\u00e8res diff\u00e9rentes, avec des pods \u00e0 r\u00e9sistances int\u00e9gr\u00e9es ou bien des pods traditionnels avec des r\u00e9sistances \u00e0 changer. Les pods tout int\u00e9gr\u00e9s permettent une utilisation simple et propre. Vous n\u2019aurez qu\u2019\u00e0 remplir les pods avec votre e-liquide et vaper apr\u00e8s avoir fait l\u2019amor\u00e7age de celui-ci.<br \/>\nQuant aux pods traditionnels, vous allez pouvoir passer d\u2019un tirage serr\u00e9 \u00e0 un tirage a\u00e9rien en changeant la valeur de la r\u00e9sistance et donc faire varier les plaisirs. (Le kit est vendu avec le syst\u00e8me \u00e0 r\u00e9sistance).<\/p>\n<p style=\"text-align: center;\"><strong><u>Changer les r\u00e9sistances<\/u><\/strong><\/p>\n<p style=\"text-align: center;\">Pour le cas des syst\u00e8mes \u00e0 r\u00e9sistance, vous allez pouvoir changer celle-ci en retirant tout d\u2019abord le socle situ\u00e9 sur le dessous du pod. En devisant le pod, allez pouvoir retirer la r\u00e9sistance afin d\u2019en installer une nouvelle.<\/p>\n<p><img loading=\"lazy\" class=\"aligncenter size-full wp-image-4117\" src=\"https:\/\/dscvape.fr\/wp-content\/uploads\/2018\/12\/R\u00e9sistance-Exceed-edge.png\" alt=\"\" width=\"1783\" height=\"997\" \/><\/p>\n<p style=\"text-align: center;\"><strong><u>Remplissage simple<\/u><\/strong><\/p>\n<p style=\"text-align: center;\">La Exceed Edge est un syst\u00e8me \u00e0 pod super simple d\u2019utilisation. En effet, \u00e0 commencer par son remplissage, il vous suffira de retirer la petite languette sur le c\u00f4t\u00e9 du pod afin d\u2019avoir acc\u00e8s au r\u00e9servoir.<\/p>\n<p style=\"text-align: center;\"><img loading=\"lazy\" class=\"wp-image-4119 alignnone\" src=\"https:\/\/dscvape.fr\/wp-content\/uploads\/2018\/12\/Remplissage-pod-exceed-edge.png\" alt=\"\" width=\"289\" height=\"390\" \/>\u00a0ou<img loading=\"lazy\" class=\" wp-image-4118 alignnone\" src=\"https:\/\/dscvape.fr\/wp-content\/uploads\/2018\/12\/Remplissage-exceed-scd-option.png\" alt=\"\" width=\"257\" height=\"354\" \/><\/p>\n<p style=\"text-align: center;\"><strong><u>Batterie Exceed Edge<\/u><\/strong><br \/>\nLe niveau de batterie restant est indiqu\u00e9 par le led situ\u00e9 vers le bas de la batterie:<\/p>\n<table class=\" aligncenter\">\n<tbody>\n<tr>\n<td width=\"471\">Niveau de batterie<\/td>\n<td width=\"471\">Indicateur lumineux<\/td>\n<\/tr>\n<tr>\n<td width=\"471\">60-100%<\/td>\n<td width=\"471\">Reste allum\u00e9<\/td>\n<\/tr>\n<tr>\n<td width=\"471\">30-59%<\/td>\n<td width=\"471\">Clignote lentement<\/td>\n<\/tr>\n<tr>\n<td width=\"471\">10-29%<\/td>\n<td width=\"471\">Clignote de fa\u00e7on mod\u00e9r\u00e9e<\/td>\n<\/tr>\n<tr>\n<td width=\"471\">0-9%<\/td>\n<td width=\"471\">Clignote vite<\/td>\n<\/tr>\n<\/tbody>\n<\/table>\n<p><a href=\"https:\/\/dscvape.fr\/wp-content\/uploads\/2018\/12\/Exceed-edge-gif-lumi\u00e8re.gif\"><img loading=\"lazy\" class=\"aligncenter wp-image-7568\" src=\"https:\/\/dscvape.fr\/wp-content\/uploads\/2018\/12\/Exceed-edge-gif-lumi\u00e8re.gif\" alt=\"\" width=\"849\" height=\"695\" \/><\/a><\/p>\n<p style=\"text-align: center;\">Le chargement de la batterie se fait par le port USB situ\u00e9 \u00e0 c\u00f4t\u00e9 de l\u2019indicateur lumineux avec le cable USB fourni dans le kit.<\/p>\n","protected":false},"excerpt":{"rendered":"<p>La Exceed Edge de la marque Joyetech est un syst\u00e8me de pod destin\u00e9 aux primo-vapoteurs. Son syst\u00e8me r\u00e9volutionnaire de pod ouvert vous garantie une utilisation simplifi\u00e9e pour une vape au quotidien. En effet, vous allez pouvoir inter-changer vos pods en cours de journ\u00e9e\u00a0 avec ce syst\u00e8me pour vaper diff\u00e9rents e-liquides et donc varier les plaisirs. Son petit format reste facilement transportable dans un sac ou m\u00eame dans votre poche, id\u00e9al pour ceux qui recherchent un appareil discret, simple mais surtout efficace. Son bouton fire recouvrant le bord de la batterie permettra une meilleure prise en main. Ce kit fourni 2 r\u00e9sistances en 1,2 ohm pour un tirage serr\u00e9 qui imitera la cigarette classique. C&#8217;est donc un kit est complet pour ceux qui recherche un produit MTL \u00e0 conseiller aux d\u00e9butants de la vape mais aussi \u00e0 ceux qui souhaitent un appareil compact pour une vape discr\u00e8te.<\/p>\n<p>&nbsp;<\/p>\n<p>PVC TTC : 24.90\u20ac<\/p>\n<p><a href=\"https:\/\/dscvape.fr\/wp-content\/uploads\/2018\/12\/Aide-\u00e0-la-vente-Exceed-edge.pdf\">T\u00e9l\u00e9chargez-moi pour une aide \u00e0 la vente Exceed edge<\/a><\/p>\n","protected":false},"featured_media":73285,"comment_status":"closed","ping_status":"closed","template":"","meta":[],"marques":[7532],"bundle_layout":"","bundled_by":[],"bundled_items":[],"supplier_id":null,"supplier_sku":"","atum_controlled":true,"out_stock_date":null,"out_stock_threshold":null,"inheritable":false,"inbound_stock":null,"stock_on_hold":null,"sold_today":null,"sales_last_days":null,"reserved_stock":null,"customer_returns":null,"warehouse_damage":null,"lost_in_post":null,"other_logs":null,"out_stock_days":null,"lost_sales":null,"has_location":null,"update_date":null,"atum_locations":[],"atum_stock_status":"instock","low_stock":false,"mi_inventories":[],"multi_inventory":null,"inventory_sorting_mode":null,"inventory_iteration":null,"expirable_inventories":null,"price_per_inventory":null,"_links":{"self":[{"href":"https:\/\/lesaintlaurentvape.com\/en\/wp-json\/wp\/v2\/product\/101313\/"}],"collection":[{"href":"https:\/\/lesaintlaurentvape.com\/en\/wp-json\/wp\/v2\/product\/"}],"about":[{"href":"https:\/\/lesaintlaurentvape.com\/en\/wp-json\/wp\/v2\/types\/product\/"}],"replies":[{"embeddable":true,"href":"https:\/\/lesaintlaurentvape.com\/en\/wp-json\/wp\/v2\/comments\/?post=101313"}],"wp:featuredmedia":[{"embeddable":true,"href":"https:\/\/lesaintlaurentvape.com\/en\/wp-json\/wp\/v2\/media\/73285\/"}],"wp:attachment":[{"href":"https:\/\/lesaintlaurentvape.com\/en\/wp-json\/wp\/v2\/media\/?parent=101313"}],"wp:term":[{"taxonomy":"marques","embeddable":true,"href":"https:\/\/lesaintlaurentvape.com\/en\/wp-json\/wp\/v2\/marques\/?post=101313"}],"curies":[{"name":"wp","href":"https:\/\/api.w.org\/{rel}","templated":true}]}}