{"id":101312,"date":"2018-12-03T17:30:37","date_gmt":"2018-12-03T16:30:37","guid":{"rendered":"https:\/\/lesaintlaurentvape.com\/produit\/joyetech-atopack-dolphin-kit\/"},"modified":"2020-10-31T20:35:55","modified_gmt":"2020-10-31T19:35:55","slug":"joyetech-atopack-dolphin-kit","status":"publish","type":"product","link":"https:\/\/lesaintlaurentvape.com\/en\/produit\/joyetech-atopack-dolphin-kit\/","title":{"rendered":"Joyetech &#8211; Atopack Dolphin Kit"},"content":{"rendered":"<h2 style=\"text-align: center;\">DESCRIPTION D\u00c9TAILL\u00c9E\u00a0:<\/h2>\n<p><img loading=\"lazy\" class=\"aligncenter size-full wp-image-4236\" src=\"https:\/\/dscvape.fr\/wp-content\/uploads\/2018\/12\/Dolphin-d\u00e9tail-joyetech.png\" alt=\"\" width=\"996\" height=\"647\" \/><\/p>\n<p style=\"text-align: center;\"><strong><u>Un syst\u00e8me de pod<\/u><\/strong><\/p>\n<p><img loading=\"lazy\" class=\"aligncenter size-full wp-image-4106\" src=\"https:\/\/dscvape.fr\/wp-content\/uploads\/2018\/12\/Pod-dolphin.png\" alt=\"\" width=\"877\" height=\"563\" \/><\/p>\n<p style=\"text-align: center;\">Le Penguin SE est un appareil \u00e0 pod, c&#8217;est \u00e0 dire que le clearomiseur est remplac\u00e9 par des pods qui peuvent s&#8217;inter-changer. En effet, il suffit de tirer sur le pod pour le s\u00e9parer de la batterie. Celui-ci s&#8217;utilise avec des r\u00e9sistances JVIC. Pour installer les r\u00e9sistances il suffit d&#8217;embo\u00eeter celui-ci dans le silicone. Ce syst\u00e8me permet de transporter plusieurs pods sur soi avec diff\u00e9rents go\u00fbts d&#8217;e-liquide.<\/p>\n<p style=\"text-align: center;\"><strong><u>Un remplissage simplifi\u00e9<\/u><\/strong><\/p>\n<p><img class=\"aligncenter\" src=\"http:\/\/www.joyetech.com\/wp-content\/uploads\/2015\/05\/images\/product\/cubox_cubis2\/ATOPACK_DOLPHIN_08.png\" alt=\"ATOPACK DOLPHIN\" \/><\/p>\n<p style=\"text-align: center;\">D\u00e9sormais avec l&#8217;Atopack Dolphin, le remplissage ne sera que plus simple avec un remplissage sur le c\u00f4t\u00e9. Il vous suffira de soulever la languette en caoutchouc et de remplir directement dans le trou du r\u00e9servoir.<\/p>\n<p>&nbsp;<\/p>\n<p style=\"text-align: center;\"><strong><u>Les r\u00e9sistances JVIC<\/u><\/strong><\/p>\n<p style=\"text-align: center;\">La particularit\u00e9 de ces r\u00e9sistances repose sur leur structure. En effet, la r\u00e9sistance re\u00e7oit le liquide de mani\u00e8re vertical comme le montre la photo ci-dessous et repose sur une base en c\u00e9ramique. Cette forme permet d&#8217;obtenir des nuages de fum\u00e9e encore plus dense et un rendu en bouche encore meilleur.<\/p>\n<p><img loading=\"lazy\" class=\"aligncenter size-full wp-image-4095\" src=\"https:\/\/dscvape.fr\/wp-content\/uploads\/2018\/12\/R\u00e9sistance-syst\u00e8me-JVIC.png\" alt=\"\" width=\"1441\" height=\"989\" \/><\/p>\n<p style=\"text-align: center;\"><u>Niveau de batterie restant<\/u><\/p>\n<p style=\"text-align: center;\">La batterie poss\u00e8de une autonomie de 2100 mAh. Le niveau de batterie restant est indiqu\u00e9 par les leds situ\u00e9s sur la batterie Atopack dolphin:<\/p>\n<table class=\" aligncenter\" style=\"height: 152px;\" width=\"709\">\n<tbody>\n<tr>\n<td style=\"text-align: left;\" width=\"198\">90-100%<\/td>\n<td style=\"text-align: left;\" width=\"435\">5 leds<\/td>\n<\/tr>\n<tr>\n<td width=\"198\">70-89%<\/td>\n<td width=\"435\">4 leds<\/td>\n<\/tr>\n<tr>\n<td width=\"198\">30-69%<\/td>\n<td width=\"435\">3 leds<\/td>\n<\/tr>\n<tr>\n<td width=\"198\">10-29%<\/td>\n<td width=\"435\">2 leds<\/td>\n<\/tr>\n<tr>\n<td style=\"text-align: left;\" width=\"198\">0-9%<\/td>\n<td style=\"text-align: left;\" width=\"435\">1 leds<\/td>\n<\/tr>\n<\/tbody>\n<\/table>\n","protected":false},"excerpt":{"rendered":"<p>Apr\u00e8s le succ\u00e8s du kit Atopack Penguin, Joyetech sort d\u00e9sormais l&#8217;Atopack Dolphin, un design repens\u00e9 et une nouveaut\u00e9: un remplissage am\u00e9lior\u00e9 directement sur le c\u00f4t\u00e9 du pod. Ce kit regroupe en partie les m\u00eames fonctionnalit\u00e9s que l&#8217;Atopack Penguin notamment son syst\u00e8me de pod similaire utilisant les m\u00eames r\u00e9sistances: les JVIC ! Malgr\u00e9 tout, Joyetech propose avec ce kit une nouvelle r\u00e9sistance: la JVIC3 en 1,2 ohm afin de faire de ce kit un appareil \u00e0 tirage modulable en fonction de la r\u00e9sistance utilis\u00e9e. En effet, la r\u00e9sistance en 1,2 ohm va vous permettre d&#8217;obtenir un tirage se rapprochant plut\u00f4t de la cigarette classique alors qu&#8217;une r\u00e9sistance en 0,25 ohm (aussi fournie dans le kit) va vous permettre de passer \u00e0 une vape DL pour des nuages de fum\u00e9e dense. C&#8217;est kit peut donc \u00eatre \u00e0 conseiller \u00e0 diff\u00e9rents profils: un primo-vapoteur recherchant un kit petit et simple d&#8217;utilisation ou un vapoteur plus exp\u00e9riment\u00e9 \u00e0 la recherche d&#8217;un kit compact pour une vape discr\u00e8te au quotidien.<\/p>\n<p>PVC TTC : 29.90\u20ac<\/p>\n<p><a href=\"https:\/\/dscvape.fr\/wp-content\/uploads\/2018\/12\/Joyetech-Atopack-Dolphin-Kit.pdf\">T\u00e9l\u00e9chargez-moi pour une aide tech Atopack Dolphin Kit<\/a><\/p>\n","protected":false},"featured_media":73272,"comment_status":"closed","ping_status":"closed","template":"","meta":[],"marques":[7532],"bundle_layout":"","bundled_by":[],"bundled_items":[],"supplier_id":null,"supplier_sku":"","atum_controlled":true,"out_stock_date":null,"out_stock_threshold":null,"inheritable":false,"inbound_stock":null,"stock_on_hold":null,"sold_today":null,"sales_last_days":null,"reserved_stock":null,"customer_returns":null,"warehouse_damage":null,"lost_in_post":null,"other_logs":null,"out_stock_days":null,"lost_sales":null,"has_location":null,"update_date":null,"atum_locations":[],"atum_stock_status":"instock","low_stock":false,"mi_inventories":[],"multi_inventory":null,"inventory_sorting_mode":null,"inventory_iteration":null,"expirable_inventories":null,"price_per_inventory":null,"_links":{"self":[{"href":"https:\/\/lesaintlaurentvape.com\/en\/wp-json\/wp\/v2\/product\/101312\/"}],"collection":[{"href":"https:\/\/lesaintlaurentvape.com\/en\/wp-json\/wp\/v2\/product\/"}],"about":[{"href":"https:\/\/lesaintlaurentvape.com\/en\/wp-json\/wp\/v2\/types\/product\/"}],"replies":[{"embeddable":true,"href":"https:\/\/lesaintlaurentvape.com\/en\/wp-json\/wp\/v2\/comments\/?post=101312"}],"wp:featuredmedia":[{"embeddable":true,"href":"https:\/\/lesaintlaurentvape.com\/en\/wp-json\/wp\/v2\/media\/73272\/"}],"wp:attachment":[{"href":"https:\/\/lesaintlaurentvape.com\/en\/wp-json\/wp\/v2\/media\/?parent=101312"}],"wp:term":[{"taxonomy":"marques","embeddable":true,"href":"https:\/\/lesaintlaurentvape.com\/en\/wp-json\/wp\/v2\/marques\/?post=101312"}],"curies":[{"name":"wp","href":"https:\/\/api.w.org\/{rel}","templated":true}]}}