{"id":101311,"date":"2018-12-03T17:07:57","date_gmt":"2018-12-03T16:07:57","guid":{"rendered":"https:\/\/lesaintlaurentvape.com\/produit\/joyetech-atopack-penguin-se-kit\/"},"modified":"2020-10-31T20:40:14","modified_gmt":"2020-10-31T19:40:14","slug":"joyetech-atopack-penguin-se-kit","status":"publish","type":"product","link":"https:\/\/lesaintlaurentvape.com\/en\/produit\/joyetech-atopack-penguin-se-kit\/","title":{"rendered":"Joyetech &#8211; Atopack Penguin SE Kit"},"content":{"rendered":"<p><span style=\"color: #ffffff;\">Joyetech Atopack Penguin<\/span><\/p>\n<h2 style=\"text-align: center;\">DESCRIPTION D\u00c9TAILL\u00c9E\u00a0:<\/h2>\n<p><img loading=\"lazy\" class=\"aligncenter size-full wp-image-4243\" src=\"https:\/\/dscvape.fr\/wp-content\/uploads\/2018\/12\/Penguin-SE-d\u00e9tail-joyetech.png\" alt=\"\" width=\"1179\" height=\"792\" \/><\/p>\n<p style=\"text-align: center;\"><strong><u>Un syst\u00e8me de pod<\/u><\/strong><\/p>\n<p style=\"text-align: center;\">Le Penguin SE est un appareil \u00e0 pod, c&#8217;est \u00e0 dire que le clearomiseur est remplac\u00e9 par des pods qui peuvent s&#8217;inter-changer. En effet, il suffit de tirer sur le pod pour le s\u00e9parer de la batterie. Celui-ci s&#8217;utilise avec des r\u00e9sistances JVIC. Pour installer les r\u00e9sistances il suffit d&#8217;embo\u00eeter celui-ci dans le silicone. Ce syst\u00e8me permet de transporter plusieurs pods sur soi avec diff\u00e9rents go\u00fbts d&#8217;e-liquide.<\/p>\n<p><img loading=\"lazy\" class=\"aligncenter size-full wp-image-4094\" src=\"https:\/\/dscvape.fr\/wp-content\/uploads\/2018\/12\/R\u00e9servoir-penguin.png\" alt=\"\" width=\"805\" height=\"670\" \/><\/p>\n<p style=\"text-align: center;\"><strong><u>Les r\u00e9sistances JVIC<\/u><\/strong><\/p>\n<p style=\"text-align: center;\">La particularit\u00e9 de ces r\u00e9sistances repose sur leur structure. En effet, la r\u00e9sistance re\u00e7oit le liquide de mani\u00e8re vertical comme le montre la photo ci-dessous et repose sur une base en c\u00e9ramique. Cette forme permet d&#8217;obtenir des nuages de fum\u00e9e encore plus dense et un rendu en bouche encore meilleur.<\/p>\n<p><img loading=\"lazy\" class=\"aligncenter size-full wp-image-4095\" src=\"https:\/\/dscvape.fr\/wp-content\/uploads\/2018\/12\/R\u00e9sistance-syst\u00e8me-JVIC.png\" alt=\"\" width=\"1441\" height=\"989\" \/><\/p>\n<p style=\"text-align: center;\"><u>Niveau de batterie restant<\/u><\/p>\n<p style=\"text-align: center;\">La batterie poss\u00e8de une autonomie de 2000 mAh pour une exp\u00e9rience de vape toujours plus agr\u00e9able.<br \/>\nLe niveau de batterie restant est indiqu\u00e9 par les leds: <span style=\"color: #ffffff;\">Joyetech Atopack Penguin<\/span><\/p>\n<table class=\" aligncenter\" style=\"height: 134px;\" width=\"644\">\n<tbody>\n<tr>\n<td style=\"text-align: left;\" width=\"198\">90-100%<\/td>\n<td style=\"text-align: left;\" width=\"435\">5 leds<\/td>\n<\/tr>\n<tr>\n<td width=\"198\">70-89%<\/td>\n<td width=\"435\">4 leds<\/td>\n<\/tr>\n<tr>\n<td width=\"198\">30-69%<\/td>\n<td width=\"435\">3 leds<\/td>\n<\/tr>\n<tr>\n<td width=\"198\">10-29%<\/td>\n<td width=\"435\">2 leds<\/td>\n<\/tr>\n<tr>\n<td style=\"text-align: left;\" width=\"198\">0-9%<\/td>\n<td style=\"text-align: left;\" width=\"435\">1 leds<\/td>\n<\/tr>\n<\/tbody>\n<\/table>\n<p>&nbsp;<\/p>\n","protected":false},"excerpt":{"rendered":"<p>Le kit Atopack Penguin SE de la marque Joyetech est un kit DL parfait pour une vape dense au quotidien avec des r\u00e9sistances 0,25 ohm et 0,6 ohm. Son petit format et sa forme qui nous rappelle le manchot, d&#8217;o\u00f9 son nom en anglais &#8220;penguin&#8221;, va vous permettre de la transporter facilement avec vous dans votre sac ou poche. Ce kit est un syst\u00e8me de pod \u00e0 r\u00e9sistance facile \u00e0 utiliser. Il suffit de retirer la r\u00e9sistance du pod pour remplir le r\u00e9servoir d&#8217;une capacit\u00e9 de 8,8 ml ! Cet appareil permet aussi d\u2019inter-changer les pods afin de vaper diff\u00e9rents liquides au court de la journ\u00e9e. Ce kit est donc destin\u00e9 plut\u00f4t aux amateurs de vape sub-ohm mais reste tout de m\u00eame super simple et accessible pour les d\u00e9butants de la vape qui recherchent une vape abondante et non une imitation de la cigarette classique.<\/p>\n<p>&nbsp;<\/p>\n<p>PVC TTC : 34.90\u20ac<\/p>\n<p><a href=\"https:\/\/dscvape.fr\/wp-content\/uploads\/2018\/12\/Joyetech-Atopack-Penguin.pdf\">T\u00e9l\u00e9chargez-moi pour une aide Joyetech Atopack Penguin<\/a><\/p>\n","protected":false},"featured_media":73257,"comment_status":"closed","ping_status":"closed","template":"","meta":[],"marques":[7532],"bundle_layout":"","bundled_by":[],"bundled_items":[],"supplier_id":null,"supplier_sku":"","atum_controlled":true,"out_stock_date":null,"out_stock_threshold":null,"inheritable":false,"inbound_stock":null,"stock_on_hold":null,"sold_today":null,"sales_last_days":null,"reserved_stock":null,"customer_returns":null,"warehouse_damage":null,"lost_in_post":null,"other_logs":null,"out_stock_days":null,"lost_sales":null,"has_location":null,"update_date":null,"atum_locations":[],"atum_stock_status":"instock","low_stock":false,"mi_inventories":[],"multi_inventory":null,"inventory_sorting_mode":null,"inventory_iteration":null,"expirable_inventories":null,"price_per_inventory":null,"_links":{"self":[{"href":"https:\/\/lesaintlaurentvape.com\/en\/wp-json\/wp\/v2\/product\/101311\/"}],"collection":[{"href":"https:\/\/lesaintlaurentvape.com\/en\/wp-json\/wp\/v2\/product\/"}],"about":[{"href":"https:\/\/lesaintlaurentvape.com\/en\/wp-json\/wp\/v2\/types\/product\/"}],"replies":[{"embeddable":true,"href":"https:\/\/lesaintlaurentvape.com\/en\/wp-json\/wp\/v2\/comments\/?post=101311"}],"wp:featuredmedia":[{"embeddable":true,"href":"https:\/\/lesaintlaurentvape.com\/en\/wp-json\/wp\/v2\/media\/73257\/"}],"wp:attachment":[{"href":"https:\/\/lesaintlaurentvape.com\/en\/wp-json\/wp\/v2\/media\/?parent=101311"}],"wp:term":[{"taxonomy":"marques","embeddable":true,"href":"https:\/\/lesaintlaurentvape.com\/en\/wp-json\/wp\/v2\/marques\/?post=101311"}],"curies":[{"name":"wp","href":"https:\/\/api.w.org\/{rel}","templated":true}]}}