{"id":101307,"date":"2018-11-30T16:37:57","date_gmt":"2018-11-30T15:37:57","guid":{"rendered":"https:\/\/lesaintlaurentvape.com\/produit\/vaporesso-cascade-baby-se-tank\/"},"modified":"2020-10-31T20:36:28","modified_gmt":"2020-10-31T19:36:28","slug":"vaporesso-cascade-baby-se-tank","status":"publish","type":"product","link":"https:\/\/lesaintlaurentvape.com\/en\/produit\/vaporesso-cascade-baby-se-tank\/","title":{"rendered":"Vaporesso Cascade Baby SE Tank"},"content":{"rendered":"<p><span style=\"color: #ffffff;\">Vaporesso Cascade Baby Vaporesso Cascade Baby<\/span><\/p>\n<h2 style=\"text-align: center;\"><b>DESCRIPTION D\u00c9TAILL\u00c9E\u00a0:<\/b><\/h2>\n<p><img loading=\"lazy\" class=\"aligncenter size-full wp-image-4242\" src=\"https:\/\/dscvape.fr\/wp-content\/uploads\/2018\/11\/Cascade-Baby-D\u00e9tail-vapo.png\" alt=\"\" width=\"1000\" height=\"458\" \/><\/p>\n<p style=\"text-align: center;\"><strong><u>Cascade Baby Tank<\/u><\/strong><\/p>\n<p style=\"text-align: center;\">Cascade baby est un tank innovant \u00e0 commencer par sa structure.<\/p>\n<p style=\"text-align: center;\">En effet, elle s\u00e9pare le r\u00e9servoir du liquide d\u2019un cot\u00e9 et la r\u00e9sistance de l\u2019autre, entre eux est pr\u00e9sent un composant permettant l\u2019isolation. Cette nouveaut\u00e9 permettrait d\u2019am\u00e9liorer encore plus la retranscription des saveurs, \u00e9viter le dry-hit et augmenter la long\u00e9vit\u00e9 des r\u00e9sistances. Il poss\u00e8de \u00e9galement un airflow r\u00e9glable en triangle, pour plus d\u2019efficacit\u00e9.<\/p>\n<p><img loading=\"lazy\" class=\"size-medium wp-image-3060 aligncenter\" src=\"https:\/\/dscvape.fr\/wp-content\/uploads\/2018\/11\/Airflow-1-300x289.png\" alt=\"\" width=\"300\" height=\"289\" \/><\/p>\n<p style=\"text-align: center;\"><strong><u>S\u00e9curit\u00e9 enfant renforc\u00e9e<\/u><\/strong><\/p>\n<p style=\"text-align: center;\">Soulevez dans un premier temps le top cap et faites le coulissez pour acc\u00e9der au r\u00e9servoir. Aussi ce clearomiseur est pourvu d\u2019une s\u00e9curit\u00e9 suppl\u00e9mentaire, \u00e9vitant donc les fuites et les ouvertures accidentelles.<\/p>\n<p><img loading=\"lazy\" class=\"aligncenter wp-image-4036\" src=\"https:\/\/dscvape.fr\/wp-content\/uploads\/2018\/11\/safety-lock.png\" alt=\"\" width=\"892\" height=\"437\" \/><\/p>\n<p style=\"text-align: center;\"><strong><u>Remplissage\u00a0: Simple et pratique<\/u><\/strong><\/p>\n<p><img loading=\"lazy\" class=\"aligncenter wp-image-3728\" src=\"https:\/\/dscvape.fr\/wp-content\/uploads\/2018\/11\/Remplissage-tank-armour-pro.png\" alt=\"\" width=\"1045\" height=\"473\" \/><\/p>\n<p>&nbsp;<\/p>\n<p style=\"text-align: center;\"><strong><u>R\u00e9sistance GT Meshed coil<\/u><\/strong><\/p>\n<p style=\"text-align: center;\">Le tank utilise les r\u00e9sistances GT Meshed coil de chez Vaporesso.<\/p>\n<p><img loading=\"lazy\" class=\"aligncenter size-full wp-image-3733\" src=\"https:\/\/dscvape.fr\/wp-content\/uploads\/2018\/11\/GT-CoreCOIL.png\" alt=\"\" width=\"1602\" height=\"501\" \/><\/p>\n","protected":false},"excerpt":{"rendered":"<p>Le clearomiseur\u00a0Cascade Baby SE est propos\u00e9 par la marque Vaporesso. Ce clearomiseur est un clearomiseur d\u00e9di\u00e9 \u00e0 la vape en sub-ohm et utilise notamment les r\u00e9sistances GT core coil, ce qui garantie une vape intense et une reproduction de saveur au top. Dot\u00e9 d&#8217;une s\u00e9curit\u00e9 enfant renforc\u00e9e, ce clearomiseur vous \u00e9vitera des ouvertures accidentelles dans le sac. Le flux d&#8217;air est modulable avec une triple ouverture pour une exp\u00e9rience de vape inoubliable.<\/p>\n","protected":false},"featured_media":73207,"comment_status":"closed","ping_status":"closed","template":"","meta":[],"marques":[7545],"bundle_layout":"","bundled_by":[],"bundled_items":[],"supplier_id":null,"supplier_sku":"","atum_controlled":true,"out_stock_date":null,"out_stock_threshold":null,"inheritable":false,"inbound_stock":null,"stock_on_hold":null,"sold_today":null,"sales_last_days":null,"reserved_stock":null,"customer_returns":null,"warehouse_damage":null,"lost_in_post":null,"other_logs":null,"out_stock_days":null,"lost_sales":null,"has_location":null,"update_date":null,"atum_locations":[],"atum_stock_status":"instock","low_stock":false,"mi_inventories":[],"multi_inventory":null,"inventory_sorting_mode":null,"inventory_iteration":null,"expirable_inventories":null,"price_per_inventory":null,"_links":{"self":[{"href":"https:\/\/lesaintlaurentvape.com\/en\/wp-json\/wp\/v2\/product\/101307\/"}],"collection":[{"href":"https:\/\/lesaintlaurentvape.com\/en\/wp-json\/wp\/v2\/product\/"}],"about":[{"href":"https:\/\/lesaintlaurentvape.com\/en\/wp-json\/wp\/v2\/types\/product\/"}],"replies":[{"embeddable":true,"href":"https:\/\/lesaintlaurentvape.com\/en\/wp-json\/wp\/v2\/comments\/?post=101307"}],"wp:featuredmedia":[{"embeddable":true,"href":"https:\/\/lesaintlaurentvape.com\/en\/wp-json\/wp\/v2\/media\/73207\/"}],"wp:attachment":[{"href":"https:\/\/lesaintlaurentvape.com\/en\/wp-json\/wp\/v2\/media\/?parent=101307"}],"wp:term":[{"taxonomy":"marques","embeddable":true,"href":"https:\/\/lesaintlaurentvape.com\/en\/wp-json\/wp\/v2\/marques\/?post=101307"}],"curies":[{"name":"wp","href":"https:\/\/api.w.org\/{rel}","templated":true}]}}