{"id":101284,"date":"2018-11-30T15:24:15","date_gmt":"2018-11-30T14:24:15","guid":{"rendered":"https:\/\/lesaintlaurentvape.com\/produit\/vaporesso-resistance-euc-clapton\/"},"modified":"2020-10-31T20:34:08","modified_gmt":"2020-10-31T19:34:08","slug":"vaporesso-resistance-euc-clapton","status":"publish","type":"product","link":"https:\/\/lesaintlaurentvape.com\/en\/produit\/vaporesso-resistance-euc-clapton\/","title":{"rendered":"Vaporesso R\u00e9sistance EUC Clapton"},"content":{"rendered":"<p><span style=\"color: #333333;\"><span style=\"color: #ffffff;\">Vaporesso R\u00e9sistance EUC.<\/span><br \/>\nLa marque Vaporesso vous pr\u00e9sente ses r\u00e9sistances EUC Clapton qui sont \u00e9galement compatible avec plusieurs atomiseurs de la marque.<br \/>\n<\/span><\/p>\n<h3 style=\"text-align: center;\">EUC Clapton 0,2 ohm<\/h3>\n<table>\n<tbody>\n<tr>\n<td width=\"302\">Valeur (ohm)<\/td>\n<td width=\"303\">0,2 ohm<\/td>\n<\/tr>\n<tr>\n<td width=\"302\">Mat\u00e9riel<\/td>\n<td width=\"303\">Traditionnel<\/td>\n<\/tr>\n<tr>\n<td width=\"302\">Utilisation optimale<\/td>\n<td width=\"303\">50-70 W<\/td>\n<\/tr>\n<tr>\n<td width=\"302\">Type d\u2019inhalation<\/td>\n<td width=\"303\">Directe<\/td>\n<\/tr>\n<\/tbody>\n<\/table>\n<h3 style=\"text-align: center;\">EUC Clapton 0,3 ohm<\/h3>\n<table>\n<tbody>\n<tr>\n<td width=\"302\">Valeur (ohm)<\/td>\n<td width=\"303\">0,3 ohm<\/td>\n<\/tr>\n<tr>\n<td width=\"302\">Mat\u00e9riel<\/td>\n<td width=\"303\">Traditionnel<\/td>\n<\/tr>\n<tr>\n<td width=\"302\">Utilisation optimale<\/td>\n<td width=\"303\">35-40 W<\/td>\n<\/tr>\n<tr>\n<td width=\"302\">Type d\u2019inhalation<\/td>\n<td width=\"303\">Directe<\/td>\n<\/tr>\n<\/tbody>\n<\/table>\n<h3 style=\"text-align: center;\">EUC Clapton 0,4 ohm<\/h3>\n<table>\n<tbody>\n<tr>\n<td width=\"302\">Valeur (ohm)<\/td>\n<td width=\"303\">0,4 ohm<\/td>\n<\/tr>\n<tr>\n<td width=\"302\">Mat\u00e9riel<\/td>\n<td width=\"303\">Traditionnel<\/td>\n<\/tr>\n<tr>\n<td width=\"302\">Utilisation optimale<\/td>\n<td width=\"303\">40-50 W<\/td>\n<\/tr>\n<tr>\n<td width=\"302\">Type d\u2019inhalation<\/td>\n<td width=\"303\">Directe<\/td>\n<\/tr>\n<\/tbody>\n<\/table>\n<h3 style=\"text-align: center;\">EUC Clapton 0,5 ohm<\/h3>\n<table>\n<tbody>\n<tr>\n<td width=\"302\">Valeur (ohm)<\/td>\n<td width=\"303\">0,5 ohm<\/td>\n<\/tr>\n<tr>\n<td width=\"302\">Mat\u00e9riel<\/td>\n<td width=\"303\">Traditionnel<\/td>\n<\/tr>\n<tr>\n<td width=\"302\">Utilisation optimale<\/td>\n<td width=\"303\">35-40 W<\/td>\n<\/tr>\n<tr>\n<td width=\"302\">Type d\u2019inhalation<\/td>\n<td width=\"303\">Directe<\/td>\n<\/tr>\n<\/tbody>\n<\/table>\n<h3 style=\"text-align: center;\">EUC Ceramique SS316L 0,3 ohm<\/h3>\n<table>\n<tbody>\n<tr>\n<td width=\"302\">Valeur (ohm)<\/td>\n<td width=\"303\">0,3 ohm<\/td>\n<\/tr>\n<tr>\n<td width=\"302\">Mat\u00e9riel<\/td>\n<td width=\"303\">C\u00e9ramique<\/td>\n<\/tr>\n<tr>\n<td width=\"302\">Utilisation optimale<\/td>\n<td width=\"303\">35-40 W<\/td>\n<\/tr>\n<tr>\n<td width=\"302\">Type d\u2019inhalation<\/td>\n<td width=\"303\">Directe<\/td>\n<\/tr>\n<\/tbody>\n<\/table>\n<p class=\"p1\"><span class=\"s1\" style=\"color: #ffffff;\"><a style=\"color: #ffffff;\" href=\"https:\/\/dscvape.fr\/product-brands\/vaporesso\/\">Voir tous les produits Vaporesso sur le site<\/a><\/span><\/p>\n<p class=\"p1\"><span class=\"s1\" style=\"color: #ffffff;\"><a style=\"color: #ffffff;\" href=\"https:\/\/www.vaporesso.com\/\">Voir le site du fournisseur<\/a><\/span><\/p>\n<p><span style=\"color: #ffffff;\">Aussi vous trouverez \u00e7a et puis \u00e7a.\u00a0<\/span><\/p>\n","protected":false},"excerpt":{"rendered":"<p>R\u00e9sistances EUC Clapton de la marque Vaporesso vendues par bo\u00eete de 5 pi\u00e8ces. Ces r\u00e9sistances sont compatibles avec plusieurs atomiseurs de la marque dont:<\/p>\n<ul>\n<li>Attitude Tank<\/li>\n<li>Drizzle Tank<\/li>\n<li>Estoc Tank<\/li>\n<li>VECO Tank<\/li>\n<li>VECO Plus Tank<\/li>\n<li>Vm Tank<\/li>\n<\/ul>\n","protected":false},"featured_media":73160,"comment_status":"closed","ping_status":"closed","template":"","meta":[],"marques":[7545],"bundle_layout":"","bundled_by":[],"bundled_items":[],"supplier_id":null,"supplier_sku":"","atum_controlled":true,"out_stock_date":null,"out_stock_threshold":null,"inheritable":false,"inbound_stock":null,"stock_on_hold":null,"sold_today":null,"sales_last_days":null,"reserved_stock":null,"customer_returns":null,"warehouse_damage":null,"lost_in_post":null,"other_logs":null,"out_stock_days":null,"lost_sales":null,"has_location":null,"update_date":null,"atum_locations":[],"atum_stock_status":"instock","low_stock":false,"mi_inventories":[],"multi_inventory":null,"inventory_sorting_mode":null,"inventory_iteration":null,"expirable_inventories":null,"price_per_inventory":null,"_links":{"self":[{"href":"https:\/\/lesaintlaurentvape.com\/en\/wp-json\/wp\/v2\/product\/101284\/"}],"collection":[{"href":"https:\/\/lesaintlaurentvape.com\/en\/wp-json\/wp\/v2\/product\/"}],"about":[{"href":"https:\/\/lesaintlaurentvape.com\/en\/wp-json\/wp\/v2\/types\/product\/"}],"replies":[{"embeddable":true,"href":"https:\/\/lesaintlaurentvape.com\/en\/wp-json\/wp\/v2\/comments\/?post=101284"}],"wp:featuredmedia":[{"embeddable":true,"href":"https:\/\/lesaintlaurentvape.com\/en\/wp-json\/wp\/v2\/media\/73160\/"}],"wp:attachment":[{"href":"https:\/\/lesaintlaurentvape.com\/en\/wp-json\/wp\/v2\/media\/?parent=101284"}],"wp:term":[{"taxonomy":"marques","embeddable":true,"href":"https:\/\/lesaintlaurentvape.com\/en\/wp-json\/wp\/v2\/marques\/?post=101284"}],"curies":[{"name":"wp","href":"https:\/\/api.w.org\/{rel}","templated":true}]}}